{"id":329,"date":"2020-06-09T11:06:24","date_gmt":"2020-06-09T11:06:24","guid":{"rendered":"https:\/\/alpha-dev.co.uk\/?page_id=329"},"modified":"2023-08-04T11:33:45","modified_gmt":"2023-08-04T11:33:45","slug":"take-action","status":"publish","type":"page","link":"https:\/\/lifeplatform.eu\/ro\/take-action\/","title":{"rendered":"Ac\u021biona\u021bi"},"content":{"rendered":"<!--themify_builder_content-->\n<div id=\"themify_builder_content-329\" data-postid=\"329\" class=\"themify_builder_content themify_builder_content-329 themify_builder tf_clear\">\n                    <div  data-lazy=\"1\" class=\"module_row themify_builder_row tb_7819114 tb_first tf_w\">\n            <span  class=\"builder_row_cover tf_abs\" data-lazy=\"1\"><\/span>            <span class=\"tf_hide row-slider tb_slider tf_abs\" data-bgmode=\"fullcover\" data-sliderspeed=\"2000\">\n                <span class=\"tf_abs row-slider-slides tf_w tf_hidden tf_clearfix\">\n                                <span data-bg=\"https:\/\/lifeplatform.eu\/wp-content\/uploads\/2022\/03\/iStock-694478048_web-size.jpg\">\n                        <a href=\"javascript:;\" rel=\"nofollow\" class=\"row-slider-dot\" data-index=\"0\"><span class=\"screen-reader-text\">-<\/span><\/a>\n                    <\/span>\n                                <\/span>\n                <span class=\"row-slider-nav tf_abs_t tf_w\">\n                    <a href=\"javascript:;\" rel=\"nofollow\" class=\"row-slider-arrow row-slider-prev tf_hidden tf_abs_t\"><span class=\"screen-reader-text\">\u2190<\/span><\/a>\n                    <a href=\"javascript:;\" rel=\"nofollow\" class=\"row-slider-arrow row-slider-next tf_hidden tf_abs_t\"><span class=\"screen-reader-text\">\u2192<\/span><\/a>\n                <\/span>\n            <\/span>\n            <span class=\"tb_row_frame_wrap tf_overflow tf_abs\" data-lazy=\"1\"><span class=\"tb_row_frame tb_row_frame_top  tf_abs tf_hide tf_overflow tf_w\"><\/span><span class=\"tb_row_frame tb_row_frame_bottom  tf_abs tf_hide tf_overflow tf_w\"><\/span><\/span>            <div class=\"row_inner col_align_top tb_col_count_1 tf_box tf_rel\">\n                        <div  data-lazy=\"1\" class=\"module_column tb-column col-full tb_7j7b114 first\">\n                            <div  data-lazy=\"1\" class=\"module_subrow themify_builder_sub_row tf_w col_align_top tb_col_count_3 tb_tp2g114\">\n                <div  data-lazy=\"1\" class=\"module_column sub_column col3-1 tb_a0t9115 first\">\n                            <\/div>\n                    <div  data-lazy=\"1\" class=\"module_column sub_column col3-1 tb_gsz5115\">\n                            <\/div>\n                    <div  data-lazy=\"1\" class=\"module_column sub_column col3-1 tb_mvm3115 last\">\n                            <\/div>\n                    <\/div>\n                <\/div>\n                        <\/div>\n        <\/div>\n                        <div  data-lazy=\"1\" class=\"module_row themify_builder_row tb_bb7q470 tf_w\">\n                        <div class=\"row_inner col_align_top tb_col_count_1 tf_box tf_rel\">\n                        <div  data-lazy=\"1\" class=\"module_column tb-column col-full tb_jqdu472 first\">\n                            <\/div>\n                        <\/div>\n        <\/div>\n                        <div  data-lazy=\"1\" class=\"module_row themify_builder_row tb_mnwf110 tf_w\">\n                        <div class=\"row_inner col_align_top tb_col_count_2 tf_box tf_rel\">\n                        <div  data-lazy=\"1\" class=\"module_column tb-column col4-2 tb_veya112 first\">\n                    <!-- module text -->\n<div  class=\"module module-text tb_d2w8759  repeat\" data-lazy=\"1\">\n        <div  class=\"tb_text_wrap\">\n        <h2>Face\u021bi o dona\u021bie<\/h2>    <\/div>\n<\/div>\n<!-- \/module text -->        <\/div>\n                    <div  data-lazy=\"1\" class=\"module_column tb-column col4-2 tb_ea7q184 last\">\n                            <\/div>\n                        <\/div>\n        <\/div>\n                        <div  data-lazy=\"1\" class=\"module_row themify_builder_row tb_3a6l389 tf_w\">\n                        <div class=\"row_inner col_align_top tb_col_count_1 tf_box tf_rel\">\n                        <div  data-lazy=\"1\" class=\"module_column tb-column col-full tb_bzo7390 first\">\n                    <!-- module plain text -->\n<div  class=\"module module-plain-text tb_ulrj235\" data-lazy=\"1\">\n        <div class=\"tb_text_wrap\">\n    <div class=\"give-embed-form-wrapper\" id=\"give-69dd2d3cef6c6\"><iframe\n\t\t\t\tname=\"give-embed-form\"\n\t\t\t\tsrc=\"https:\/\/lifeplatform.eu\/ro\/give\/19884?giveDonationFormInIframe=1\"\n\t\t\t\t\n\t\t\t\tdata-autoscroll=\"0\"\n\t\t\t\tonload=\"if( 'undefined' !== typeof Give ) { Give.initializeIframeResize(this) }\"\n\t\t\t\tstyle=\"border: 0;visibility: hidden;min-height: 598px;\"><\/iframe><div class=\"iframe-loader\">\n<div style=\"\t\theight: calc(100% - 28px);\t\twidth: calc(100% - 20px);\t\tmax-width: 552px;\t\tmargin: 10px auto 10px auto;\t\tbackground: transparent;\t\tborder-radius: 6px;\t\tdisplay: flex;\t\talign-items: center;\t\tjustify-content: center;\t\">\n    <div style=\"        pointer-events: none;        height: 90px;        width: 90px;        background-image: url(&quot;data:image\/svg+xml;charset=utf8,%3C?xml version='1.0' encoding='utf-8'?%3E%3C!-- Generator: Adobe Illustrator 24.1.0, SVG Export Plug-In . SVG Version: 6.00 Build 0) --%3E%3Csvg version='1.1' id='Layer_1' xmlns='http:\/\/www.w3.org\/2000\/svg' xmlns:xlink='http:\/\/www.w3.org\/1999\/xlink' x='0px' y='0px' viewBox='0 0 349 348' style='enable-background:new 0 0 349 348;' xml:space='preserve'%3E%3Cstyle type='text\/css'%3E .st0{fill:%232cc2e0;} %3C\/style%3E%3Cpath class='st0' d='M25.1,204.57c-13.38,0-24.47-10.6-24.97-24.08C0.04,178.09,0,175.97,0,174C0,77.78,78.28-0.5,174.5-0.5 c13.81,0,25,11.19,25,25s-11.19,25-25,25C105.85,49.5,50,105.35,50,174c0,1.37,0.03,2.85,0.1,4.65c0.51,13.8-10.27,25.39-24.07,25.9 C25.72,204.56,25.41,204.57,25.1,204.57z'\/%3E%3Cpath class='st0' d='M174.5,348.5c-13.81,0-25-11.19-25-25c0-13.81,11.19-25,25-25c68.65,0,124.5-55.85,124.5-124.5 c0-1.38-0.03-2.85-0.1-4.65c-0.51-13.8,10.26-25.4,24.06-25.91c13.83-0.53,25.4,10.26,25.91,24.06c0.09,2.39,0.13,4.51,0.13,6.49 C349,270.22,270.72,348.5,174.5,348.5z'\/%3E%3C\/svg%3E&quot;);        animation: spin 0.6s linear infinite;        \"><\/div>\n<\/div>\n<\/div><\/div>    <\/div>\n<\/div>\n<!-- \/module plain text -->        <\/div>\n                        <\/div>\n        <\/div>\n                        <div  data-lazy=\"1\" class=\"module_row themify_builder_row tb_e2rw293 tf_w\">\n                        <div class=\"row_inner col_align_top tb_col_count_1 tf_box tf_rel\">\n                        <div  data-lazy=\"1\" class=\"module_column tb-column col-full tb_qwcd295 first\">\n                    <!-- module text -->\n<div  class=\"module module-text tb_wncm860  repeat\" data-lazy=\"1\">\n        <div  class=\"tb_text_wrap\">\n        <h2>Alte modalit\u0103\u021bi de a contribui financiar\u00a0<\/h2>    <\/div>\n<\/div>\n<!-- \/module text -->        <\/div>\n                        <\/div>\n        <\/div>\n                        <div  data-lazy=\"1\" class=\"module_row themify_builder_row tb_ozi7713 tf_w\">\n                        <div class=\"row_inner col_align_top tb_col_count_1 tf_box tf_rel\">\n                        <div  data-lazy=\"1\" class=\"module_column tb-column col-full tb_9rkm715 first\">\n                    <!-- module text -->\n<div  class=\"module module-text tb_7649891\" data-lazy=\"1\">\n        <div  class=\"tb_text_wrap\">\n        <p style=\"text-align: center;\"><span style=\"font-weight: 400;\">Dac\u0103 dori\u021bi s\u0103 afla\u021bi mai multe despre alte modalit\u0103\u021bi de a dona, inclusiv mo\u0219teniri, granturi de la <\/span><span style=\"font-weight: 400;\">filantropic<\/span><span style=\"font-weight: 400;\"> funda\u021bii, etc, nu ezita\u021bi s\u0103 ne contacta\u021bi la\u00a0<\/span><span style=\"background-color: initial;\"><b>executive.secretary@lifeplatform.eu<\/b><\/span><span style=\"background-color: initial;\">. Suntem siguri c\u0103 vom g\u0103si calea de a ne atinge obiectivele comune!<\/span><\/p>    <\/div>\n<\/div>\n<!-- \/module text -->        <\/div>\n                        <\/div>\n        <\/div>\n        <\/div>\n<!--\/themify_builder_content-->","protected":false},"excerpt":{"rendered":"<p>Face\u021bi o dona\u021bie Face\u021bi o dona\u021bie Munca noastr\u0103 face auzite vocile pescarilor cu impact redus \u0219i \u00eei sprijin\u0103 \u00een vederea protej\u0103rii m\u0103rilor noastre europene. Sprijinindu-ne, investi\u021bi \u00eentr-un viitor durabil pentru comunit\u0103\u021bile de pescari, sistemele noastre alimentare \u0219i m\u0103rile noastre.  Ajuta\u021bi la consolidarea capacit\u0103\u021bii pescarilor de mici dimensiuni ca agen\u021bi ai schimb\u0103rii. [...]<\/p>","protected":false},"author":1,"featured_media":0,"parent":0,"menu_order":0,"comment_status":"closed","ping_status":"closed","template":"","meta":{"give_campaign_id":0,"footnotes":""},"class_list":["post-329","page","type-page","status-publish","hentry","has-post-title","has-post-date","has-post-category","has-post-tag","has-post-comment","has-post-author",""],"yoast_head":"<!-- This site is optimized with the Yoast SEO plugin v26.6 - https:\/\/yoast.com\/wordpress\/plugins\/seo\/ -->\n<title>Take Action - Life Platform<\/title>\n<meta name=\"robots\" content=\"index, follow, max-snippet:-1, max-image-preview:large, max-video-preview:-1\" \/>\n<link rel=\"canonical\" href=\"https:\/\/lifeplatform.eu\/ro\/take-action\/\" \/>\n<meta property=\"og:locale\" content=\"ro_RO\" \/>\n<meta property=\"og:type\" content=\"article\" \/>\n<meta property=\"og:title\" content=\"Take Action - Life Platform\" \/>\n<meta property=\"og:description\" content=\"Make a donation Make a donation Our work gets the voices of low impact fishers heard and supports them to protect our European seas. By supporting us, you\u2019re investing in a sustainable future for fishing communities, our food systems and our seas.\u00a0 You\u2019re helping to build the capacity of small-scale fishers as agents of change. [&hellip;]\" \/>\n<meta property=\"og:url\" content=\"https:\/\/lifeplatform.eu\/ro\/take-action\/\" \/>\n<meta property=\"og:site_name\" content=\"Life Platform\" \/>\n<meta property=\"article:publisher\" content=\"https:\/\/www.facebook.com\/Low-Impact-Fishers-of-Europe-166393173503352\/?ref=hl\" \/>\n<meta property=\"article:modified_time\" content=\"2023-08-04T11:33:45+00:00\" \/>\n<meta property=\"og:image\" content=\"https:\/\/www.paypal.com\/en_BE\/i\/scr\/pixel.gif\" \/>\n<meta name=\"twitter:card\" content=\"summary_large_image\" \/>\n<meta name=\"twitter:site\" content=\"@LIFEplatformEU\" \/>\n<meta name=\"twitter:label1\" content=\"Timp estimat pentru citire\" \/>\n\t<meta name=\"twitter:data1\" content=\"2 minutes\" \/>\n<script type=\"application\/ld+json\" class=\"yoast-schema-graph\">{\"@context\":\"https:\/\/schema.org\",\"@graph\":[{\"@type\":\"WebPage\",\"@id\":\"https:\/\/lifeplatform.eu\/take-action\/\",\"url\":\"https:\/\/lifeplatform.eu\/take-action\/\",\"name\":\"Take Action - Life Platform\",\"isPartOf\":{\"@id\":\"https:\/\/lifeplatform.eu\/ro\/#website\"},\"primaryImageOfPage\":{\"@id\":\"https:\/\/lifeplatform.eu\/take-action\/#primaryimage\"},\"image\":{\"@id\":\"https:\/\/lifeplatform.eu\/take-action\/#primaryimage\"},\"thumbnailUrl\":\"https:\/\/www.paypal.com\/en_BE\/i\/scr\/pixel.gif\",\"datePublished\":\"2020-06-09T11:06:24+00:00\",\"dateModified\":\"2023-08-04T11:33:45+00:00\",\"breadcrumb\":{\"@id\":\"https:\/\/lifeplatform.eu\/take-action\/#breadcrumb\"},\"inLanguage\":\"ro-RO\",\"potentialAction\":[{\"@type\":\"ReadAction\",\"target\":[\"https:\/\/lifeplatform.eu\/take-action\/\"]}]},{\"@type\":\"ImageObject\",\"inLanguage\":\"ro-RO\",\"@id\":\"https:\/\/lifeplatform.eu\/take-action\/#primaryimage\",\"url\":\"https:\/\/www.paypal.com\/en_BE\/i\/scr\/pixel.gif\",\"contentUrl\":\"https:\/\/www.paypal.com\/en_BE\/i\/scr\/pixel.gif\"},{\"@type\":\"BreadcrumbList\",\"@id\":\"https:\/\/lifeplatform.eu\/take-action\/#breadcrumb\",\"itemListElement\":[{\"@type\":\"ListItem\",\"position\":1,\"name\":\"Home\",\"item\":\"https:\/\/lifeplatform.eu\/\"},{\"@type\":\"ListItem\",\"position\":2,\"name\":\"Take Action\"}]},{\"@type\":\"WebSite\",\"@id\":\"https:\/\/lifeplatform.eu\/ro\/#website\",\"url\":\"https:\/\/lifeplatform.eu\/ro\/\",\"name\":\"Life Platform\",\"description\":\"\",\"potentialAction\":[{\"@type\":\"SearchAction\",\"target\":{\"@type\":\"EntryPoint\",\"urlTemplate\":\"https:\/\/lifeplatform.eu\/ro\/?s={search_term_string}\"},\"query-input\":{\"@type\":\"PropertyValueSpecification\",\"valueRequired\":true,\"valueName\":\"search_term_string\"}}],\"inLanguage\":\"ro-RO\"}]}<\/script>\n<!-- \/ Yoast SEO plugin. -->","yoast_head_json":{"title":"Lua\u021bi m\u0103suri - Platforma de via\u021b\u0103","robots":{"index":"index","follow":"follow","max-snippet":"max-snippet:-1","max-image-preview":"max-image-preview:large","max-video-preview":"max-video-preview:-1"},"canonical":"https:\/\/lifeplatform.eu\/ro\/take-action\/","og_locale":"ro_RO","og_type":"article","og_title":"Take Action - Life Platform","og_description":"Make a donation Make a donation Our work gets the voices of low impact fishers heard and supports them to protect our European seas. By supporting us, you\u2019re investing in a sustainable future for fishing communities, our food systems and our seas.\u00a0 You\u2019re helping to build the capacity of small-scale fishers as agents of change. [&hellip;]","og_url":"https:\/\/lifeplatform.eu\/ro\/take-action\/","og_site_name":"Life Platform","article_publisher":"https:\/\/www.facebook.com\/Low-Impact-Fishers-of-Europe-166393173503352\/?ref=hl","article_modified_time":"2023-08-04T11:33:45+00:00","og_image":[{"url":"https:\/\/www.paypal.com\/en_BE\/i\/scr\/pixel.gif","type":"","width":"","height":""}],"twitter_card":"summary_large_image","twitter_site":"@LIFEplatformEU","twitter_misc":{"Timp estimat pentru citire":"2 minutes"},"schema":{"@context":"https:\/\/schema.org","@graph":[{"@type":"WebPage","@id":"https:\/\/lifeplatform.eu\/take-action\/","url":"https:\/\/lifeplatform.eu\/take-action\/","name":"Lua\u021bi m\u0103suri - Platforma de via\u021b\u0103","isPartOf":{"@id":"https:\/\/lifeplatform.eu\/ro\/#website"},"primaryImageOfPage":{"@id":"https:\/\/lifeplatform.eu\/take-action\/#primaryimage"},"image":{"@id":"https:\/\/lifeplatform.eu\/take-action\/#primaryimage"},"thumbnailUrl":"https:\/\/www.paypal.com\/en_BE\/i\/scr\/pixel.gif","datePublished":"2020-06-09T11:06:24+00:00","dateModified":"2023-08-04T11:33:45+00:00","breadcrumb":{"@id":"https:\/\/lifeplatform.eu\/take-action\/#breadcrumb"},"inLanguage":"ro-RO","potentialAction":[{"@type":"ReadAction","target":["https:\/\/lifeplatform.eu\/take-action\/"]}]},{"@type":"ImageObject","inLanguage":"ro-RO","@id":"https:\/\/lifeplatform.eu\/take-action\/#primaryimage","url":"https:\/\/www.paypal.com\/en_BE\/i\/scr\/pixel.gif","contentUrl":"https:\/\/www.paypal.com\/en_BE\/i\/scr\/pixel.gif"},{"@type":"BreadcrumbList","@id":"https:\/\/lifeplatform.eu\/take-action\/#breadcrumb","itemListElement":[{"@type":"ListItem","position":1,"name":"Home","item":"https:\/\/lifeplatform.eu\/"},{"@type":"ListItem","position":2,"name":"Take Action"}]},{"@type":"WebSite","@id":"https:\/\/lifeplatform.eu\/ro\/#website","url":"https:\/\/lifeplatform.eu\/ro\/","name":"Platforma de via\u021b\u0103","description":"","potentialAction":[{"@type":"SearchAction","target":{"@type":"EntryPoint","urlTemplate":"https:\/\/lifeplatform.eu\/ro\/?s={search_term_string}"},"query-input":{"@type":"PropertyValueSpecification","valueRequired":true,"valueName":"search_term_string"}}],"inLanguage":"ro-RO"}]}},"campaignId":"","_links":{"self":[{"href":"https:\/\/lifeplatform.eu\/ro\/wp-json\/wp\/v2\/pages\/329","targetHints":{"allow":["GET"]}}],"collection":[{"href":"https:\/\/lifeplatform.eu\/ro\/wp-json\/wp\/v2\/pages"}],"about":[{"href":"https:\/\/lifeplatform.eu\/ro\/wp-json\/wp\/v2\/types\/page"}],"author":[{"embeddable":true,"href":"https:\/\/lifeplatform.eu\/ro\/wp-json\/wp\/v2\/users\/1"}],"replies":[{"embeddable":true,"href":"https:\/\/lifeplatform.eu\/ro\/wp-json\/wp\/v2\/comments?post=329"}],"version-history":[{"count":14,"href":"https:\/\/lifeplatform.eu\/ro\/wp-json\/wp\/v2\/pages\/329\/revisions"}],"predecessor-version":[{"id":20177,"href":"https:\/\/lifeplatform.eu\/ro\/wp-json\/wp\/v2\/pages\/329\/revisions\/20177"}],"wp:attachment":[{"href":"https:\/\/lifeplatform.eu\/ro\/wp-json\/wp\/v2\/media?parent=329"}],"curies":[{"name":"wp","href":"https:\/\/api.w.org\/{rel}","templated":true}]}}