{"id":19600,"date":"2022-03-11T16:28:53","date_gmt":"2022-03-11T16:28:53","guid":{"rendered":"https:\/\/lifeplatform.eu\/?page_id=19600"},"modified":"2023-08-28T10:48:39","modified_gmt":"2023-08-28T10:48:39","slug":"fishers-voices","status":"publish","type":"page","link":"https:\/\/lifeplatform.eu\/ro\/fishers-voices\/","title":{"rendered":"Vocile pescarilor"},"content":{"rendered":"<!--themify_builder_content-->\n<div id=\"themify_builder_content-19600\" data-postid=\"19600\" class=\"themify_builder_content themify_builder_content-19600 themify_builder tf_clear\">\n                    <div  data-lazy=\"1\" class=\"module_row themify_builder_row tb_57ib103 tb_first tf_w\">\n                        <div class=\"row_inner col_align_top tb_col_count_1 tf_box tf_rel\">\n                        <div  data-lazy=\"1\" class=\"module_column tb-column col-full tb_rp4x104 first\">\n                    <!-- module plain text -->\n<div  class=\"module module-plain-text tb_7mjy29\" data-lazy=\"1\">\n        <div class=\"tb_text_wrap\">\n    Membrii LIFE sunt la fel de diferi\u021bi ca \u0219i pe\u0219tii din ocean. Ace\u0219tia provin din \u00eentreaga Europ\u0103 \u0219i reprezint\u0103 ra\u021biunea de a fi a LIFE \u0219i vocea LIFE. Iat\u0103 mai jos c\u00e2teva dintre mesajele pe care ace\u0219tia au de \u00eemp\u0103rt\u0103\u0219it.\n\n\n\n\n\n\n\n\n    <\/div>\n<\/div>\n<!-- \/module plain text --><!-- module video -->\n<div  class=\"module module-video tb_ex4g820 video-overlay\" data-lazy=\"1\">\n                    <div class=\"video-wrap-outer\">\n            <div class=\"video-wrap tf_rel tf_overflow\">\n                                    <noscript><iframe data-no-script src=\"https:\/\/www.youtube.com\/embed\/Lfqjy04YfWU?pip=1&#038;playsinline=1&#038;t=921s\" allow=\"accelerometer;encrypted-media;gyroscope;picture-in-picture;fullscreen\" class=\"tf_abs tf_w tf_h\"><\/iframe><\/noscript>\n                                <\/div>\n            <!-- \/video-wrap -->\n        <\/div>\n        <!-- \/video-wrap-outer -->\n            <\/div>\n<!-- module video -->\n<div  class=\"module module-video tb_ngib20 video-overlay\" data-lazy=\"1\">\n                    <div class=\"video-wrap-outer\">\n            <div class=\"video-wrap tf_rel tf_overflow\">\n                                    <noscript><iframe data-no-script src=\"https:\/\/www.youtube.com\/embed\/deH0r4jd9CY?pip=1&#038;playsinline=1&#038;t=46s\" allow=\"accelerometer;encrypted-media;gyroscope;picture-in-picture;fullscreen\" class=\"tf_abs tf_w tf_h\"><\/iframe><\/noscript>\n                                <\/div>\n            <!-- \/video-wrap -->\n        <\/div>\n        <!-- \/video-wrap-outer -->\n            <\/div>\n<!-- module video -->\n<div  class=\"module module-video tb_m4zj894 video-overlay\" data-lazy=\"1\">\n                    <div class=\"video-wrap-outer\">\n            <div class=\"video-wrap tf_rel tf_overflow\">\n                                    <noscript><iframe data-no-script src=\"https:\/\/www.youtube.com\/embed\/xyuUkq9A4Fk?pip=1&#038;playsinline=1\" allow=\"accelerometer;encrypted-media;gyroscope;picture-in-picture;fullscreen\" class=\"tf_abs tf_w tf_h\"><\/iframe><\/noscript>\n                                <\/div>\n            <!-- \/video-wrap -->\n        <\/div>\n        <!-- \/video-wrap-outer -->\n            <\/div>\n        <\/div>\n                        <\/div>\n        <\/div>\n        <\/div>\n<!--\/themify_builder_content-->","protected":false},"excerpt":{"rendered":"<p>Membrii LIFE sunt la fel de diferi\u021bi ca \u0219i pe\u0219tii din ocean. Ace\u0219tia provin din \u00eentreaga Europ\u0103 \u0219i reprezint\u0103 ra\u021biunea de a fi a LIFE \u0219i vocea LIFE. Iat\u0103 mai jos c\u00e2teva dintre mesajele pe care ace\u0219tia au de \u00eemp\u0103rt\u0103\u0219it.<\/p>","protected":false},"author":1,"featured_media":0,"parent":0,"menu_order":0,"comment_status":"closed","ping_status":"closed","template":"","meta":{"give_campaign_id":0,"footnotes":""},"class_list":["post-19600","page","type-page","status-publish","hentry","has-post-title","has-post-date","has-post-category","has-post-tag","has-post-comment","has-post-author",""],"yoast_head":"<!-- This site is optimized with the Yoast SEO plugin v26.6 - https:\/\/yoast.com\/wordpress\/plugins\/seo\/ -->\n<title>Fishers&#039; Voices - Life Platform<\/title>\n<meta name=\"robots\" content=\"index, follow, max-snippet:-1, max-image-preview:large, max-video-preview:-1\" \/>\n<link rel=\"canonical\" href=\"https:\/\/lifeplatform.eu\/ro\/fishers-voices\/\" \/>\n<meta property=\"og:locale\" content=\"ro_RO\" \/>\n<meta property=\"og:type\" content=\"article\" \/>\n<meta property=\"og:title\" content=\"Fishers&#039; Voices - Life Platform\" \/>\n<meta property=\"og:description\" content=\"LIFE\u2019s Members are as diverse as the fish in the ocean. From all across Europe they are LIFE\u2019s reason to be and LIFE\u2019s voice. Below are some of the messages they have to share.\" \/>\n<meta property=\"og:url\" content=\"https:\/\/lifeplatform.eu\/ro\/fishers-voices\/\" \/>\n<meta property=\"og:site_name\" content=\"Life Platform\" \/>\n<meta property=\"article:publisher\" content=\"https:\/\/www.facebook.com\/Low-Impact-Fishers-of-Europe-166393173503352\/?ref=hl\" \/>\n<meta property=\"article:modified_time\" content=\"2023-08-28T10:48:39+00:00\" \/>\n<meta name=\"twitter:card\" content=\"summary_large_image\" \/>\n<meta name=\"twitter:site\" content=\"@LIFEplatformEU\" \/>\n<script type=\"application\/ld+json\" class=\"yoast-schema-graph\">{\"@context\":\"https:\/\/schema.org\",\"@graph\":[{\"@type\":\"WebPage\",\"@id\":\"https:\/\/lifeplatform.eu\/fishers-voices\/\",\"url\":\"https:\/\/lifeplatform.eu\/fishers-voices\/\",\"name\":\"Fishers' Voices - Life Platform\",\"isPartOf\":{\"@id\":\"https:\/\/lifeplatform.eu\/ro\/#website\"},\"datePublished\":\"2022-03-11T16:28:53+00:00\",\"dateModified\":\"2023-08-28T10:48:39+00:00\",\"breadcrumb\":{\"@id\":\"https:\/\/lifeplatform.eu\/fishers-voices\/#breadcrumb\"},\"inLanguage\":\"ro-RO\",\"potentialAction\":[{\"@type\":\"ReadAction\",\"target\":[\"https:\/\/lifeplatform.eu\/fishers-voices\/\"]}]},{\"@type\":\"BreadcrumbList\",\"@id\":\"https:\/\/lifeplatform.eu\/fishers-voices\/#breadcrumb\",\"itemListElement\":[{\"@type\":\"ListItem\",\"position\":1,\"name\":\"Home\",\"item\":\"https:\/\/lifeplatform.eu\/\"},{\"@type\":\"ListItem\",\"position\":2,\"name\":\"Fishers&#8217; Voices\"}]},{\"@type\":\"WebSite\",\"@id\":\"https:\/\/lifeplatform.eu\/ro\/#website\",\"url\":\"https:\/\/lifeplatform.eu\/ro\/\",\"name\":\"Life Platform\",\"description\":\"\",\"potentialAction\":[{\"@type\":\"SearchAction\",\"target\":{\"@type\":\"EntryPoint\",\"urlTemplate\":\"https:\/\/lifeplatform.eu\/ro\/?s={search_term_string}\"},\"query-input\":{\"@type\":\"PropertyValueSpecification\",\"valueRequired\":true,\"valueName\":\"search_term_string\"}}],\"inLanguage\":\"ro-RO\"}]}<\/script>\n<!-- \/ Yoast SEO plugin. -->","yoast_head_json":{"title":"Fishers' Voices - Platforma vie\u021bii","robots":{"index":"index","follow":"follow","max-snippet":"max-snippet:-1","max-image-preview":"max-image-preview:large","max-video-preview":"max-video-preview:-1"},"canonical":"https:\/\/lifeplatform.eu\/ro\/fishers-voices\/","og_locale":"ro_RO","og_type":"article","og_title":"Fishers' Voices - Life Platform","og_description":"LIFE\u2019s Members are as diverse as the fish in the ocean. From all across Europe they are LIFE\u2019s reason to be and LIFE\u2019s voice. Below are some of the messages they have to share.","og_url":"https:\/\/lifeplatform.eu\/ro\/fishers-voices\/","og_site_name":"Life Platform","article_publisher":"https:\/\/www.facebook.com\/Low-Impact-Fishers-of-Europe-166393173503352\/?ref=hl","article_modified_time":"2023-08-28T10:48:39+00:00","twitter_card":"summary_large_image","twitter_site":"@LIFEplatformEU","schema":{"@context":"https:\/\/schema.org","@graph":[{"@type":"WebPage","@id":"https:\/\/lifeplatform.eu\/fishers-voices\/","url":"https:\/\/lifeplatform.eu\/fishers-voices\/","name":"Fishers' Voices - Platforma vie\u021bii","isPartOf":{"@id":"https:\/\/lifeplatform.eu\/ro\/#website"},"datePublished":"2022-03-11T16:28:53+00:00","dateModified":"2023-08-28T10:48:39+00:00","breadcrumb":{"@id":"https:\/\/lifeplatform.eu\/fishers-voices\/#breadcrumb"},"inLanguage":"ro-RO","potentialAction":[{"@type":"ReadAction","target":["https:\/\/lifeplatform.eu\/fishers-voices\/"]}]},{"@type":"BreadcrumbList","@id":"https:\/\/lifeplatform.eu\/fishers-voices\/#breadcrumb","itemListElement":[{"@type":"ListItem","position":1,"name":"Home","item":"https:\/\/lifeplatform.eu\/"},{"@type":"ListItem","position":2,"name":"Fishers&#8217; Voices"}]},{"@type":"WebSite","@id":"https:\/\/lifeplatform.eu\/ro\/#website","url":"https:\/\/lifeplatform.eu\/ro\/","name":"Platforma de via\u021b\u0103","description":"","potentialAction":[{"@type":"SearchAction","target":{"@type":"EntryPoint","urlTemplate":"https:\/\/lifeplatform.eu\/ro\/?s={search_term_string}"},"query-input":{"@type":"PropertyValueSpecification","valueRequired":true,"valueName":"search_term_string"}}],"inLanguage":"ro-RO"}]}},"campaignId":"","_links":{"self":[{"href":"https:\/\/lifeplatform.eu\/ro\/wp-json\/wp\/v2\/pages\/19600","targetHints":{"allow":["GET"]}}],"collection":[{"href":"https:\/\/lifeplatform.eu\/ro\/wp-json\/wp\/v2\/pages"}],"about":[{"href":"https:\/\/lifeplatform.eu\/ro\/wp-json\/wp\/v2\/types\/page"}],"author":[{"embeddable":true,"href":"https:\/\/lifeplatform.eu\/ro\/wp-json\/wp\/v2\/users\/1"}],"replies":[{"embeddable":true,"href":"https:\/\/lifeplatform.eu\/ro\/wp-json\/wp\/v2\/comments?post=19600"}],"version-history":[{"count":3,"href":"https:\/\/lifeplatform.eu\/ro\/wp-json\/wp\/v2\/pages\/19600\/revisions"}],"predecessor-version":[{"id":20186,"href":"https:\/\/lifeplatform.eu\/ro\/wp-json\/wp\/v2\/pages\/19600\/revisions\/20186"}],"wp:attachment":[{"href":"https:\/\/lifeplatform.eu\/ro\/wp-json\/wp\/v2\/media?parent=19600"}],"curies":[{"name":"wp","href":"https:\/\/api.w.org\/{rel}","templated":true}]}}