{"id":19323,"date":"2021-08-26T10:48:37","date_gmt":"2021-08-26T10:48:37","guid":{"rendered":"https:\/\/alpha-dev.co.uk\/?page_id=18001"},"modified":"2022-11-15T20:58:53","modified_gmt":"2022-11-15T20:58:53","slug":"fishers","status":"publish","type":"page","link":"https:\/\/lifeplatform.eu\/ro\/members\/fishers\/","title":{"rendered":"Pescari"},"content":{"rendered":"<!--themify_builder_content-->\n<div id=\"themify_builder_content-19323\" data-postid=\"19323\" class=\"themify_builder_content themify_builder_content-19323 themify_builder tf_clear\">\n                    <div  data-lazy=\"1\" class=\"module_row themify_builder_row tb_a4ch564 tb_first tf_w\">\n                        <div class=\"row_inner col_align_top tb_col_count_1 tf_box tf_rel\">\n                        <div  data-lazy=\"1\" class=\"module_column tb-column col-full tb_j1ky565 first\">\n                            <div  data-lazy=\"1\" class=\"module_subrow themify_builder_sub_row tf_w col_align_top tb_col_count_2 tb_5atz935\">\n                <div  data-lazy=\"1\" class=\"module_column sub_column col2-1 tb_ls7p936 first\">\n                    <!-- module text -->\n<div  class=\"module module-text tb_kx19765  repeat\" data-lazy=\"1\">\n        <div  class=\"tb_text_wrap\">\n        <h2>De ce s\u0103 deveni\u021bi o organiza\u021bie membr\u0103?<\/h2>    <\/div>\n<\/div>\n<!-- \/module text -->        <\/div>\n                    <div  data-lazy=\"1\" class=\"module_column sub_column col2-1 tb_txpn937 last\">\n                            <\/div>\n                    <\/div>\n                <\/div>\n                        <\/div>\n        <\/div>\n                        <div  data-lazy=\"1\" class=\"module_row themify_builder_row tb_nucv369 tf_w\">\n                        <div class=\"row_inner col_align_top tb_col_count_2 tf_box tf_rel\">\n                        <div  data-lazy=\"1\" class=\"module_column tb-column col2-1 tb_72ga372 first\">\n                    <!-- module text -->\n<div  class=\"module module-text tb_1kt7158\" data-lazy=\"1\">\n        <div  class=\"tb_text_wrap\">\n        <p><span style=\"font-weight: 400;\">Aderarea la LIFE v\u0103 integreaz\u0103 \u00eentr-o comunitate de pescari artizanali care \u00eemp\u0103rt\u0103\u0219esc acela\u0219i lucru. <strong>acelea\u0219i valori, obiective \u0219i provoc\u0103ri \u0219i care coopereaz\u0103 pentru a asigura un viitor mai bun pentru acest sector.<\/strong><\/span><\/p>\n<p><span style=\"font-weight: 400;\">\u00cen doar 5 ani, LIFE a devenit o for\u021b\u0103 cu care trebuie s\u0103 ne lupt\u0103m la nivelul UE. Semnifica\u021bia programului LIFE \u0219i importan\u021ba activit\u0103\u021bii sale sunt recunoscute pe scar\u0103 larg\u0103 de c\u0103tre institu\u021biile europene \u0219i, \u00een cercurile de elaborare a politicilor \u00een domeniul pescuitului, de c\u0103tre oamenii de \u0219tiin\u021b\u0103 \u0219i alte p\u0103r\u021bi interesate.<\/span><\/p>\n<p><strong>Al\u0103tur\u00e2ndu-v\u0103 nou\u0103, organiza\u021bia dvs. va deveni parte a unei platforme europene a pescarilor la scar\u0103 mic\u0103 cu impact redus, unde ve\u021bi fi sus\u021binu\u021bi de o echip\u0103 de profesioni\u0219ti.\u00a0<\/strong><\/p>\n<p><span style=\"font-weight: 400;\">Ca parte a programului LIFE, ve\u021bi fi implicat activ \u00een procesul decizional european \u0219i ve\u021bi primi \u00eendrum\u0103ri constante cu privire la dezvoltarea politicilor \u0219i reglement\u0103rilor care v\u0103 afecteaz\u0103 \u0219i v\u0103 vor ajuta s\u0103 g\u0103si\u021bi solu\u021bii pe teren.<\/span><\/p>    <\/div>\n<\/div>\n<!-- \/module text -->        <div  data-lazy=\"1\" class=\"module_subrow themify_builder_sub_row tf_w col_align_top tb_col_count_2 tb_ybhr30\">\n                <div  data-lazy=\"1\" class=\"module_column sub_column col2-1 tb_kcvw31 first\">\n                    <!-- module buttons -->\n<div  class=\"module module-buttons tb_jd97256 buttons-horizontal solid\" data-lazy=\"1\">\n        <div class=\"module-buttons-item tf_in_flx\">\n                        <a href=\"https:\/\/lifeplatform.eu\/wp-content\/uploads\/2022\/02\/LIFE-Statutes-Final.pdf\" class=\"ui builder_button tf_in_flx tb_default_color\" target=\"_blank\" rel=\"noopener\">\n                                                Statutul LIFE                                        <\/a>\n                <\/div>\n            <\/div>\n<!-- \/module buttons -->\n        <\/div>\n                    <div  data-lazy=\"1\" class=\"module_column sub_column col2-1 tb_2tem32 last\">\n                    <!-- module buttons -->\n<div  class=\"module module-buttons tb_rrgb552 buttons-horizontal solid\" data-lazy=\"1\">\n        <div class=\"module-buttons-item tf_in_flx\">\n                        <a href=\"https:\/\/lifeplatform.eu\/wp-content\/uploads\/2022\/02\/LIFE-Internal-Rules-Final.pdf\" class=\"ui builder_button tf_in_flx tb_default_color\" target=\"_blank\" rel=\"noopener\">\n                                                Regulamentul intern al LIFE                                        <\/a>\n                <\/div>\n            <\/div>\n<!-- \/module buttons -->\n        <\/div>\n                    <\/div>\n                <\/div>\n                    <div  data-lazy=\"1\" class=\"module_column tb-column col2-1 tb_osom373 last\">\n                    <!-- module image -->\n<div  class=\"module module-image tb_hef3597 image-top   tf_mw\" data-lazy=\"1\">\n        <div class=\"image-wrap tf_rel tf_mw\">\n            <img loading=\"lazy\" decoding=\"async\" width=\"1280\" height=\"962\" src=\"https:\/\/lifeplatform.eu\/wp-content\/uploads\/2022\/02\/thumbnail_image-1.png\" class=\"wp-post-image wp-image-19476\" title=\"thumbnail_image-1\" alt=\"thumbnail_image-1\" srcset=\"https:\/\/lifeplatform.eu\/wp-content\/uploads\/2022\/02\/thumbnail_image-1.png 1280w, https:\/\/lifeplatform.eu\/wp-content\/uploads\/2022\/02\/thumbnail_image-1-300x225.png 300w, https:\/\/lifeplatform.eu\/wp-content\/uploads\/2022\/02\/thumbnail_image-1-1024x770.png 1024w\" sizes=\"auto, (max-width: 1280px) 100vw, 1280px\" \/>    \n        <\/div>\n    <!-- \/image-wrap -->\n    \n        <\/div>\n<!-- \/module image -->        <\/div>\n                        <\/div>\n        <\/div>\n                        <div  data-lazy=\"1\" class=\"module_row themify_builder_row tb_vssn322 tf_w\">\n                        <div class=\"row_inner col_align_top tb_col_count_2 tf_box tf_rel\">\n                        <div  data-lazy=\"1\" class=\"module_column tb-column col2-1 tb_v0yt323 first\">\n                    <!-- module image -->\n<div  class=\"module module-image tb_p5j8456 image-top   tf_mw\" data-lazy=\"1\">\n        <div class=\"image-wrap tf_rel tf_mw\">\n            <img loading=\"lazy\" decoding=\"async\" width=\"2706\" height=\"1908\" src=\"https:\/\/lifeplatform.eu\/wp-content\/uploads\/2018\/03\/20170526_161814.jpg\" class=\"wp-post-image wp-image-10018\" title=\"_20170526_161814\" alt=\"_20170526_161814\" srcset=\"https:\/\/lifeplatform.eu\/wp-content\/uploads\/2018\/03\/20170526_161814.jpg 2706w, https:\/\/lifeplatform.eu\/wp-content\/uploads\/2018\/03\/20170526_161814-300x212.jpg 300w, https:\/\/lifeplatform.eu\/wp-content\/uploads\/2018\/03\/20170526_161814-1024x722.jpg 1024w\" sizes=\"auto, (max-width: 2706px) 100vw, 2706px\" \/>    \n        <\/div>\n    <!-- \/image-wrap -->\n    \n        <\/div>\n<!-- \/module image -->        <\/div>\n                    <div  data-lazy=\"1\" class=\"module_column tb-column col2-1 tb_q13m323 last\">\n                    <!-- module text -->\n<div  class=\"module module-text tb_4aw1502  repeat\" data-lazy=\"1\">\n        <div  class=\"tb_text_wrap\">\n        <h2>Eligibilitate \u0219i a\u0219tept\u0103ri<\/h2>    <\/div>\n<\/div>\n<!-- \/module text --><!-- module text -->\n<div  class=\"module module-text tb_33le485\" data-lazy=\"1\">\n        <div  class=\"tb_text_wrap\">\n        <p>V\u0103 invit\u0103m s\u0103 v\u0103 al\u0103tura\u021bi LIFE dac\u0103:<\/p>\n<ul>\n<li style=\"font-weight: 400;\" aria-level=\"1\"><span style=\"font-weight: 400;\">Sunte\u021bi entuziasma\u021bi de ideea de a face parte dintr-o platform\u0103 la nivel european, de a v\u0103 \u00eemp\u0103rt\u0103\u0219i experien\u021ba, competen\u021bele \u0219i cuno\u0219tin\u021bele cu ceilal\u021bi membri, de a crea \u00eempreun\u0103 solu\u021bii \u0219i de a ad\u0103uga vocea dumneavoastr\u0103 la a noastr\u0103.<\/span><\/li>\n<li style=\"font-weight: 400;\" aria-level=\"1\"><span style=\"font-weight: 400;\">Identifica\u021bi-v\u0103 ca organiza\u021bie de pescari cu impact redus la scar\u0103 mic\u0103, care gestioneaz\u0103 o afacere de pescuit, acord\u00e2nd prioritate calit\u0103\u021bii \u00een detrimentul cantit\u0103\u021bii.<\/span><\/li>\n<li aria-level=\"1\">S\u0103 fie de acord cu \u0219i s\u0103 sprijine\u00a0<a href=\"https:\/\/lifeplatform.eu\/ro\/members\/fishers\/declaration-and-mission-statement\/\" target=\"_blank\" rel=\"noopener\">Declara\u021bie \u0219i declara\u021bie de misiune<\/a><\/li>\n<\/ul>    <\/div>\n<\/div>\n<!-- \/module text -->        <\/div>\n                        <\/div>\n        <\/div>\n                        <div  data-lazy=\"1\" class=\"module_row themify_builder_row tb_qxtp336 tf_w\">\n                        <div class=\"row_inner col_align_top tb_col_count_2 tf_box tf_rel\">\n                        <div  data-lazy=\"1\" class=\"module_column tb-column col2-1 tb_w7aa337 first\">\n                    <!-- module text -->\n<div  class=\"module module-text tb_bwrl193  repeat\" data-lazy=\"1\">\n        <div  class=\"tb_text_wrap\">\n        <h2>Beneficii<\/h2>    <\/div>\n<\/div>\n<!-- \/module text --><!-- module text -->\n<div  class=\"module module-text tb_9aip949\" data-lazy=\"1\">\n        <div  class=\"tb_text_wrap\">\n        <p><span style=\"font-weight: 400;\">\u00cen calitate de membru, ve\u021bi:<\/span><\/p>\n<ul>\n<li style=\"font-weight: 400;\" aria-level=\"1\"><span style=\"font-weight: 400;\">S\u0103 v\u0103 pute\u021bi face auzit\u0103 vocea la nivelul UE \u0219i s\u0103 ave\u021bi un cuv\u00e2nt de spus \u00een elaborarea politicilor care v\u0103 afecteaz\u0103.\u00a0<\/span><\/li>\n<li style=\"font-weight: 400;\" aria-level=\"1\"><span style=\"font-weight: 400;\">s\u0103 aib\u0103 acces la proiectele LIFE \u0219i s\u0103 participe la activit\u0103\u021bile sale.<\/span><\/li>\n<li style=\"font-weight: 400;\" aria-level=\"1\"><span style=\"font-weight: 400;\">\u00cent\u00e2lni\u021bi-v\u0103 cu pescari de mici dimensiuni cu impact redus din \u00eentreaga Europ\u0103, \u00eemp\u0103rt\u0103\u0219ind cu ei abilit\u0103\u021bile, cuno\u0219tin\u021bele \u0219i experien\u021ba dumneavoastr\u0103. <\/span><\/li>\n<\/ul>    <\/div>\n<\/div>\n<!-- \/module text -->        <\/div>\n                    <div  data-lazy=\"1\" class=\"module_column tb-column col2-1 tb_yjqd337 last\">\n                    <!-- module image -->\n<div  class=\"module module-image tb_tiyn212 image-top   tf_mw\" data-lazy=\"1\">\n        <div class=\"image-wrap tf_rel tf_mw\">\n            <img loading=\"lazy\" decoding=\"async\" width=\"2560\" height=\"1440\" src=\"https:\/\/lifeplatform.eu\/wp-content\/uploads\/2022\/02\/20171007_142447-1-scaled-1.jpeg\" class=\"wp-post-image wp-image-19478\" title=\"20171007_142447-1-scaled\" alt=\"20171007_142447-1-scaled\" srcset=\"https:\/\/lifeplatform.eu\/wp-content\/uploads\/2022\/02\/20171007_142447-1-scaled-1.jpeg 2560w, https:\/\/lifeplatform.eu\/wp-content\/uploads\/2022\/02\/20171007_142447-1-scaled-1-300x169.jpeg 300w, https:\/\/lifeplatform.eu\/wp-content\/uploads\/2022\/02\/20171007_142447-1-scaled-1-1024x576.jpeg 1024w, https:\/\/lifeplatform.eu\/wp-content\/uploads\/2022\/02\/20171007_142447-1-scaled-1-1536x864.jpeg 1536w, https:\/\/lifeplatform.eu\/wp-content\/uploads\/2022\/02\/20171007_142447-1-scaled-1-2048x1152.jpeg 2048w\" sizes=\"auto, (max-width: 2560px) 100vw, 2560px\" \/>    \n        <\/div>\n    <!-- \/image-wrap -->\n    \n        <\/div>\n<!-- \/module image -->        <\/div>\n                        <\/div>\n        <\/div>\n                        <div  data-lazy=\"1\" class=\"module_row themify_builder_row tb_j9uc930 tf_w\">\n                        <div class=\"row_inner col_align_top tb_col_count_1 tf_box tf_rel\">\n                        <div  data-lazy=\"1\" class=\"module_column tb-column col-full tb_x5qu931 first\">\n                            <div  data-lazy=\"1\" class=\"module_subrow themify_builder_sub_row tf_w col_align_top tb_col_count_2 tb_nsoo932\">\n                <div  data-lazy=\"1\" class=\"module_column sub_column col2-1 tb_9bwy932 first\">\n                            <\/div>\n                    <div  data-lazy=\"1\" class=\"module_column sub_column col2-1 tb_h28u933 last\">\n                    <!-- module text -->\n<div  class=\"module module-text tb_l1p3173  repeat\" data-lazy=\"1\">\n        <div  class=\"tb_text_wrap\">\n        <h2>Proces<\/h2>    <\/div>\n<\/div>\n<!-- \/module text -->        <\/div>\n                    <\/div>\n                <\/div>\n                        <\/div>\n        <\/div>\n                        <div  data-lazy=\"1\" class=\"module_row themify_builder_row tb_ga6c642 tf_w\">\n                        <div class=\"row_inner col_align_top tb_col_count_2 tf_box tf_rel\">\n                        <div  data-lazy=\"1\" class=\"module_column tb-column col2-1 tb_25dy643 first\">\n                    <!-- module image -->\n<div  class=\"module module-image tb_6sjy740 image-top   tf_mw\" data-lazy=\"1\">\n        <div class=\"image-wrap tf_rel tf_mw\">\n            <img loading=\"lazy\" decoding=\"async\" width=\"2560\" height=\"1707\" src=\"https:\/\/lifeplatform.eu\/wp-content\/uploads\/2022\/05\/DSCF9906-scaled.jpg\" class=\"wp-post-image wp-image-19830\" title=\"DSCF9906\" alt=\"DSCF9906\" srcset=\"https:\/\/lifeplatform.eu\/wp-content\/uploads\/2022\/05\/DSCF9906-scaled.jpg 2560w, https:\/\/lifeplatform.eu\/wp-content\/uploads\/2022\/05\/DSCF9906-1024x683-300x200.jpg 300w, https:\/\/lifeplatform.eu\/wp-content\/uploads\/2022\/05\/DSCF9906-1024x683.jpg 1024w, https:\/\/lifeplatform.eu\/wp-content\/uploads\/2022\/05\/DSCF9906-1024x683-299x200.jpg 299w\" sizes=\"auto, (max-width: 2560px) 100vw, 2560px\" \/>    \n        <\/div>\n    <!-- \/image-wrap -->\n    \n        <\/div>\n<!-- \/module image -->        <\/div>\n                    <div  data-lazy=\"1\" class=\"module_column tb-column col2-1 tb_mc6n644 last\">\n                    <!-- module text -->\n<div  class=\"module module-text tb_u5wt881\" data-lazy=\"1\">\n        <div  class=\"tb_text_wrap\">\n        <p>Oricine dore\u0219te s\u0103 devin\u0103 o organiza\u021bie membr\u0103 a LIFE trebuie s\u0103 depun\u0103 o cerere \u00een scris prin intermediul <a href=\"https:\/\/lifeplatform.eu\/wp-content\/uploads\/2022\/02\/LIFE-Application-Form.doc\" target=\"_blank\" rel=\"noopener\">un chestionar specific<\/a> \u0219i anex\u00e2nd statutul organiza\u021biei.<\/p>\n<p>Membrii secretariatului LIFE vor r\u0103spunde \u0219i vor informa cu privire la procesul de aprobare a cererii \u0219i la calendarul estimat.<\/p>    <\/div>\n<\/div>\n<!-- \/module text -->        <\/div>\n                        <\/div>\n        <\/div>\n                        <div  data-lazy=\"1\" class=\"module_row themify_builder_row tb_b7rs269 tf_w\">\n                        <div class=\"row_inner col_align_top tb_col_count_1 tf_box tf_rel\">\n                        <div  data-lazy=\"1\" class=\"module_column tb-column col-full tb_x4e5270 first\">\n                            <\/div>\n                        <\/div>\n        <\/div>\n        <\/div>\n<!--\/themify_builder_content-->","protected":false},"excerpt":{"rendered":"<p>De ce s\u0103 deveni\u021bi o organiza\u021bie membr\u0103? Aderarea la LIFE v\u0103 integreaz\u0103 \u00eentr-o comunitate de pescari artizanali care \u00eemp\u0103rt\u0103\u0219esc acelea\u0219i valori, obiective \u0219i provoc\u0103ri \u0219i care coopereaz\u0103 pentru a asigura un viitor mai bun pentru acest sector. \u00cen doar 5 ani, LIFE a devenit o for\u021b\u0103 cu care trebuie s\u0103 te lup\u021bi la nivelul UE. Semnifica\u021bia LIFE \u0219i [...]<\/p>","protected":false},"author":1,"featured_media":0,"parent":19315,"menu_order":0,"comment_status":"closed","ping_status":"closed","template":"","meta":{"give_campaign_id":0,"footnotes":""},"class_list":["post-19323","page","type-page","status-publish","hentry","has-post-title","has-post-date","has-post-category","has-post-tag","has-post-comment","has-post-author",""],"yoast_head":"<!-- This site is optimized with the Yoast SEO plugin v26.6 - https:\/\/yoast.com\/wordpress\/plugins\/seo\/ -->\n<title>Fishers - Life Platform<\/title>\n<meta name=\"robots\" content=\"index, follow, max-snippet:-1, max-image-preview:large, max-video-preview:-1\" \/>\n<link rel=\"canonical\" href=\"https:\/\/lifeplatform.eu\/ro\/members\/fishers\/\" \/>\n<meta property=\"og:locale\" content=\"ro_RO\" \/>\n<meta property=\"og:type\" content=\"article\" \/>\n<meta property=\"og:title\" content=\"Fishers - Life Platform\" \/>\n<meta property=\"og:description\" content=\"Why become a member organisation? Joining LIFE integrates you into a community of small-scale fishers who share the same values, goals and challenges, and who are cooperating to ensure a better future of the sector. In just 5 years, LIFE has become a force to contend with at EU level. The significance of LIFE and [&hellip;]\" \/>\n<meta property=\"og:url\" content=\"https:\/\/lifeplatform.eu\/ro\/members\/fishers\/\" \/>\n<meta property=\"og:site_name\" content=\"Life Platform\" \/>\n<meta property=\"article:publisher\" content=\"https:\/\/www.facebook.com\/Low-Impact-Fishers-of-Europe-166393173503352\/?ref=hl\" \/>\n<meta property=\"article:modified_time\" content=\"2022-11-15T20:58:53+00:00\" \/>\n<meta property=\"og:image\" content=\"https:\/\/lifeplatform.eu\/wp-content\/uploads\/2022\/02\/thumbnail_image-1.png\" \/>\n<meta name=\"twitter:card\" content=\"summary_large_image\" \/>\n<meta name=\"twitter:site\" content=\"@LIFEplatformEU\" \/>\n<meta name=\"twitter:label1\" content=\"Timp estimat pentru citire\" \/>\n\t<meta name=\"twitter:data1\" content=\"2 minutes\" \/>\n<script type=\"application\/ld+json\" class=\"yoast-schema-graph\">{\"@context\":\"https:\/\/schema.org\",\"@graph\":[{\"@type\":\"WebPage\",\"@id\":\"https:\/\/lifeplatform.eu\/members\/fishers\/\",\"url\":\"https:\/\/lifeplatform.eu\/members\/fishers\/\",\"name\":\"Fishers - Life Platform\",\"isPartOf\":{\"@id\":\"https:\/\/lifeplatform.eu\/ro\/#website\"},\"primaryImageOfPage\":{\"@id\":\"https:\/\/lifeplatform.eu\/members\/fishers\/#primaryimage\"},\"image\":{\"@id\":\"https:\/\/lifeplatform.eu\/members\/fishers\/#primaryimage\"},\"thumbnailUrl\":\"https:\/\/lifeplatform.eu\/wp-content\/uploads\/2022\/02\/thumbnail_image-1.png\",\"datePublished\":\"2021-08-26T10:48:37+00:00\",\"dateModified\":\"2022-11-15T20:58:53+00:00\",\"breadcrumb\":{\"@id\":\"https:\/\/lifeplatform.eu\/members\/fishers\/#breadcrumb\"},\"inLanguage\":\"ro-RO\",\"potentialAction\":[{\"@type\":\"ReadAction\",\"target\":[\"https:\/\/lifeplatform.eu\/members\/fishers\/\"]}]},{\"@type\":\"ImageObject\",\"inLanguage\":\"ro-RO\",\"@id\":\"https:\/\/lifeplatform.eu\/members\/fishers\/#primaryimage\",\"url\":\"https:\/\/lifeplatform.eu\/wp-content\/uploads\/2022\/02\/thumbnail_image-1.png\",\"contentUrl\":\"https:\/\/lifeplatform.eu\/wp-content\/uploads\/2022\/02\/thumbnail_image-1.png\"},{\"@type\":\"BreadcrumbList\",\"@id\":\"https:\/\/lifeplatform.eu\/members\/fishers\/#breadcrumb\",\"itemListElement\":[{\"@type\":\"ListItem\",\"position\":1,\"name\":\"Home\",\"item\":\"https:\/\/lifeplatform.eu\/\"},{\"@type\":\"ListItem\",\"position\":2,\"name\":\"Members\",\"item\":\"https:\/\/lifeplatform.eu\/members\/\"},{\"@type\":\"ListItem\",\"position\":3,\"name\":\"Fishers\"}]},{\"@type\":\"WebSite\",\"@id\":\"https:\/\/lifeplatform.eu\/ro\/#website\",\"url\":\"https:\/\/lifeplatform.eu\/ro\/\",\"name\":\"Life Platform\",\"description\":\"\",\"potentialAction\":[{\"@type\":\"SearchAction\",\"target\":{\"@type\":\"EntryPoint\",\"urlTemplate\":\"https:\/\/lifeplatform.eu\/ro\/?s={search_term_string}\"},\"query-input\":{\"@type\":\"PropertyValueSpecification\",\"valueRequired\":true,\"valueName\":\"search_term_string\"}}],\"inLanguage\":\"ro-RO\"}]}<\/script>\n<!-- \/ Yoast SEO plugin. -->","yoast_head_json":{"title":"Pescarii - Platforma vie\u021bii","robots":{"index":"index","follow":"follow","max-snippet":"max-snippet:-1","max-image-preview":"max-image-preview:large","max-video-preview":"max-video-preview:-1"},"canonical":"https:\/\/lifeplatform.eu\/ro\/members\/fishers\/","og_locale":"ro_RO","og_type":"article","og_title":"Fishers - Life Platform","og_description":"Why become a member organisation? Joining LIFE integrates you into a community of small-scale fishers who share the same values, goals and challenges, and who are cooperating to ensure a better future of the sector. In just 5 years, LIFE has become a force to contend with at EU level. The significance of LIFE and [&hellip;]","og_url":"https:\/\/lifeplatform.eu\/ro\/members\/fishers\/","og_site_name":"Life Platform","article_publisher":"https:\/\/www.facebook.com\/Low-Impact-Fishers-of-Europe-166393173503352\/?ref=hl","article_modified_time":"2022-11-15T20:58:53+00:00","og_image":[{"url":"https:\/\/lifeplatform.eu\/wp-content\/uploads\/2022\/02\/thumbnail_image-1.png","type":"","width":"","height":""}],"twitter_card":"summary_large_image","twitter_site":"@LIFEplatformEU","twitter_misc":{"Timp estimat pentru citire":"2 minutes"},"schema":{"@context":"https:\/\/schema.org","@graph":[{"@type":"WebPage","@id":"https:\/\/lifeplatform.eu\/members\/fishers\/","url":"https:\/\/lifeplatform.eu\/members\/fishers\/","name":"Pescarii - Platforma vie\u021bii","isPartOf":{"@id":"https:\/\/lifeplatform.eu\/ro\/#website"},"primaryImageOfPage":{"@id":"https:\/\/lifeplatform.eu\/members\/fishers\/#primaryimage"},"image":{"@id":"https:\/\/lifeplatform.eu\/members\/fishers\/#primaryimage"},"thumbnailUrl":"https:\/\/lifeplatform.eu\/wp-content\/uploads\/2022\/02\/thumbnail_image-1.png","datePublished":"2021-08-26T10:48:37+00:00","dateModified":"2022-11-15T20:58:53+00:00","breadcrumb":{"@id":"https:\/\/lifeplatform.eu\/members\/fishers\/#breadcrumb"},"inLanguage":"ro-RO","potentialAction":[{"@type":"ReadAction","target":["https:\/\/lifeplatform.eu\/members\/fishers\/"]}]},{"@type":"ImageObject","inLanguage":"ro-RO","@id":"https:\/\/lifeplatform.eu\/members\/fishers\/#primaryimage","url":"https:\/\/lifeplatform.eu\/wp-content\/uploads\/2022\/02\/thumbnail_image-1.png","contentUrl":"https:\/\/lifeplatform.eu\/wp-content\/uploads\/2022\/02\/thumbnail_image-1.png"},{"@type":"BreadcrumbList","@id":"https:\/\/lifeplatform.eu\/members\/fishers\/#breadcrumb","itemListElement":[{"@type":"ListItem","position":1,"name":"Home","item":"https:\/\/lifeplatform.eu\/"},{"@type":"ListItem","position":2,"name":"Members","item":"https:\/\/lifeplatform.eu\/members\/"},{"@type":"ListItem","position":3,"name":"Fishers"}]},{"@type":"WebSite","@id":"https:\/\/lifeplatform.eu\/ro\/#website","url":"https:\/\/lifeplatform.eu\/ro\/","name":"Platforma de via\u021b\u0103","description":"","potentialAction":[{"@type":"SearchAction","target":{"@type":"EntryPoint","urlTemplate":"https:\/\/lifeplatform.eu\/ro\/?s={search_term_string}"},"query-input":{"@type":"PropertyValueSpecification","valueRequired":true,"valueName":"search_term_string"}}],"inLanguage":"ro-RO"}]}},"campaignId":"","_links":{"self":[{"href":"https:\/\/lifeplatform.eu\/ro\/wp-json\/wp\/v2\/pages\/19323","targetHints":{"allow":["GET"]}}],"collection":[{"href":"https:\/\/lifeplatform.eu\/ro\/wp-json\/wp\/v2\/pages"}],"about":[{"href":"https:\/\/lifeplatform.eu\/ro\/wp-json\/wp\/v2\/types\/page"}],"author":[{"embeddable":true,"href":"https:\/\/lifeplatform.eu\/ro\/wp-json\/wp\/v2\/users\/1"}],"replies":[{"embeddable":true,"href":"https:\/\/lifeplatform.eu\/ro\/wp-json\/wp\/v2\/comments?post=19323"}],"version-history":[{"count":9,"href":"https:\/\/lifeplatform.eu\/ro\/wp-json\/wp\/v2\/pages\/19323\/revisions"}],"predecessor-version":[{"id":19935,"href":"https:\/\/lifeplatform.eu\/ro\/wp-json\/wp\/v2\/pages\/19323\/revisions\/19935"}],"up":[{"embeddable":true,"href":"https:\/\/lifeplatform.eu\/ro\/wp-json\/wp\/v2\/pages\/19315"}],"wp:attachment":[{"href":"https:\/\/lifeplatform.eu\/ro\/wp-json\/wp\/v2\/media?parent=19323"}],"curies":[{"name":"wp","href":"https:\/\/api.w.org\/{rel}","templated":true}]}}