{"id":16524,"date":"2019-07-30T11:54:58","date_gmt":"2019-07-30T11:54:58","guid":{"rendered":"https:\/\/lifeplatform.eu\/?page_id=16524"},"modified":"2019-07-30T12:13:03","modified_gmt":"2019-07-30T12:13:03","slug":"bans-project-2019","status":"publish","type":"page","link":"https:\/\/lifeplatform.eu\/ro\/bans-project-2019\/","title":{"rendered":"Proiectul BANS 2019"},"content":{"rendered":"<!--themify_builder_content-->\n<div id=\"themify_builder_content-16524\" data-postid=\"16524\" class=\"themify_builder_content themify_builder_content-16524 themify_builder tf_clear\">\n                    <div  data-parallax-bg=\"desktop\" data-css_id=\"taug738\" data-lazy=\"1\" class=\"module_row themify_builder_row fullwidth_row_container tb_taug738 tb_first tf_w\">\n                        <div class=\"row_inner col_align_top tb_col_count_1 tf_box tf_rel\">\n                        <div  data-lazy=\"1\" class=\"module_column tb-column col-full tb_6pjk738 first\">\n                    <!-- module text -->\n<div  class=\"module module-text tb_fb56738\" data-lazy=\"1\">\n        <div  class=\"tb_text_wrap\">\n        <h1>Proiecte<\/h1>    <\/div>\n<\/div>\n<!-- \/module text -->        <\/div>\n                        <\/div>\n        <\/div>\n                        <div  data-lazy=\"1\" class=\"module_row themify_builder_row tb_xz8u498 tf_w\">\n                        <div class=\"row_inner col_align_top tb_col_count_2 tf_box tf_rel\">\n                        <div  data-lazy=\"1\" class=\"module_column tb-column col4-2 tb_pxa7498 first\">\n                    <!-- module text -->\n<div  class=\"module module-text tb_szkr498\" data-lazy=\"1\">\n        <div  class=\"tb_text_wrap\">\n        <h2>Proiectul BANS (Marea Baltic\u0103 \u0219i Marea Nordului) finan\u021bat de Comisia European\u0103<\/h2>\n<p>Pescuitul la scar\u0103 mic\u0103 joac\u0103 un rol vital \u00een Uniunea European\u0103 \u00een ceea ce prive\u0219te ocuparea for\u021bei de munc\u0103, contribu\u021bia economic\u0103 \u0219i social\u0103 la comunit\u0103\u021bile de coast\u0103 \u0219i gestionarea durabil\u0103 a resurselor marine.  \u00cen conformitate cu cerin\u021bele politicii comune reformate \u00een domeniul pescuitului, Comisia European\u0103 este deosebit de atent\u0103 la situa\u021bia flotelor de coast\u0103 \u0219i este con\u0219tient\u0103 de faptul c\u0103 un sprijin adecvat este vital pentru cre\u0219terea \u0219i prosperitatea acestui sector.<\/p>\n<p>Prin urmare, este cu mare pl\u0103cere c\u0103 platforma LIFE a devenit unul dintre beneficiarii acestei ini\u021biative \u0219i conduce acum proiectul.\u00a0<strong><em>\"M\u0103suri de sprijin pentru pescuitul la scar\u0103 mic\u0103 \u00een Marea Baltic\u0103 \u0219i Marea Nordului\"<\/em><\/strong>\u00a0, av\u00e2nd ca obiectiv principal consolidarea re\u021belelor de pescari la scar\u0103 mic\u0103, cu impact redus, din regiune.<\/p>\n<p>Pentru a reu\u0219i \u00een aceast\u0103 sarcin\u0103 vital\u0103, organiza\u021biile locale de pescari se pot baza pe un coordonator din Marea Baltic\u0103 \u0219i Marea Nordului cu o experien\u021b\u0103 solid\u0103 \u00een gestionarea pescuitului \u0219i \u00een reprezentarea politicilor, angajat special \u00een acest scop. Personalul LIFE sprijin\u0103, consiliaz\u0103 \u0219i coordoneaz\u0103 organiza\u021biile de pescari la scar\u0103 mic\u0103 \u0219i permite o cooperare eficient\u0103 cu p\u0103r\u021bile interesate din sectoarele public \u0219i privat. Proiectul a atins deja o serie de state membre din regiune, inclusiv Polonia, Germania, Danemarca, Finlanda, Suedia \u0219i Estonia.<\/p>\n<p><strong>Responsabilizarea organiza\u021biilor de pescari la scar\u0103 mic\u0103 este condus\u0103 \u0219i asigurat\u0103 \u00een cadrul proiectului prin concentrarea pe mai multe priorit\u0103\u021bi:<\/strong><\/p>\n<ul>\n<li>Consolidarea capacit\u0103\u021bii micilor pescari din regiune, astfel \u00eenc\u00e2t vocile \u0219i preocup\u0103rile lor s\u0103 fie auzite \u0219i luate \u00een considerare \u00een cadrul forurilor regionale, \u00een special \u00een cadrul consiliilor consultative;<\/li>\n<li>Colaborarea periodic\u0103 cu pescarii artizanali din zon\u0103 pentru a le \u00een\u021belege situa\u021bia, pentru a-i ajuta s\u0103 \u00ee\u0219i identifice nevoile, astfel \u00eenc\u00e2t s\u0103 \u00ee\u0219i poat\u0103 defini agenda \u0219i mesajele comune;<\/li>\n<li>Facilitarea elabor\u0103rii unor pozi\u021bii comune \u0219i a organiz\u0103rii de ac\u021biuni comune;<\/li>\n<li>\u00cencurajarea pescarilor artizanali din zon\u0103 s\u0103 lucreze \u00eempreun\u0103, pentru a face schimb de experien\u021b\u0103 \u0219i de bune practici;<\/li>\n<li>Informarea pescarilor artizanali din zon\u0103 cu privire la evolu\u021biile politice la toate nivelurile relevante;<\/li>\n<li>Consilierea cu privire la solu\u021biile la problemele cu care se confrunt\u0103 \u00een opera\u021biunile zilnice<\/li>\n<\/ul>    <\/div>\n<\/div>\n<!-- \/module text -->        <\/div>\n                    <div  data-lazy=\"1\" class=\"module_column tb-column col4-2 tb_4lax499 last\">\n                    <!-- module image -->\n<div  class=\"module module-image tb_5wae499 image-center   tf_mw\" data-lazy=\"1\">\n        <div class=\"image-wrap tf_rel tf_mw\">\n            <img loading=\"lazy\" decoding=\"async\" src=\"https:\/\/lifeplatform.eu\/wp-content\/uploads\/2017\/02\/team-image-eu-projects-450x250.jpg\" width=\"450\" height=\"250\" class=\"wp-post-image wp-image-7643\" title=\"team-image-eu-proiecte\" alt=\"LIFE platform staff\">    \n        <\/div>\n    <!-- \/image-wrap -->\n    \n        <\/div>\n<!-- \/module image --><!-- module image -->\n<div  class=\"module module-image tb_ub8w499 image-center   tf_mw\" data-lazy=\"1\">\n        <div class=\"image-wrap tf_rel tf_mw\">\n            <img loading=\"lazy\" decoding=\"async\" src=\"https:\/\/lifeplatform.eu\/wp-content\/uploads\/2017\/02\/boat-image-eu-projects-450x250.jpg\" width=\"450\" height=\"250\" class=\"wp-post-image wp-image-7644\" title=\"barca-imagine-eu-proiecte\" alt=\"Fishermen in an exchange next to two beached vessels\">    \n        <\/div>\n    <!-- \/image-wrap -->\n    \n        <\/div>\n<!-- \/module image --><!-- module image -->\n<div  class=\"module module-image tb_ansn499 image-center   tf_mw\" data-lazy=\"1\">\n        <div class=\"image-wrap tf_rel tf_mw\">\n            <img loading=\"lazy\" decoding=\"async\" src=\"https:\/\/lifeplatform.eu\/wp-content\/uploads\/2017\/02\/fishers-image-eu-projects-450x250.jpg\" width=\"450\" height=\"250\" class=\"wp-post-image wp-image-7645\" title=\"fishers-image-eu-proiecte\" alt=\"Three fishermen in icy waters\">    \n        <\/div>\n    <!-- \/image-wrap -->\n    \n        <\/div>\n<!-- \/module image --><!-- module image -->\n<div  class=\"module module-image tb_2sjb499 image-center   tf_mw\" data-lazy=\"1\">\n        <div class=\"image-wrap tf_rel tf_mw\">\n            <img loading=\"lazy\" decoding=\"async\" src=\"https:\/\/lifeplatform.eu\/wp-content\/uploads\/2017\/02\/handshake-image-eu-projects-450x250.jpg\" width=\"450\" height=\"250\" class=\"wp-post-image wp-image-7646\" title=\"handshake-imagine-eu-proiecte\" alt=\"A LIFE certificate presentation\">    \n        <\/div>\n    <!-- \/image-wrap -->\n    \n        <\/div>\n<!-- \/module image --><!-- module image -->\n<div  class=\"module module-image tb_7ck6500 image-center   tf_mw\" data-lazy=\"1\">\n        <div class=\"image-wrap tf_rel tf_mw\">\n            <img loading=\"lazy\" decoding=\"async\" src=\"https:\/\/lifeplatform.eu\/wp-content\/uploads\/2018\/03\/LIFE-EVENT_26_MARCH_2018_4720-1024x534-450x250-450x250.jpg\" width=\"450\" height=\"250\" title=\"Proiectul BANS 2019\" alt=\"BANS Project 2019\">    \n        <\/div>\n    <!-- \/image-wrap -->\n    \n        <\/div>\n<!-- \/module image -->        <\/div>\n                        <\/div>\n        <\/div>\n                        <div  data-lazy=\"1\" class=\"module_row themify_builder_row tb_1gcx146 tf_w\">\n                        <div class=\"row_inner col_align_top tb_col_count_2 tf_box tf_rel\">\n                        <div  data-lazy=\"1\" class=\"module_column tb-column col4-3 tb_g2ph146 first\">\n                    <!-- module text -->\n<div  class=\"module module-text tb_quhk146\" data-lazy=\"1\">\n        <div  class=\"tb_text_wrap\">\n        <p><strong>Au fost ob\u021binute o serie de rezultate, printre care: <\/strong><\/p>\n<ul>\n<li>Numeroase \u00eent\u00e2lniri cu organiza\u021biile de pescari artizanali din zona de opera\u021biune pentru a \u00een\u021belege \u00een profunzime situa\u021bia acestora \u0219i pentru a le oferi sprijinul necesar, at\u00e2t \u00een cadrul reuniunilor, c\u00e2t \u0219i \u00een cadrul contactelor ulterioare, \u00een vederea cre\u0103rii unei re\u021bele regionale func\u021bionale.<\/li>\n<li>Participarea activ\u0103 la numeroase reuniuni \u0219i activit\u0103\u021bi ale Consiliilor consultative pentru Marea Baltic\u0103 \u0219i Marea Nordului<\/li>\n<li>Asisten\u021b\u0103 \u00een cadrul unei licita\u021bii de succes pentru ca o organiza\u021bie s\u0103 se al\u0103ture Consiliului consultativ al M\u0103rii Baltice<\/li>\n<li>Facilitarea ader\u0103rii a 3 organiza\u021bii membre la LIFE<\/li>\n<li>Organizarea unui important atelier de lucru destinat familiariz\u0103rii pescarilor artizanali cu institu\u021biile UE \u0219i cu procesul decizional \u00een domeniul pescuitului, cu natura consiliilor consultative, cu Fondul european pentru pescuit \u0219i afaceri maritime, cu sistemele de gestionare a cotelor \u0219i cu obliga\u021bia de debarcare (a se vedea presa de mai jos).<\/li>\n<li>Produc\u021bia a cinci filme tutoriale scurte care corespund principalelor subiecte ale atelierului descrise mai sus.<\/li>\n<li>Asisten\u021b\u0103 \u00een elaborarea de c\u0103tre pescarii artizanali \u00een cauz\u0103 a unui plan de ac\u021biune pentru stocul de cod din vestul M\u0103rii Baltice, av\u00e2nd \u00een vedere avizul ICES din 2017 pentru acest stoc;<\/li>\n<li>Asisten\u021b\u0103 \u00een elaborarea de c\u0103tre pescarii artizanali interesa\u021bi a unui plan de ac\u021biune pentru biban de mare, av\u00e2nd \u00een vedere avizul ICES din 2017 pentru acest stoc.<\/li>\n<\/ul>\n<p><a href=\"\/ro\/\"https:><strong>Accesa\u021bi raportul intermediar oficial f\u0103c\u00e2nd clic aici.<\/strong><\/a><\/p>\n<p><a href=\"\/ro\/\"https:>Rezultatele de p\u00e2n\u0103 acum (octombrie 2017)<\/a><\/p>\n<p><a href=\"\/ro\/\"https:>Concluzii ale atelierului de lucru privind AC desf\u0103\u0219urat la Hamburg la 2\/10<\/a><\/p>\n<p><a href=\"\/ro\/\"https:>LIFE_BANS_Raport_tehnic_final<\/a><\/p>    <\/div>\n<\/div>\n<!-- \/module text --><!-- module image -->\n<div  class=\"module module-image tb_egal721 image-top   tf_mw\" data-lazy=\"1\">\n        <div class=\"image-wrap tf_rel tf_mw\">\n            <img loading=\"lazy\" decoding=\"async\" width=\"842\" height=\"541\" src=\"https:\/\/lifeplatform.eu\/wp-content\/uploads\/2018\/03\/breakthroughts.jpg\" class=\"wp-post-image wp-image-9874\" title=\"descoperiri\" alt=\"breakthroughts\" srcset=\"https:\/\/lifeplatform.eu\/wp-content\/uploads\/2018\/03\/breakthroughts.jpg 842w, https:\/\/lifeplatform.eu\/wp-content\/uploads\/2018\/03\/breakthroughts-300x193.jpg 300w\" sizes=\"auto, (max-width: 842px) 100vw, 842px\" \/>    \n        <\/div>\n    <!-- \/image-wrap -->\n    \n        <\/div>\n<!-- \/module image -->        <\/div>\n                    <div  data-lazy=\"1\" class=\"module_column tb-column col4-1 tb_79yn146 last\">\n                    <!-- module text -->\n<div  class=\"module module-text tb_fh61147\" data-lazy=\"1\">\n        <div  class=\"tb_text_wrap\">\n        <h4 style=\"\\\"text-align:\" center;\\\">Link-uri utile<\/h4>\n<p><a href=\"\/ro\/\"http:>DG Mare <\/a><\/p>\n<p><a href=\"\/ro\/\"https:>Farnet <\/a><\/p>\n<p><a href=\"\/ro\/\"http:>Helcom <\/a><\/p>\n<p><a href=\"\/ro\/\"http:>Consiliul consultativ al M\u0103rii Baltice <\/a><\/p>\n<p><a href=\"\/ro\/\"http:>Consiliul consultativ pentru Marea Nordului <\/a><\/p>\n<p><a href=\"\/ro\/\"http:>Proiectul Tabaco<\/a>\u00a0<\/p>    <\/div>\n<\/div>\n<!-- \/module text -->        <\/div>\n                        <\/div>\n        <\/div>\n                        <div  data-lazy=\"1\" class=\"module_row themify_builder_row tb_hn95782 tf_w\">\n                        <div class=\"row_inner col_align_top tb_col_count_1 tf_box tf_rel\">\n                        <div  data-lazy=\"1\" class=\"module_column tb-column col-full tb_96hn782 first\">\n                    <!-- module text -->\n<div  class=\"module module-text tb_1mcv782\" data-lazy=\"1\">\n        <div  class=\"tb_text_wrap\">\n        <h3><em>Mass-media de la evenimentele BANS<\/em><\/h3>    <\/div>\n<\/div>\n<!-- \/module text -->        <div  data-lazy=\"1\" class=\"module_subrow themify_builder_sub_row tf_w col_align_top tb_col_count_2 tb_h0i8783\">\n                <div  data-lazy=\"1\" class=\"module_column sub_column col4-2 tb_1lo2784 first\">\n                    <!-- module video -->\n<div  class=\"module module-video tb_51h0784 video-top\" data-lazy=\"1\">\n                    <div class=\"video-wrap-outer\">\n            <div class=\"video-wrap tf_rel tf_overflow\">\n                                    <noscript><iframe data-no-script src=\"https:\/\/www.youtube.com\/embed\/PeRdKyRgAzQ?pip=1&#038;playsinline=1\" allow=\"accelerometer;encrypted-media;gyroscope;picture-in-picture;fullscreen\" class=\"tf_abs tf_w tf_h\"><\/iframe><\/noscript>\n                                <\/div>\n            <!-- \/video-wrap -->\n        <\/div>\n        <!-- \/video-wrap-outer -->\n            <\/div>\n<!-- module video -->\n<div  class=\"module module-video tb_bfs6784 video-top\" data-lazy=\"1\">\n                    <div class=\"video-wrap-outer\">\n            <div class=\"video-wrap tf_rel tf_overflow\">\n                                    <noscript><iframe data-no-script src=\"https:\/\/www.youtube.com\/embed\/1S6cZPM52Fw?pip=1&#038;playsinline=1&#038;feature=youtu.be\" allow=\"accelerometer;encrypted-media;gyroscope;picture-in-picture;fullscreen\" class=\"tf_abs tf_w tf_h\"><\/iframe><\/noscript>\n                                <\/div>\n            <!-- \/video-wrap -->\n        <\/div>\n        <!-- \/video-wrap-outer -->\n            <\/div>\n        <\/div>\n                    <div  data-lazy=\"1\" class=\"module_column sub_column col4-2 tb_v0ok784 last\">\n                    <!-- module text -->\n<div  class=\"module module-text tb_k6an260  repeat\" data-lazy=\"1\">\n        <div  class=\"tb_text_wrap\">\n        <h4 style=\"\\\"text-align:\" center;\\\"><a href=\"\/ro\/\"https:>Vezi galeria<\/a><\/h4>    <\/div>\n<\/div>\n<!-- \/module text --><!-- module text -->\n<div  class=\"module module-text tb_9cpt354  fullcover\" data-lazy=\"1\">\n        <div  class=\"tb_text_wrap\">\n        <h4 style=\"\\\"text-align:\" center;\\\"><a href=\"\/ro\/\"https:>Vezi galeria<\/a><\/h4>    <\/div>\n<\/div>\n<!-- \/module text -->        <\/div>\n                    <\/div>\n                <\/div>\n                        <\/div>\n        <\/div>\n                        <div  data-lazy=\"1\" class=\"module_row themify_builder_row tb_5mta264 tf_w\">\n                        <div class=\"row_inner col_align_top tb_col_count_2 tf_box tf_rel\">\n                        <div  data-lazy=\"1\" class=\"module_column tb-column col2-1 tb_zuvl265 first\">\n                    <!-- module text -->\n<div  class=\"module module-text tb_c4gy654\" data-lazy=\"1\">\n        <div  class=\"tb_text_wrap\">\n        <h5><strong>Proiectul pilot \"M\u0103suri de sprijin pentru pescuitul la scar\u0103 mic\u0103\" - Marea Baltic\u0103 \u0219i Marea Nordului -\u00a0<\/strong><strong>Num\u0103r de acord MARE\/2014\/04 - SI2.727556<\/strong><\/h5>    <\/div>\n<\/div>\n<!-- \/module text -->        <\/div>\n                    <div  data-lazy=\"1\" class=\"module_column tb-column col2-1 tb_cybh265 last\">\n                    <!-- module image -->\n<div  class=\"module module-image tb_4g8l6 image-right   tf_mw\" data-lazy=\"1\">\n        <div class=\"image-wrap tf_rel tf_mw\">\n            <img loading=\"lazy\" decoding=\"async\" width=\"343\" height=\"82\" src=\"https:\/\/lifeplatform.eu\/wp-content\/uploads\/2017\/03\/eu_cofunded_logo.png\" class=\"wp-post-image wp-image-7684\" title=\"eu_cofunded_logo\" alt=\"eu_cofunded_logo\" srcset=\"https:\/\/lifeplatform.eu\/wp-content\/uploads\/2017\/03\/eu_cofunded_logo.png 343w, https:\/\/lifeplatform.eu\/wp-content\/uploads\/2017\/03\/eu_cofunded_logo-300x72.png 300w\" sizes=\"auto, (max-width: 343px) 100vw, 343px\" \/>    \n        <\/div>\n    <!-- \/image-wrap -->\n    \n        <\/div>\n<!-- \/module image -->        <\/div>\n                        <\/div>\n        <\/div>\n        <\/div>\n<!--\/themify_builder_content-->","protected":false},"excerpt":{"rendered":"<p>Proiecte Proiectul pentru Marea Baltic\u0103 \u0219i Marea Nordului (BANS) finan\u021bat de Comisia European\u0103 Pescuitul la scar\u0103 mic\u0103 joac\u0103 un rol vital \u00een Uniunea European\u0103 \u00een ceea ce prive\u0219te ocuparea for\u021bei de munc\u0103, contribu\u021bia economic\u0103 \u0219i social\u0103 la comunit\u0103\u021bile de coast\u0103 \u0219i gestionarea durabil\u0103 a resurselor marine.  \u00cen conformitate cu cerin\u021bele politicii comune de pescuit reformate, Comisia European\u0103 este deosebit de [...]<\/p>","protected":false},"author":1,"featured_media":0,"parent":0,"menu_order":0,"comment_status":"closed","ping_status":"closed","template":"","meta":{"give_campaign_id":0,"footnotes":""},"class_list":["post-16524","page","type-page","status-publish","hentry","has-post-title","has-post-date","has-post-category","has-post-tag","has-post-comment","has-post-author",""],"yoast_head":"<!-- This site is optimized with the Yoast SEO plugin v26.6 - https:\/\/yoast.com\/wordpress\/plugins\/seo\/ -->\n<title>BANS Project 2019 - Life Platform<\/title>\n<meta name=\"robots\" content=\"index, follow, max-snippet:-1, max-image-preview:large, max-video-preview:-1\" \/>\n<link rel=\"canonical\" href=\"https:\/\/lifeplatform.eu\/ro\/bans-project-2019\/\" \/>\n<meta property=\"og:locale\" content=\"ro_RO\" \/>\n<meta property=\"og:type\" content=\"article\" \/>\n<meta property=\"og:title\" content=\"BANS Project 2019 - Life Platform\" \/>\n<meta property=\"og:description\" content=\"Projects Baltic and North Sea (BANS) project financed by the European Commission Small-scale fisheries play a vital role in the European Union in terms of employment, economic and social contribution to coastal communities and sustainable management of marine resources. \u00a0In line with the requirements of the reformed Common Fisheries Policy, the European Commission is particularly [&hellip;]\" \/>\n<meta property=\"og:url\" content=\"https:\/\/lifeplatform.eu\/ro\/bans-project-2019\/\" \/>\n<meta property=\"og:site_name\" content=\"Life Platform\" \/>\n<meta property=\"article:publisher\" content=\"https:\/\/www.facebook.com\/Low-Impact-Fishers-of-Europe-166393173503352\/?ref=hl\" \/>\n<meta property=\"article:modified_time\" content=\"2019-07-30T12:13:03+00:00\" \/>\n<meta property=\"og:image\" content=\"https:\/\/lifeplatform.eu\/wp-content\/uploads\/2017\/02\/team-image-eu-projects-450x250.jpg\" \/>\n<meta name=\"twitter:card\" content=\"summary_large_image\" \/>\n<meta name=\"twitter:site\" content=\"@LIFEplatformEU\" \/>\n<meta name=\"twitter:label1\" content=\"Timp estimat pentru citire\" \/>\n\t<meta name=\"twitter:data1\" content=\"3 minutes\" \/>\n<script type=\"application\/ld+json\" class=\"yoast-schema-graph\">{\"@context\":\"https:\/\/schema.org\",\"@graph\":[{\"@type\":\"WebPage\",\"@id\":\"https:\/\/lifeplatform.eu\/bans-project-2019\/\",\"url\":\"https:\/\/lifeplatform.eu\/bans-project-2019\/\",\"name\":\"BANS Project 2019 - Life Platform\",\"isPartOf\":{\"@id\":\"https:\/\/lifeplatform.eu\/ro\/#website\"},\"primaryImageOfPage\":{\"@id\":\"https:\/\/lifeplatform.eu\/bans-project-2019\/#primaryimage\"},\"image\":{\"@id\":\"https:\/\/lifeplatform.eu\/bans-project-2019\/#primaryimage\"},\"thumbnailUrl\":\"https:\/\/lifeplatform.eu\/wp-content\/uploads\/2017\/02\/team-image-eu-projects-450x250.jpg\",\"datePublished\":\"2019-07-30T11:54:58+00:00\",\"dateModified\":\"2019-07-30T12:13:03+00:00\",\"breadcrumb\":{\"@id\":\"https:\/\/lifeplatform.eu\/bans-project-2019\/#breadcrumb\"},\"inLanguage\":\"ro-RO\",\"potentialAction\":[{\"@type\":\"ReadAction\",\"target\":[\"https:\/\/lifeplatform.eu\/bans-project-2019\/\"]}]},{\"@type\":\"ImageObject\",\"inLanguage\":\"ro-RO\",\"@id\":\"https:\/\/lifeplatform.eu\/bans-project-2019\/#primaryimage\",\"url\":\"https:\/\/lifeplatform.eu\/wp-content\/uploads\/2017\/02\/team-image-eu-projects-450x250.jpg\",\"contentUrl\":\"https:\/\/lifeplatform.eu\/wp-content\/uploads\/2017\/02\/team-image-eu-projects-450x250.jpg\"},{\"@type\":\"BreadcrumbList\",\"@id\":\"https:\/\/lifeplatform.eu\/bans-project-2019\/#breadcrumb\",\"itemListElement\":[{\"@type\":\"ListItem\",\"position\":1,\"name\":\"Home\",\"item\":\"https:\/\/lifeplatform.eu\/\"},{\"@type\":\"ListItem\",\"position\":2,\"name\":\"BANS Project 2019\"}]},{\"@type\":\"WebSite\",\"@id\":\"https:\/\/lifeplatform.eu\/ro\/#website\",\"url\":\"https:\/\/lifeplatform.eu\/ro\/\",\"name\":\"Life Platform\",\"description\":\"\",\"potentialAction\":[{\"@type\":\"SearchAction\",\"target\":{\"@type\":\"EntryPoint\",\"urlTemplate\":\"https:\/\/lifeplatform.eu\/ro\/?s={search_term_string}\"},\"query-input\":{\"@type\":\"PropertyValueSpecification\",\"valueRequired\":true,\"valueName\":\"search_term_string\"}}],\"inLanguage\":\"ro-RO\"}]}<\/script>\n<!-- \/ Yoast SEO plugin. -->","yoast_head_json":{"title":"BANS Project 2019 - Life Platform","robots":{"index":"index","follow":"follow","max-snippet":"max-snippet:-1","max-image-preview":"max-image-preview:large","max-video-preview":"max-video-preview:-1"},"canonical":"https:\/\/lifeplatform.eu\/ro\/bans-project-2019\/","og_locale":"ro_RO","og_type":"article","og_title":"BANS Project 2019 - Life Platform","og_description":"Projects Baltic and North Sea (BANS) project financed by the European Commission Small-scale fisheries play a vital role in the European Union in terms of employment, economic and social contribution to coastal communities and sustainable management of marine resources. \u00a0In line with the requirements of the reformed Common Fisheries Policy, the European Commission is particularly [&hellip;]","og_url":"https:\/\/lifeplatform.eu\/ro\/bans-project-2019\/","og_site_name":"Life Platform","article_publisher":"https:\/\/www.facebook.com\/Low-Impact-Fishers-of-Europe-166393173503352\/?ref=hl","article_modified_time":"2019-07-30T12:13:03+00:00","og_image":[{"url":"https:\/\/lifeplatform.eu\/wp-content\/uploads\/2017\/02\/team-image-eu-projects-450x250.jpg","type":"","width":"","height":""}],"twitter_card":"summary_large_image","twitter_site":"@LIFEplatformEU","twitter_misc":{"Timp estimat pentru citire":"3 minutes"},"schema":{"@context":"https:\/\/schema.org","@graph":[{"@type":"WebPage","@id":"https:\/\/lifeplatform.eu\/bans-project-2019\/","url":"https:\/\/lifeplatform.eu\/bans-project-2019\/","name":"BANS Project 2019 - Life Platform","isPartOf":{"@id":"https:\/\/lifeplatform.eu\/ro\/#website"},"primaryImageOfPage":{"@id":"https:\/\/lifeplatform.eu\/bans-project-2019\/#primaryimage"},"image":{"@id":"https:\/\/lifeplatform.eu\/bans-project-2019\/#primaryimage"},"thumbnailUrl":"https:\/\/lifeplatform.eu\/wp-content\/uploads\/2017\/02\/team-image-eu-projects-450x250.jpg","datePublished":"2019-07-30T11:54:58+00:00","dateModified":"2019-07-30T12:13:03+00:00","breadcrumb":{"@id":"https:\/\/lifeplatform.eu\/bans-project-2019\/#breadcrumb"},"inLanguage":"ro-RO","potentialAction":[{"@type":"ReadAction","target":["https:\/\/lifeplatform.eu\/bans-project-2019\/"]}]},{"@type":"ImageObject","inLanguage":"ro-RO","@id":"https:\/\/lifeplatform.eu\/bans-project-2019\/#primaryimage","url":"https:\/\/lifeplatform.eu\/wp-content\/uploads\/2017\/02\/team-image-eu-projects-450x250.jpg","contentUrl":"https:\/\/lifeplatform.eu\/wp-content\/uploads\/2017\/02\/team-image-eu-projects-450x250.jpg"},{"@type":"BreadcrumbList","@id":"https:\/\/lifeplatform.eu\/bans-project-2019\/#breadcrumb","itemListElement":[{"@type":"ListItem","position":1,"name":"Home","item":"https:\/\/lifeplatform.eu\/"},{"@type":"ListItem","position":2,"name":"BANS Project 2019"}]},{"@type":"WebSite","@id":"https:\/\/lifeplatform.eu\/ro\/#website","url":"https:\/\/lifeplatform.eu\/ro\/","name":"Platforma de via\u021b\u0103","description":"","potentialAction":[{"@type":"SearchAction","target":{"@type":"EntryPoint","urlTemplate":"https:\/\/lifeplatform.eu\/ro\/?s={search_term_string}"},"query-input":{"@type":"PropertyValueSpecification","valueRequired":true,"valueName":"search_term_string"}}],"inLanguage":"ro-RO"}]}},"campaignId":"","_links":{"self":[{"href":"https:\/\/lifeplatform.eu\/ro\/wp-json\/wp\/v2\/pages\/16524","targetHints":{"allow":["GET"]}}],"collection":[{"href":"https:\/\/lifeplatform.eu\/ro\/wp-json\/wp\/v2\/pages"}],"about":[{"href":"https:\/\/lifeplatform.eu\/ro\/wp-json\/wp\/v2\/types\/page"}],"author":[{"embeddable":true,"href":"https:\/\/lifeplatform.eu\/ro\/wp-json\/wp\/v2\/users\/1"}],"replies":[{"embeddable":true,"href":"https:\/\/lifeplatform.eu\/ro\/wp-json\/wp\/v2\/comments?post=16524"}],"version-history":[{"count":11,"href":"https:\/\/lifeplatform.eu\/ro\/wp-json\/wp\/v2\/pages\/16524\/revisions"}],"predecessor-version":[{"id":16535,"href":"https:\/\/lifeplatform.eu\/ro\/wp-json\/wp\/v2\/pages\/16524\/revisions\/16535"}],"wp:attachment":[{"href":"https:\/\/lifeplatform.eu\/ro\/wp-json\/wp\/v2\/media?parent=16524"}],"curies":[{"name":"wp","href":"https:\/\/api.w.org\/{rel}","templated":true}]}}