{"id":16524,"date":"2019-07-30T11:54:58","date_gmt":"2019-07-30T11:54:58","guid":{"rendered":"https:\/\/lifeplatform.eu\/?page_id=16524"},"modified":"2019-07-30T12:13:03","modified_gmt":"2019-07-30T12:13:03","slug":"bans-project-2019","status":"publish","type":"page","link":"https:\/\/lifeplatform.eu\/pl\/bans-project-2019\/","title":{"rendered":"Projekt BANS 2019"},"content":{"rendered":"<!--themify_builder_content-->\n<div id=\"themify_builder_content-16524\" data-postid=\"16524\" class=\"themify_builder_content themify_builder_content-16524 themify_builder tf_clear\">\n                    <div  data-parallax-bg=\"desktop\" data-css_id=\"taug738\" data-lazy=\"1\" class=\"module_row themify_builder_row fullwidth_row_container tb_taug738 tb_first tf_w\">\n                        <div class=\"row_inner col_align_top tb_col_count_1 tf_box tf_rel\">\n                        <div  data-lazy=\"1\" class=\"module_column tb-column col-full tb_6pjk738 first\">\n                    <!-- module text -->\n<div  class=\"module module-text tb_fb56738\" data-lazy=\"1\">\n        <div  class=\"tb_text_wrap\">\n        <h1>Projekty<\/h1>    <\/div>\n<\/div>\n<!-- \/module text -->        <\/div>\n                        <\/div>\n        <\/div>\n                        <div  data-lazy=\"1\" class=\"module_row themify_builder_row tb_xz8u498 tf_w\">\n                        <div class=\"row_inner col_align_top tb_col_count_2 tf_box tf_rel\">\n                        <div  data-lazy=\"1\" class=\"module_column tb-column col4-2 tb_pxa7498 first\">\n                    <!-- module text -->\n<div  class=\"module module-text tb_szkr498\" data-lazy=\"1\">\n        <div  class=\"tb_text_wrap\">\n        <h2>Projekt Ba\u0142tyk i Morze P\u00f3\u0142nocne (BANS) finansowany przez Komisj\u0119 Europejsk\u0105<\/h2>\n<p>Rybo\u0142\u00f3wstwo przybrze\u017cne odgrywa kluczow\u0105 rol\u0119 w Unii Europejskiej pod wzgl\u0119dem zatrudnienia, wk\u0142adu gospodarczego i spo\u0142ecznego w spo\u0142eczno\u015bci przybrze\u017cne oraz zr\u00f3wnowa\u017conego zarz\u0105dzania zasobami morskimi.  Zgodnie z wymogami zreformowanej Wsp\u00f3lnej Polityki Rybo\u0142\u00f3wstwa, Komisja Europejska zwraca szczeg\u00f3ln\u0105 uwag\u0119 na sytuacj\u0119 flot przybrze\u017cnych i jest \u015bwiadoma, \u017ce odpowiednie wsparcie jest niezb\u0119dne dla wzrostu i dobrobytu tego sektora.<\/p>\n<p>Dlatego z wielk\u0105 przyjemno\u015bci\u0105 platforma LIFE sta\u0142a si\u0119 jednym z beneficjent\u00f3w tej inicjatywy i obecnie prowadzi projekt\u00a0<strong><em>\"\u015arodki wsparcia dla rybo\u0142\u00f3wstwa na ma\u0142\u0105 skal\u0119 na Morzu Ba\u0142tyckim i Morzu P\u00f3\u0142nocnym\"<\/em><\/strong>\u00a0, kt\u00f3rego g\u0142\u00f3wnym celem jest wzmocnienie sieci rybak\u00f3w ma\u0142oskalowych o niskim wp\u0142ywie na \u015brodowisko w regionie.<\/p>\n<p>Aby odnie\u015b\u0107 sukces w tym istotnym zadaniu, lokalne organizacje rybackie mog\u0105 polega\u0107 na koordynatorze ds. Ba\u0142tyku i Morza P\u00f3\u0142nocnego z silnym do\u015bwiadczeniem w zarz\u0105dzaniu rybo\u0142\u00f3wstwem i reprezentacji polityki, zatrudnionym specjalnie w tym celu. Pracownicy LIFE wspieraj\u0105, doradzaj\u0105 i koordynuj\u0105 organizacje rybak\u00f3w ma\u0142oskalowych oraz umo\u017cliwiaj\u0105 skuteczn\u0105 wsp\u00f3\u0142prac\u0119 z interesariuszami z sektora publicznego i prywatnego. Projekt obj\u0105\u0142 ju\u017c szereg pa\u0144stw cz\u0142onkowskich w regionie, w tym Polsk\u0119, Niemcy, Dani\u0119, Finlandi\u0119, Szwecj\u0119 i Estoni\u0119.<\/p>\n<p><strong>Wzmocnienie pozycji drobnych organizacji rybackich jest nap\u0119dzane i zapewniane w ramach projektu poprzez skupienie si\u0119 na kilku priorytetach:<\/strong><\/p>\n<ul>\n<li>Budowanie potencja\u0142u rybak\u00f3w ma\u0142oskalowych w regionie, tak aby ich g\u0142osy i obawy by\u0142y s\u0142yszane i brane pod uwag\u0119 na forach regionalnych, zw\u0142aszcza w komitetach doradczych;<\/li>\n<li>Regularna wsp\u00f3\u0142praca z rybakami ma\u0142oskalowymi na tym obszarze w celu zrozumienia ich sytuacji, pomocy w okre\u015bleniu ich potrzeb, tak aby mogli zdefiniowa\u0107 wsp\u00f3lny program i komunikaty;<\/li>\n<li>U\u0142atwianie budowania wsp\u00f3lnych stanowisk i organizowania wsp\u00f3lnych dzia\u0142a\u0144;<\/li>\n<li>Zach\u0119canie rybak\u00f3w ma\u0142oskalowych do wsp\u00f3\u0142pracy w celu wymiany do\u015bwiadcze\u0144 i najlepszych praktyk;<\/li>\n<li>Informowanie rybak\u00f3w ma\u0142oskalowych na tym obszarze o rozwoju polityki na wszystkich istotnych poziomach;<\/li>\n<li>Doradztwo w zakresie rozwi\u0105za\u0144 problem\u00f3w, z kt\u00f3rymi borykaj\u0105 si\u0119 w codziennej pracy<\/li>\n<\/ul>    <\/div>\n<\/div>\n<!-- \/module text -->        <\/div>\n                    <div  data-lazy=\"1\" class=\"module_column tb-column col4-2 tb_4lax499 last\">\n                    <!-- module image -->\n<div  class=\"module module-image tb_5wae499 image-center   tf_mw\" data-lazy=\"1\">\n        <div class=\"image-wrap tf_rel tf_mw\">\n            <img loading=\"lazy\" decoding=\"async\" src=\"https:\/\/lifeplatform.eu\/wp-content\/uploads\/2017\/02\/team-image-eu-projects-450x250.jpg\" width=\"450\" height=\"250\" class=\"wp-post-image wp-image-7643\" title=\"team-image-eu-projects\" alt=\"LIFE platform staff\">    \n        <\/div>\n    <!-- \/image-wrap -->\n    \n        <\/div>\n<!-- \/module image --><!-- module image -->\n<div  class=\"module module-image tb_ub8w499 image-center   tf_mw\" data-lazy=\"1\">\n        <div class=\"image-wrap tf_rel tf_mw\">\n            <img loading=\"lazy\" decoding=\"async\" src=\"https:\/\/lifeplatform.eu\/wp-content\/uploads\/2017\/02\/boat-image-eu-projects-450x250.jpg\" width=\"450\" height=\"250\" class=\"wp-post-image wp-image-7644\" title=\"boat-image-eu-projects\" alt=\"Fishermen in an exchange next to two beached vessels\">    \n        <\/div>\n    <!-- \/image-wrap -->\n    \n        <\/div>\n<!-- \/module image --><!-- module image -->\n<div  class=\"module module-image tb_ansn499 image-center   tf_mw\" data-lazy=\"1\">\n        <div class=\"image-wrap tf_rel tf_mw\">\n            <img loading=\"lazy\" decoding=\"async\" src=\"https:\/\/lifeplatform.eu\/wp-content\/uploads\/2017\/02\/fishers-image-eu-projects-450x250.jpg\" width=\"450\" height=\"250\" class=\"wp-post-image wp-image-7645\" title=\"fishers-image-eu-projects\" alt=\"Three fishermen in icy waters\">    \n        <\/div>\n    <!-- \/image-wrap -->\n    \n        <\/div>\n<!-- \/module image --><!-- module image -->\n<div  class=\"module module-image tb_2sjb499 image-center   tf_mw\" data-lazy=\"1\">\n        <div class=\"image-wrap tf_rel tf_mw\">\n            <img loading=\"lazy\" decoding=\"async\" src=\"https:\/\/lifeplatform.eu\/wp-content\/uploads\/2017\/02\/handshake-image-eu-projects-450x250.jpg\" width=\"450\" height=\"250\" class=\"wp-post-image wp-image-7646\" title=\"handshake-image-eu-projects\" alt=\"A LIFE certificate presentation\">    \n        <\/div>\n    <!-- \/image-wrap -->\n    \n        <\/div>\n<!-- \/module image --><!-- module image -->\n<div  class=\"module module-image tb_7ck6500 image-center   tf_mw\" data-lazy=\"1\">\n        <div class=\"image-wrap tf_rel tf_mw\">\n            <img loading=\"lazy\" decoding=\"async\" src=\"https:\/\/lifeplatform.eu\/wp-content\/uploads\/2018\/03\/LIFE-EVENT_26_MARCH_2018_4720-1024x534-450x250-450x250.jpg\" width=\"450\" height=\"250\" title=\"Projekt BANS 2019\" alt=\"BANS Project 2019\">    \n        <\/div>\n    <!-- \/image-wrap -->\n    \n        <\/div>\n<!-- \/module image -->        <\/div>\n                        <\/div>\n        <\/div>\n                        <div  data-lazy=\"1\" class=\"module_row themify_builder_row tb_1gcx146 tf_w\">\n                        <div class=\"row_inner col_align_top tb_col_count_2 tf_box tf_rel\">\n                        <div  data-lazy=\"1\" class=\"module_column tb-column col4-3 tb_g2ph146 first\">\n                    <!-- module text -->\n<div  class=\"module module-text tb_quhk146\" data-lazy=\"1\">\n        <div  class=\"tb_text_wrap\">\n        <p><strong>Osi\u0105gni\u0119to szereg wynik\u00f3w, w tym: <\/strong><\/p>\n<ul>\n<li>Liczne spotkania z organizacjami rybak\u00f3w ma\u0142oskalowych z obszaru dzia\u0142ania w celu dog\u0142\u0119bnego zrozumienia ich sytuacji i wsparcia ich w razie potrzeby, zar\u00f3wno podczas spotka\u0144, jak i p\u00f3\u017aniejszych kontakt\u00f3w - w celu stworzenia funkcjonuj\u0105cej sieci regionalnej.<\/li>\n<li>Aktywny udzia\u0142 w licznych spotkaniach i dzia\u0142aniach komitet\u00f3w doradczych ds. Morza Ba\u0142tyckiego i Morza P\u00f3\u0142nocnego<\/li>\n<li>Pomoc w z\u0142o\u017ceniu wniosku o cz\u0142onkostwo jednej organizacji w Radzie Doradczej Morza Ba\u0142tyckiego<\/li>\n<li>U\u0142atwienie 3 organizacjom cz\u0142onkowskim do\u0142\u0105czenia do LIFE<\/li>\n<li>Organizacja du\u017cych warsztat\u00f3w maj\u0105cych na celu zapoznanie rybak\u00f3w ma\u0142oskalowych z instytucjami UE i procesem decyzyjnym w rybo\u0142\u00f3wstwie, charakterem komitet\u00f3w doradczych, Europejskim Funduszem Morskim i Rybackim, systemami zarz\u0105dzania kwotami i obowi\u0105zkiem wy\u0142adunku (patrz media poni\u017cej).<\/li>\n<li>Produkcja pi\u0119ciu kr\u00f3tkich film\u00f3w instrukta\u017cowych odpowiadaj\u0105cych g\u0142\u00f3wnym tematom warsztat\u00f3w opisanym powy\u017cej.<\/li>\n<li>Pomoc w opracowaniu przez zainteresowanych rybak\u00f3w ma\u0142oskalowych planu dzia\u0142ania dla stada dorsza w zachodnim Ba\u0142tyku w \u015bwietle opinii ICES z 2017 r. dotycz\u0105cej tego stada;<\/li>\n<li>Pomoc w opracowaniu przez zainteresowanych rybak\u00f3w ma\u0142oskalowych planu dzia\u0142ania na rzecz labraksa w \u015bwietle opinii ICES z 2017 r. dotycz\u0105cej tego stada.<\/li>\n<\/ul>\n<p><a href=\"\/pl\/\"https:><strong>Dost\u0119p do oficjalnego raportu \u015br\u00f3dokresowego mo\u017cna uzyska\u0107, klikaj\u0105c tutaj.<\/strong><\/a><\/p>\n<p><a href=\"\/pl\/\"https:>Dotychczasowe wyniki (pa\u017adziernik 2017)<\/a><\/p>\n<p><a href=\"\/pl\/\"https:>Wnioski z warsztat\u00f3w na temat AC, kt\u00f3re odby\u0142y si\u0119 w Hamburgu w dniu 2\/10 r.<\/a><\/p>\n<p><a href=\"\/pl\/\"https:>LIFE_BANS_Final_Technical_Report<\/a><\/p>    <\/div>\n<\/div>\n<!-- \/module text --><!-- module image -->\n<div  class=\"module module-image tb_egal721 image-top   tf_mw\" data-lazy=\"1\">\n        <div class=\"image-wrap tf_rel tf_mw\">\n            <img loading=\"lazy\" decoding=\"async\" width=\"842\" height=\"541\" src=\"https:\/\/lifeplatform.eu\/wp-content\/uploads\/2018\/03\/breakthroughts.jpg\" class=\"wp-post-image wp-image-9874\" title=\"prze\u0142omy\" alt=\"breakthroughts\" srcset=\"https:\/\/lifeplatform.eu\/wp-content\/uploads\/2018\/03\/breakthroughts.jpg 842w, https:\/\/lifeplatform.eu\/wp-content\/uploads\/2018\/03\/breakthroughts-300x193.jpg 300w\" sizes=\"auto, (max-width: 842px) 100vw, 842px\" \/>    \n        <\/div>\n    <!-- \/image-wrap -->\n    \n        <\/div>\n<!-- \/module image -->        <\/div>\n                    <div  data-lazy=\"1\" class=\"module_column tb-column col4-1 tb_79yn146 last\">\n                    <!-- module text -->\n<div  class=\"module module-text tb_fh61147\" data-lazy=\"1\">\n        <div  class=\"tb_text_wrap\">\n        <h4 style=\"\\\"text-align:\" center;\\\">Przydatne linki<\/h4>\n<p><a href=\"\/pl\/\"http:>DG Mare <\/a><\/p>\n<p><a href=\"\/pl\/\"https:>Farnet <\/a><\/p>\n<p><a href=\"\/pl\/\"http:>Helcom <\/a><\/p>\n<p><a href=\"\/pl\/\"http:>Ba\u0142tycki Komitet Doradczy ds. <\/a><\/p>\n<p><a href=\"\/pl\/\"http:>Komitet Doradczy ds. Morza P\u00f3\u0142nocnego <\/a><\/p>\n<p><a href=\"\/pl\/\"http:>Projekt Tabaco<\/a>\u00a0<\/p>    <\/div>\n<\/div>\n<!-- \/module text -->        <\/div>\n                        <\/div>\n        <\/div>\n                        <div  data-lazy=\"1\" class=\"module_row themify_builder_row tb_hn95782 tf_w\">\n                        <div class=\"row_inner col_align_top tb_col_count_1 tf_box tf_rel\">\n                        <div  data-lazy=\"1\" class=\"module_column tb-column col-full tb_96hn782 first\">\n                    <!-- module text -->\n<div  class=\"module module-text tb_1mcv782\" data-lazy=\"1\">\n        <div  class=\"tb_text_wrap\">\n        <h3><em>Media z wydarze\u0144 BANS<\/em><\/h3>    <\/div>\n<\/div>\n<!-- \/module text -->        <div  data-lazy=\"1\" class=\"module_subrow themify_builder_sub_row tf_w col_align_top tb_col_count_2 tb_h0i8783\">\n                <div  data-lazy=\"1\" class=\"module_column sub_column col4-2 tb_1lo2784 first\">\n                    <!-- module video -->\n<div  class=\"module module-video tb_51h0784 video-top\" data-lazy=\"1\">\n                    <div class=\"video-wrap-outer\">\n            <div class=\"video-wrap tf_rel tf_overflow\">\n                                    <noscript><iframe data-no-script src=\"https:\/\/www.youtube.com\/embed\/PeRdKyRgAzQ?pip=1&#038;playsinline=1\" allow=\"accelerometer;encrypted-media;gyroscope;picture-in-picture;fullscreen\" class=\"tf_abs tf_w tf_h\"><\/iframe><\/noscript>\n                                <\/div>\n            <!-- \/video-wrap -->\n        <\/div>\n        <!-- \/video-wrap-outer -->\n            <\/div>\n<!-- module video -->\n<div  class=\"module module-video tb_bfs6784 video-top\" data-lazy=\"1\">\n                    <div class=\"video-wrap-outer\">\n            <div class=\"video-wrap tf_rel tf_overflow\">\n                                    <noscript><iframe data-no-script src=\"https:\/\/www.youtube.com\/embed\/1S6cZPM52Fw?pip=1&#038;playsinline=1&#038;feature=youtu.be\" allow=\"accelerometer;encrypted-media;gyroscope;picture-in-picture;fullscreen\" class=\"tf_abs tf_w tf_h\"><\/iframe><\/noscript>\n                                <\/div>\n            <!-- \/video-wrap -->\n        <\/div>\n        <!-- \/video-wrap-outer -->\n            <\/div>\n        <\/div>\n                    <div  data-lazy=\"1\" class=\"module_column sub_column col4-2 tb_v0ok784 last\">\n                    <!-- module text -->\n<div  class=\"module module-text tb_k6an260  repeat\" data-lazy=\"1\">\n        <div  class=\"tb_text_wrap\">\n        <h4 style=\"\\\"text-align:\" center;\\\"><a href=\"\/pl\/\"https:>Wy\u015bwietl galeri\u0119<\/a><\/h4>    <\/div>\n<\/div>\n<!-- \/module text --><!-- module text -->\n<div  class=\"module module-text tb_9cpt354  fullcover\" data-lazy=\"1\">\n        <div  class=\"tb_text_wrap\">\n        <h4 style=\"\\\"text-align:\" center;\\\"><a href=\"\/pl\/\"https:>Wy\u015bwietl galeri\u0119<\/a><\/h4>    <\/div>\n<\/div>\n<!-- \/module text -->        <\/div>\n                    <\/div>\n                <\/div>\n                        <\/div>\n        <\/div>\n                        <div  data-lazy=\"1\" class=\"module_row themify_builder_row tb_5mta264 tf_w\">\n                        <div class=\"row_inner col_align_top tb_col_count_2 tf_box tf_rel\">\n                        <div  data-lazy=\"1\" class=\"module_column tb-column col2-1 tb_zuvl265 first\">\n                    <!-- module text -->\n<div  class=\"module module-text tb_c4gy654\" data-lazy=\"1\">\n        <div  class=\"tb_text_wrap\">\n        <h5><strong>Projekt pilota\u017cowy \"\u015arodki wsparcia dla rybo\u0142\u00f3wstwa na ma\u0142\u0105 skal\u0119\" - Morze Ba\u0142tyckie i P\u00f3\u0142nocne -\u00a0<\/strong><strong>Numer umowy MARE\/2014\/04 - SI2.727556<\/strong><\/h5>    <\/div>\n<\/div>\n<!-- \/module text -->        <\/div>\n                    <div  data-lazy=\"1\" class=\"module_column tb-column col2-1 tb_cybh265 last\">\n                    <!-- module image -->\n<div  class=\"module module-image tb_4g8l6 image-right   tf_mw\" data-lazy=\"1\">\n        <div class=\"image-wrap tf_rel tf_mw\">\n            <img loading=\"lazy\" decoding=\"async\" width=\"343\" height=\"82\" src=\"https:\/\/lifeplatform.eu\/wp-content\/uploads\/2017\/03\/eu_cofunded_logo.png\" class=\"wp-post-image wp-image-7684\" title=\"eu_cofunded_logo\" alt=\"eu_cofunded_logo\" srcset=\"https:\/\/lifeplatform.eu\/wp-content\/uploads\/2017\/03\/eu_cofunded_logo.png 343w, https:\/\/lifeplatform.eu\/wp-content\/uploads\/2017\/03\/eu_cofunded_logo-300x72.png 300w\" sizes=\"auto, (max-width: 343px) 100vw, 343px\" \/>    \n        <\/div>\n    <!-- \/image-wrap -->\n    \n        <\/div>\n<!-- \/module image -->        <\/div>\n                        <\/div>\n        <\/div>\n        <\/div>\n<!--\/themify_builder_content-->","protected":false},"excerpt":{"rendered":"<p>Projekty Ba\u0142tyk i Morze P\u00f3\u0142nocne (BANS) Projekt finansowany przez Komisj\u0119 Europejsk\u0105 Rybo\u0142\u00f3wstwo ma\u0142oskalowe odgrywa istotn\u0105 rol\u0119 w Unii Europejskiej pod wzgl\u0119dem zatrudnienia, wk\u0142adu gospodarczego i spo\u0142ecznego dla spo\u0142eczno\u015bci przybrze\u017cnych oraz zr\u00f3wnowa\u017conego zarz\u0105dzania zasobami morskimi.  Zgodnie z wymogami zreformowanej Wsp\u00f3lnej Polityki Rybo\u0142\u00f3wstwa, Komisja Europejska jest szczeg\u00f3lnie [...]<\/p>","protected":false},"author":1,"featured_media":0,"parent":0,"menu_order":0,"comment_status":"closed","ping_status":"closed","template":"","meta":{"give_campaign_id":0,"footnotes":""},"class_list":["post-16524","page","type-page","status-publish","hentry","has-post-title","has-post-date","has-post-category","has-post-tag","has-post-comment","has-post-author",""],"yoast_head":"<!-- This site is optimized with the Yoast SEO plugin v26.6 - https:\/\/yoast.com\/wordpress\/plugins\/seo\/ -->\n<title>BANS Project 2019 - Life Platform<\/title>\n<meta name=\"robots\" content=\"index, follow, max-snippet:-1, max-image-preview:large, max-video-preview:-1\" \/>\n<link rel=\"canonical\" href=\"https:\/\/lifeplatform.eu\/pl\/bans-project-2019\/\" \/>\n<meta property=\"og:locale\" content=\"pl_PL\" \/>\n<meta property=\"og:type\" content=\"article\" \/>\n<meta property=\"og:title\" content=\"BANS Project 2019 - Life Platform\" \/>\n<meta property=\"og:description\" content=\"Projects Baltic and North Sea (BANS) project financed by the European Commission Small-scale fisheries play a vital role in the European Union in terms of employment, economic and social contribution to coastal communities and sustainable management of marine resources. \u00a0In line with the requirements of the reformed Common Fisheries Policy, the European Commission is particularly [&hellip;]\" \/>\n<meta property=\"og:url\" content=\"https:\/\/lifeplatform.eu\/pl\/bans-project-2019\/\" \/>\n<meta property=\"og:site_name\" content=\"Life Platform\" \/>\n<meta property=\"article:publisher\" content=\"https:\/\/www.facebook.com\/Low-Impact-Fishers-of-Europe-166393173503352\/?ref=hl\" \/>\n<meta property=\"article:modified_time\" content=\"2019-07-30T12:13:03+00:00\" \/>\n<meta property=\"og:image\" content=\"https:\/\/lifeplatform.eu\/wp-content\/uploads\/2017\/02\/team-image-eu-projects-450x250.jpg\" \/>\n<meta name=\"twitter:card\" content=\"summary_large_image\" \/>\n<meta name=\"twitter:site\" content=\"@LIFEplatformEU\" \/>\n<meta name=\"twitter:label1\" content=\"Szacowany czas czytania\" \/>\n\t<meta name=\"twitter:data1\" content=\"3 minuty\" \/>\n<script type=\"application\/ld+json\" class=\"yoast-schema-graph\">{\"@context\":\"https:\/\/schema.org\",\"@graph\":[{\"@type\":\"WebPage\",\"@id\":\"https:\/\/lifeplatform.eu\/bans-project-2019\/\",\"url\":\"https:\/\/lifeplatform.eu\/bans-project-2019\/\",\"name\":\"BANS Project 2019 - Life Platform\",\"isPartOf\":{\"@id\":\"https:\/\/lifeplatform.eu\/ro\/#website\"},\"primaryImageOfPage\":{\"@id\":\"https:\/\/lifeplatform.eu\/bans-project-2019\/#primaryimage\"},\"image\":{\"@id\":\"https:\/\/lifeplatform.eu\/bans-project-2019\/#primaryimage\"},\"thumbnailUrl\":\"https:\/\/lifeplatform.eu\/wp-content\/uploads\/2017\/02\/team-image-eu-projects-450x250.jpg\",\"datePublished\":\"2019-07-30T11:54:58+00:00\",\"dateModified\":\"2019-07-30T12:13:03+00:00\",\"breadcrumb\":{\"@id\":\"https:\/\/lifeplatform.eu\/bans-project-2019\/#breadcrumb\"},\"inLanguage\":\"pl-PL\",\"potentialAction\":[{\"@type\":\"ReadAction\",\"target\":[\"https:\/\/lifeplatform.eu\/bans-project-2019\/\"]}]},{\"@type\":\"ImageObject\",\"inLanguage\":\"pl-PL\",\"@id\":\"https:\/\/lifeplatform.eu\/bans-project-2019\/#primaryimage\",\"url\":\"https:\/\/lifeplatform.eu\/wp-content\/uploads\/2017\/02\/team-image-eu-projects-450x250.jpg\",\"contentUrl\":\"https:\/\/lifeplatform.eu\/wp-content\/uploads\/2017\/02\/team-image-eu-projects-450x250.jpg\"},{\"@type\":\"BreadcrumbList\",\"@id\":\"https:\/\/lifeplatform.eu\/bans-project-2019\/#breadcrumb\",\"itemListElement\":[{\"@type\":\"ListItem\",\"position\":1,\"name\":\"Home\",\"item\":\"https:\/\/lifeplatform.eu\/\"},{\"@type\":\"ListItem\",\"position\":2,\"name\":\"BANS Project 2019\"}]},{\"@type\":\"WebSite\",\"@id\":\"https:\/\/lifeplatform.eu\/ro\/#website\",\"url\":\"https:\/\/lifeplatform.eu\/ro\/\",\"name\":\"Life Platform\",\"description\":\"\",\"potentialAction\":[{\"@type\":\"SearchAction\",\"target\":{\"@type\":\"EntryPoint\",\"urlTemplate\":\"https:\/\/lifeplatform.eu\/ro\/?s={search_term_string}\"},\"query-input\":{\"@type\":\"PropertyValueSpecification\",\"valueRequired\":true,\"valueName\":\"search_term_string\"}}],\"inLanguage\":\"pl-PL\"}]}<\/script>\n<!-- \/ Yoast SEO plugin. -->","yoast_head_json":{"title":"BANS Project 2019 - Life Platform","robots":{"index":"index","follow":"follow","max-snippet":"max-snippet:-1","max-image-preview":"max-image-preview:large","max-video-preview":"max-video-preview:-1"},"canonical":"https:\/\/lifeplatform.eu\/pl\/bans-project-2019\/","og_locale":"pl_PL","og_type":"article","og_title":"BANS Project 2019 - Life Platform","og_description":"Projects Baltic and North Sea (BANS) project financed by the European Commission Small-scale fisheries play a vital role in the European Union in terms of employment, economic and social contribution to coastal communities and sustainable management of marine resources. \u00a0In line with the requirements of the reformed Common Fisheries Policy, the European Commission is particularly [&hellip;]","og_url":"https:\/\/lifeplatform.eu\/pl\/bans-project-2019\/","og_site_name":"Life Platform","article_publisher":"https:\/\/www.facebook.com\/Low-Impact-Fishers-of-Europe-166393173503352\/?ref=hl","article_modified_time":"2019-07-30T12:13:03+00:00","og_image":[{"url":"https:\/\/lifeplatform.eu\/wp-content\/uploads\/2017\/02\/team-image-eu-projects-450x250.jpg","type":"","width":"","height":""}],"twitter_card":"summary_large_image","twitter_site":"@LIFEplatformEU","twitter_misc":{"Szacowany czas czytania":"3 minuty"},"schema":{"@context":"https:\/\/schema.org","@graph":[{"@type":"WebPage","@id":"https:\/\/lifeplatform.eu\/bans-project-2019\/","url":"https:\/\/lifeplatform.eu\/bans-project-2019\/","name":"BANS Project 2019 - Life Platform","isPartOf":{"@id":"https:\/\/lifeplatform.eu\/ro\/#website"},"primaryImageOfPage":{"@id":"https:\/\/lifeplatform.eu\/bans-project-2019\/#primaryimage"},"image":{"@id":"https:\/\/lifeplatform.eu\/bans-project-2019\/#primaryimage"},"thumbnailUrl":"https:\/\/lifeplatform.eu\/wp-content\/uploads\/2017\/02\/team-image-eu-projects-450x250.jpg","datePublished":"2019-07-30T11:54:58+00:00","dateModified":"2019-07-30T12:13:03+00:00","breadcrumb":{"@id":"https:\/\/lifeplatform.eu\/bans-project-2019\/#breadcrumb"},"inLanguage":"pl-PL","potentialAction":[{"@type":"ReadAction","target":["https:\/\/lifeplatform.eu\/bans-project-2019\/"]}]},{"@type":"ImageObject","inLanguage":"pl-PL","@id":"https:\/\/lifeplatform.eu\/bans-project-2019\/#primaryimage","url":"https:\/\/lifeplatform.eu\/wp-content\/uploads\/2017\/02\/team-image-eu-projects-450x250.jpg","contentUrl":"https:\/\/lifeplatform.eu\/wp-content\/uploads\/2017\/02\/team-image-eu-projects-450x250.jpg"},{"@type":"BreadcrumbList","@id":"https:\/\/lifeplatform.eu\/bans-project-2019\/#breadcrumb","itemListElement":[{"@type":"ListItem","position":1,"name":"Home","item":"https:\/\/lifeplatform.eu\/"},{"@type":"ListItem","position":2,"name":"BANS Project 2019"}]},{"@type":"WebSite","@id":"https:\/\/lifeplatform.eu\/ro\/#website","url":"https:\/\/lifeplatform.eu\/ro\/","name":"Platforma \u017cycia","description":"","potentialAction":[{"@type":"SearchAction","target":{"@type":"EntryPoint","urlTemplate":"https:\/\/lifeplatform.eu\/ro\/?s={search_term_string}"},"query-input":{"@type":"PropertyValueSpecification","valueRequired":true,"valueName":"search_term_string"}}],"inLanguage":"pl-PL"}]}},"campaignId":"","_links":{"self":[{"href":"https:\/\/lifeplatform.eu\/pl\/wp-json\/wp\/v2\/pages\/16524","targetHints":{"allow":["GET"]}}],"collection":[{"href":"https:\/\/lifeplatform.eu\/pl\/wp-json\/wp\/v2\/pages"}],"about":[{"href":"https:\/\/lifeplatform.eu\/pl\/wp-json\/wp\/v2\/types\/page"}],"author":[{"embeddable":true,"href":"https:\/\/lifeplatform.eu\/pl\/wp-json\/wp\/v2\/users\/1"}],"replies":[{"embeddable":true,"href":"https:\/\/lifeplatform.eu\/pl\/wp-json\/wp\/v2\/comments?post=16524"}],"version-history":[{"count":11,"href":"https:\/\/lifeplatform.eu\/pl\/wp-json\/wp\/v2\/pages\/16524\/revisions"}],"predecessor-version":[{"id":16535,"href":"https:\/\/lifeplatform.eu\/pl\/wp-json\/wp\/v2\/pages\/16524\/revisions\/16535"}],"wp:attachment":[{"href":"https:\/\/lifeplatform.eu\/pl\/wp-json\/wp\/v2\/media?parent=16524"}],"curies":[{"name":"wp","href":"https:\/\/api.w.org\/{rel}","templated":true}]}}