{"id":19323,"date":"2021-08-26T10:48:37","date_gmt":"2021-08-26T10:48:37","guid":{"rendered":"https:\/\/alpha-dev.co.uk\/?page_id=18001"},"modified":"2022-11-15T20:58:53","modified_gmt":"2022-11-15T20:58:53","slug":"fishers","status":"publish","type":"page","link":"https:\/\/lifeplatform.eu\/ma\/members\/fishers\/","title":{"rendered":"Fishers"},"content":{"rendered":"<!--themify_builder_content-->\n<div id=\"themify_builder_content-19323\" data-postid=\"19323\" class=\"themify_builder_content themify_builder_content-19323 themify_builder tf_clear\">\n                    <div  data-lazy=\"1\" class=\"module_row themify_builder_row tb_a4ch564 tb_first tf_w\">\n                        <div class=\"row_inner col_align_top tb_col_count_1 tf_box tf_rel\">\n                        <div  data-lazy=\"1\" class=\"module_column tb-column col-full tb_j1ky565 first\">\n                            <div  data-lazy=\"1\" class=\"module_subrow themify_builder_sub_row tf_w col_align_top tb_col_count_2 tb_5atz935\">\n                <div  data-lazy=\"1\" class=\"module_column sub_column col2-1 tb_ls7p936 first\">\n                    <!-- module text -->\n<div  class=\"module module-text tb_kx19765  repeat\" data-lazy=\"1\">\n        <div  class=\"tb_text_wrap\">\n        <h2>Why become a member organisation?<\/h2>    <\/div>\n<\/div>\n<!-- \/module text -->        <\/div>\n                    <div  data-lazy=\"1\" class=\"module_column sub_column col2-1 tb_txpn937 last\">\n                            <\/div>\n                    <\/div>\n                <\/div>\n                        <\/div>\n        <\/div>\n                        <div  data-lazy=\"1\" class=\"module_row themify_builder_row tb_nucv369 tf_w\">\n                        <div class=\"row_inner col_align_top tb_col_count_2 tf_box tf_rel\">\n                        <div  data-lazy=\"1\" class=\"module_column tb-column col2-1 tb_72ga372 first\">\n                    <!-- module text -->\n<div  class=\"module module-text tb_1kt7158\" data-lazy=\"1\">\n        <div  class=\"tb_text_wrap\">\n        <p><span style=\"font-weight: 400;\">Li tg\u0127aqqad LIFE tintegrak f'komunit\u00e0 ta' sajjieda fuq skala \u017cg\u0127ira li jaqsmu l- <strong>l-istess valuri, miri u sfidi, u li qed jikkoperaw biex ji\u017cguraw futur a\u0127jar tas-settur.<\/strong><\/span><\/p>\n<p><span style=\"font-weight: 400;\">F'5 snin biss, LIFE sar forza li tiffa\u010b\u010bja fil-livell tal-UE. Is-sinifikat ta' LIFE u l-importanza tal-\u0127idma tieg\u0127u huma rikonoxxuti b'mod wiesa' mill-istituzzjonijiet Ewropej, u fi\u010b-\u010brieki tat-tfassil tal-politika tas-sajd, minn xjenzati u partijiet interessati o\u0127ra.<\/span><\/p>\n<p><strong>Billi ting\u0127aqad mag\u0127na, l-organizzazzjoni tieg\u0127ek ser issir parti minn pjattaforma Ewropea ta' sajjieda fuq skala \u017cg\u0127ira b'impatt baxx fejn inti tkun appo\u0121\u0121jat minn tim professjonali ta' persunal.\u00a0<\/strong><\/p>\n<p><span style=\"font-weight: 400;\">As part of LIFE, you will be actively involved in the European decision-making process and will receive constant guidance on the development of policies and regulations that affect you and support you to carry out solutions on the ground.<\/span><\/p>    <\/div>\n<\/div>\n<!-- \/module text -->        <div  data-lazy=\"1\" class=\"module_subrow themify_builder_sub_row tf_w col_align_top tb_col_count_2 tb_ybhr30\">\n                <div  data-lazy=\"1\" class=\"module_column sub_column col2-1 tb_kcvw31 first\">\n                    <!-- module buttons -->\n<div  class=\"module module-buttons tb_jd97256 buttons-horizontal solid\" data-lazy=\"1\">\n        <div class=\"module-buttons-item tf_in_flx\">\n                        <a href=\"https:\/\/lifeplatform.eu\/wp-content\/uploads\/2022\/02\/LIFE-Statutes-Final.pdf\" class=\"ui builder_button tf_in_flx tb_default_color\" target=\"_blank\" rel=\"noopener\">\n                                                LIFE's Statuti                                        <\/a>\n                <\/div>\n            <\/div>\n<!-- \/module buttons -->\n        <\/div>\n                    <div  data-lazy=\"1\" class=\"module_column sub_column col2-1 tb_2tem32 last\">\n                    <!-- module buttons -->\n<div  class=\"module module-buttons tb_rrgb552 buttons-horizontal solid\" data-lazy=\"1\">\n        <div class=\"module-buttons-item tf_in_flx\">\n                        <a href=\"https:\/\/lifeplatform.eu\/wp-content\/uploads\/2022\/02\/LIFE-Internal-Rules-Final.pdf\" class=\"ui builder_button tf_in_flx tb_default_color\" target=\"_blank\" rel=\"noopener\">\n                                                LIFE's Regolamenti Interni                                        <\/a>\n                <\/div>\n            <\/div>\n<!-- \/module buttons -->\n        <\/div>\n                    <\/div>\n                <\/div>\n                    <div  data-lazy=\"1\" class=\"module_column tb-column col2-1 tb_osom373 last\">\n                    <!-- module image -->\n<div  class=\"module module-image tb_hef3597 image-top   tf_mw\" data-lazy=\"1\">\n        <div class=\"image-wrap tf_rel tf_mw\">\n            <img loading=\"lazy\" decoding=\"async\" width=\"1280\" height=\"962\" src=\"https:\/\/lifeplatform.eu\/wp-content\/uploads\/2022\/02\/thumbnail_image-1.png\" class=\"wp-post-image wp-image-19476\" title=\"thumbnail_image-1\" alt=\"thumbnail_image-1\" srcset=\"https:\/\/lifeplatform.eu\/wp-content\/uploads\/2022\/02\/thumbnail_image-1.png 1280w, https:\/\/lifeplatform.eu\/wp-content\/uploads\/2022\/02\/thumbnail_image-1-300x225.png 300w, https:\/\/lifeplatform.eu\/wp-content\/uploads\/2022\/02\/thumbnail_image-1-1024x770.png 1024w\" sizes=\"auto, (max-width: 1280px) 100vw, 1280px\" \/>    \n        <\/div>\n    <!-- \/image-wrap -->\n    \n        <\/div>\n<!-- \/module image -->        <\/div>\n                        <\/div>\n        <\/div>\n                        <div  data-lazy=\"1\" class=\"module_row themify_builder_row tb_vssn322 tf_w\">\n                        <div class=\"row_inner col_align_top tb_col_count_2 tf_box tf_rel\">\n                        <div  data-lazy=\"1\" class=\"module_column tb-column col2-1 tb_v0yt323 first\">\n                    <!-- module image -->\n<div  class=\"module module-image tb_p5j8456 image-top   tf_mw\" data-lazy=\"1\">\n        <div class=\"image-wrap tf_rel tf_mw\">\n            <img loading=\"lazy\" decoding=\"async\" width=\"2706\" height=\"1908\" src=\"https:\/\/lifeplatform.eu\/wp-content\/uploads\/2018\/03\/20170526_161814.jpg\" class=\"wp-post-image wp-image-10018\" title=\"_20170526_161814\" alt=\"_20170526_161814\" srcset=\"https:\/\/lifeplatform.eu\/wp-content\/uploads\/2018\/03\/20170526_161814.jpg 2706w, https:\/\/lifeplatform.eu\/wp-content\/uploads\/2018\/03\/20170526_161814-300x212.jpg 300w, https:\/\/lifeplatform.eu\/wp-content\/uploads\/2018\/03\/20170526_161814-1024x722.jpg 1024w\" sizes=\"auto, (max-width: 2706px) 100vw, 2706px\" \/>    \n        <\/div>\n    <!-- \/image-wrap -->\n    \n        <\/div>\n<!-- \/module image -->        <\/div>\n                    <div  data-lazy=\"1\" class=\"module_column tb-column col2-1 tb_q13m323 last\">\n                    <!-- module text -->\n<div  class=\"module module-text tb_4aw1502  repeat\" data-lazy=\"1\">\n        <div  class=\"tb_text_wrap\">\n        <h2>Eli\u0121ibilit\u00e0 u Aspettattivi<\/h2>    <\/div>\n<\/div>\n<!-- \/module text --><!-- module text -->\n<div  class=\"module module-text tb_33le485\" data-lazy=\"1\">\n        <div  class=\"tb_text_wrap\">\n        <p>Nistednuk ting\u0127aqad ma' LIFE jekk int:<\/p>\n<ul>\n<li style=\"font-weight: 400;\" aria-level=\"1\"><span style=\"font-weight: 400;\">Are enthusiastic about being part of a Europe wide platform, sharing your experience, skills and knowledge with fellow members, co-creating solutions together and adding your voice to ours.<\/span><\/li>\n<li style=\"font-weight: 400;\" aria-level=\"1\"><span style=\"font-weight: 400;\">Identify as a small-scale low impact Fisher organisation, running a fishing business, prioritising quality over quantity.<\/span><\/li>\n<li aria-level=\"1\">Naqbel ma' u appo\u0121\u0121 tag\u0127na\u00a0<a href=\"https:\/\/lifeplatform.eu\/ma\/members\/fishers\/declaration-and-mission-statement\/\" target=\"_blank\" rel=\"noopener\">Declaration &amp; Mission Statement<\/a><\/li>\n<\/ul>    <\/div>\n<\/div>\n<!-- \/module text -->        <\/div>\n                        <\/div>\n        <\/div>\n                        <div  data-lazy=\"1\" class=\"module_row themify_builder_row tb_qxtp336 tf_w\">\n                        <div class=\"row_inner col_align_top tb_col_count_2 tf_box tf_rel\">\n                        <div  data-lazy=\"1\" class=\"module_column tb-column col2-1 tb_w7aa337 first\">\n                    <!-- module text -->\n<div  class=\"module module-text tb_bwrl193  repeat\" data-lazy=\"1\">\n        <div  class=\"tb_text_wrap\">\n        <h2>Benefi\u010b\u010bji<\/h2>    <\/div>\n<\/div>\n<!-- \/module text --><!-- module text -->\n<div  class=\"module module-text tb_9aip949\" data-lazy=\"1\">\n        <div  class=\"tb_text_wrap\">\n        <p><span style=\"font-weight: 400;\">B\u0127ala membru int se:<\/span><\/p>\n<ul>\n<li style=\"font-weight: 400;\" aria-level=\"1\"><span style=\"font-weight: 400;\">Ikunu kapa\u010bi ssemma' le\u0127nek fil-livell tal-UE, u ag\u0127ti sehem fit-tiswir tal-politiki li jaffettwawk.\u00a0<\/span><\/li>\n<li style=\"font-weight: 400;\" aria-level=\"1\"><span style=\"font-weight: 400;\">Ikollok a\u010b\u010bess g\u0127all-pro\u0121etti ta\u2019 LIFE, u biex tipparte\u010bipa fl-attivitajiet tag\u0127ha.<\/span><\/li>\n<li style=\"font-weight: 400;\" aria-level=\"1\"><span style=\"font-weight: 400;\">Iltaqa' ma' sajjieda ta' skala \u017cg\u0127ira ta' l-istess fehma minn madwar l-Ewropa, u taqsam mag\u0127hom il-\u0127iliet, l-g\u0127arfien u l-esperjenza tieg\u0127ek. <\/span><\/li>\n<\/ul>    <\/div>\n<\/div>\n<!-- \/module text -->        <\/div>\n                    <div  data-lazy=\"1\" class=\"module_column tb-column col2-1 tb_yjqd337 last\">\n                    <!-- module image -->\n<div  class=\"module module-image tb_tiyn212 image-top   tf_mw\" data-lazy=\"1\">\n        <div class=\"image-wrap tf_rel tf_mw\">\n            <img loading=\"lazy\" decoding=\"async\" width=\"2560\" height=\"1440\" src=\"https:\/\/lifeplatform.eu\/wp-content\/uploads\/2022\/02\/20171007_142447-1-scaled-1.jpeg\" class=\"wp-post-image wp-image-19478\" title=\"20171007_142447-1-scaled\" alt=\"20171007_142447-1-scaled\" srcset=\"https:\/\/lifeplatform.eu\/wp-content\/uploads\/2022\/02\/20171007_142447-1-scaled-1.jpeg 2560w, https:\/\/lifeplatform.eu\/wp-content\/uploads\/2022\/02\/20171007_142447-1-scaled-1-300x169.jpeg 300w, https:\/\/lifeplatform.eu\/wp-content\/uploads\/2022\/02\/20171007_142447-1-scaled-1-1024x576.jpeg 1024w, https:\/\/lifeplatform.eu\/wp-content\/uploads\/2022\/02\/20171007_142447-1-scaled-1-1536x864.jpeg 1536w, https:\/\/lifeplatform.eu\/wp-content\/uploads\/2022\/02\/20171007_142447-1-scaled-1-2048x1152.jpeg 2048w\" sizes=\"auto, (max-width: 2560px) 100vw, 2560px\" \/>    \n        <\/div>\n    <!-- \/image-wrap -->\n    \n        <\/div>\n<!-- \/module image -->        <\/div>\n                        <\/div>\n        <\/div>\n                        <div  data-lazy=\"1\" class=\"module_row themify_builder_row tb_j9uc930 tf_w\">\n                        <div class=\"row_inner col_align_top tb_col_count_1 tf_box tf_rel\">\n                        <div  data-lazy=\"1\" class=\"module_column tb-column col-full tb_x5qu931 first\">\n                            <div  data-lazy=\"1\" class=\"module_subrow themify_builder_sub_row tf_w col_align_top tb_col_count_2 tb_nsoo932\">\n                <div  data-lazy=\"1\" class=\"module_column sub_column col2-1 tb_9bwy932 first\">\n                            <\/div>\n                    <div  data-lazy=\"1\" class=\"module_column sub_column col2-1 tb_h28u933 last\">\n                    <!-- module text -->\n<div  class=\"module module-text tb_l1p3173  repeat\" data-lazy=\"1\">\n        <div  class=\"tb_text_wrap\">\n        <h2>Pro\u010bess<\/h2>    <\/div>\n<\/div>\n<!-- \/module text -->        <\/div>\n                    <\/div>\n                <\/div>\n                        <\/div>\n        <\/div>\n                        <div  data-lazy=\"1\" class=\"module_row themify_builder_row tb_ga6c642 tf_w\">\n                        <div class=\"row_inner col_align_top tb_col_count_2 tf_box tf_rel\">\n                        <div  data-lazy=\"1\" class=\"module_column tb-column col2-1 tb_25dy643 first\">\n                    <!-- module image -->\n<div  class=\"module module-image tb_6sjy740 image-top   tf_mw\" data-lazy=\"1\">\n        <div class=\"image-wrap tf_rel tf_mw\">\n            <img loading=\"lazy\" decoding=\"async\" width=\"2560\" height=\"1707\" src=\"https:\/\/lifeplatform.eu\/wp-content\/uploads\/2022\/05\/DSCF9906-scaled.jpg\" class=\"wp-post-image wp-image-19830\" title=\"DSCF9906\" alt=\"DSCF9906\" srcset=\"https:\/\/lifeplatform.eu\/wp-content\/uploads\/2022\/05\/DSCF9906-scaled.jpg 2560w, https:\/\/lifeplatform.eu\/wp-content\/uploads\/2022\/05\/DSCF9906-1024x683-300x200.jpg 300w, https:\/\/lifeplatform.eu\/wp-content\/uploads\/2022\/05\/DSCF9906-1024x683.jpg 1024w, https:\/\/lifeplatform.eu\/wp-content\/uploads\/2022\/05\/DSCF9906-1024x683-299x200.jpg 299w\" sizes=\"auto, (max-width: 2560px) 100vw, 2560px\" \/>    \n        <\/div>\n    <!-- \/image-wrap -->\n    \n        <\/div>\n<!-- \/module image -->        <\/div>\n                    <div  data-lazy=\"1\" class=\"module_column tb-column col2-1 tb_mc6n644 last\">\n                    <!-- module text -->\n<div  class=\"module module-text tb_u5wt881\" data-lazy=\"1\">\n        <div  class=\"tb_text_wrap\">\n        <p>Min qatt irid isir organizzazzjoni membru ta' LIFE g\u0127andu jissottometti t-talba billi jikteb <a href=\"https:\/\/lifeplatform.eu\/wp-content\/uploads\/2022\/02\/LIFE-Application-Form.doc\" target=\"_blank\" rel=\"noopener\">kwestjonarju spe\u010bifiku<\/a> u jehme\u017c l-istatuti tal-organizzazzjoni.<\/p>\n<p>Members of LIFE secretariat would reply and inform about the process of approval of the application and estimated time-frame.<\/p>    <\/div>\n<\/div>\n<!-- \/module text -->        <\/div>\n                        <\/div>\n        <\/div>\n                        <div  data-lazy=\"1\" class=\"module_row themify_builder_row tb_b7rs269 tf_w\">\n                        <div class=\"row_inner col_align_top tb_col_count_1 tf_box tf_rel\">\n                        <div  data-lazy=\"1\" class=\"module_column tb-column col-full tb_x4e5270 first\">\n                            <\/div>\n                        <\/div>\n        <\/div>\n        <\/div>\n<!--\/themify_builder_content-->","protected":false},"excerpt":{"rendered":"<p>Why become a member organisation? Joining LIFE integrates you into a community of small-scale fishers who share the same values, goals and challenges, and who are cooperating to ensure a better future of the sector. In just 5 years, LIFE has become a force to contend with at EU level. The significance of LIFE and [&hellip;]<\/p>","protected":false},"author":1,"featured_media":0,"parent":19315,"menu_order":0,"comment_status":"closed","ping_status":"closed","template":"","meta":{"give_campaign_id":0,"footnotes":""},"class_list":["post-19323","page","type-page","status-publish","hentry","has-post-title","has-post-date","has-post-category","has-post-tag","has-post-comment","has-post-author",""],"yoast_head":"<!-- This site is optimized with the Yoast SEO plugin v26.6 - https:\/\/yoast.com\/wordpress\/plugins\/seo\/ -->\n<title>Fishers - Life Platform<\/title>\n<meta name=\"robots\" content=\"index, follow, max-snippet:-1, max-image-preview:large, max-video-preview:-1\" \/>\n<link rel=\"canonical\" href=\"https:\/\/lifeplatform.eu\/ma\/members\/fishers\/\" \/>\n<meta property=\"og:locale\" content=\"en_US\" \/>\n<meta property=\"og:type\" content=\"article\" \/>\n<meta property=\"og:title\" content=\"Fishers - Life Platform\" \/>\n<meta property=\"og:description\" content=\"Why become a member organisation? Joining LIFE integrates you into a community of small-scale fishers who share the same values, goals and challenges, and who are cooperating to ensure a better future of the sector. In just 5 years, LIFE has become a force to contend with at EU level. The significance of LIFE and [&hellip;]\" \/>\n<meta property=\"og:url\" content=\"https:\/\/lifeplatform.eu\/ma\/members\/fishers\/\" \/>\n<meta property=\"og:site_name\" content=\"Life Platform\" \/>\n<meta property=\"article:publisher\" content=\"https:\/\/www.facebook.com\/Low-Impact-Fishers-of-Europe-166393173503352\/?ref=hl\" \/>\n<meta property=\"article:modified_time\" content=\"2022-11-15T20:58:53+00:00\" \/>\n<meta property=\"og:image\" content=\"https:\/\/lifeplatform.eu\/wp-content\/uploads\/2022\/02\/thumbnail_image-1.png\" \/>\n<meta name=\"twitter:card\" content=\"summary_large_image\" \/>\n<meta name=\"twitter:site\" content=\"@LIFEplatformEU\" \/>\n<meta name=\"twitter:label1\" content=\"Est. reading time\" \/>\n\t<meta name=\"twitter:data1\" content=\"2 minutes\" \/>\n<script type=\"application\/ld+json\" class=\"yoast-schema-graph\">{\"@context\":\"https:\/\/schema.org\",\"@graph\":[{\"@type\":\"WebPage\",\"@id\":\"https:\/\/lifeplatform.eu\/members\/fishers\/\",\"url\":\"https:\/\/lifeplatform.eu\/members\/fishers\/\",\"name\":\"Fishers - Life Platform\",\"isPartOf\":{\"@id\":\"https:\/\/lifeplatform.eu\/ro\/#website\"},\"primaryImageOfPage\":{\"@id\":\"https:\/\/lifeplatform.eu\/members\/fishers\/#primaryimage\"},\"image\":{\"@id\":\"https:\/\/lifeplatform.eu\/members\/fishers\/#primaryimage\"},\"thumbnailUrl\":\"https:\/\/lifeplatform.eu\/wp-content\/uploads\/2022\/02\/thumbnail_image-1.png\",\"datePublished\":\"2021-08-26T10:48:37+00:00\",\"dateModified\":\"2022-11-15T20:58:53+00:00\",\"breadcrumb\":{\"@id\":\"https:\/\/lifeplatform.eu\/members\/fishers\/#breadcrumb\"},\"inLanguage\":\"ma\",\"potentialAction\":[{\"@type\":\"ReadAction\",\"target\":[\"https:\/\/lifeplatform.eu\/members\/fishers\/\"]}]},{\"@type\":\"ImageObject\",\"inLanguage\":\"ma\",\"@id\":\"https:\/\/lifeplatform.eu\/members\/fishers\/#primaryimage\",\"url\":\"https:\/\/lifeplatform.eu\/wp-content\/uploads\/2022\/02\/thumbnail_image-1.png\",\"contentUrl\":\"https:\/\/lifeplatform.eu\/wp-content\/uploads\/2022\/02\/thumbnail_image-1.png\"},{\"@type\":\"BreadcrumbList\",\"@id\":\"https:\/\/lifeplatform.eu\/members\/fishers\/#breadcrumb\",\"itemListElement\":[{\"@type\":\"ListItem\",\"position\":1,\"name\":\"Home\",\"item\":\"https:\/\/lifeplatform.eu\/\"},{\"@type\":\"ListItem\",\"position\":2,\"name\":\"Members\",\"item\":\"https:\/\/lifeplatform.eu\/members\/\"},{\"@type\":\"ListItem\",\"position\":3,\"name\":\"Fishers\"}]},{\"@type\":\"WebSite\",\"@id\":\"https:\/\/lifeplatform.eu\/ro\/#website\",\"url\":\"https:\/\/lifeplatform.eu\/ro\/\",\"name\":\"Life Platform\",\"description\":\"\",\"potentialAction\":[{\"@type\":\"SearchAction\",\"target\":{\"@type\":\"EntryPoint\",\"urlTemplate\":\"https:\/\/lifeplatform.eu\/ro\/?s={search_term_string}\"},\"query-input\":{\"@type\":\"PropertyValueSpecification\",\"valueRequired\":true,\"valueName\":\"search_term_string\"}}],\"inLanguage\":\"ma\"}]}<\/script>\n<!-- \/ Yoast SEO plugin. -->","yoast_head_json":{"title":"Fishers - Life Platform","robots":{"index":"index","follow":"follow","max-snippet":"max-snippet:-1","max-image-preview":"max-image-preview:large","max-video-preview":"max-video-preview:-1"},"canonical":"https:\/\/lifeplatform.eu\/ma\/members\/fishers\/","og_locale":"en_US","og_type":"article","og_title":"Fishers - Life Platform","og_description":"Why become a member organisation? Joining LIFE integrates you into a community of small-scale fishers who share the same values, goals and challenges, and who are cooperating to ensure a better future of the sector. In just 5 years, LIFE has become a force to contend with at EU level. The significance of LIFE and [&hellip;]","og_url":"https:\/\/lifeplatform.eu\/ma\/members\/fishers\/","og_site_name":"Life Platform","article_publisher":"https:\/\/www.facebook.com\/Low-Impact-Fishers-of-Europe-166393173503352\/?ref=hl","article_modified_time":"2022-11-15T20:58:53+00:00","og_image":[{"url":"https:\/\/lifeplatform.eu\/wp-content\/uploads\/2022\/02\/thumbnail_image-1.png","type":"","width":"","height":""}],"twitter_card":"summary_large_image","twitter_site":"@LIFEplatformEU","twitter_misc":{"Est. reading time":"2 minutes"},"schema":{"@context":"https:\/\/schema.org","@graph":[{"@type":"WebPage","@id":"https:\/\/lifeplatform.eu\/members\/fishers\/","url":"https:\/\/lifeplatform.eu\/members\/fishers\/","name":"Fishers - Life Platform","isPartOf":{"@id":"https:\/\/lifeplatform.eu\/ro\/#website"},"primaryImageOfPage":{"@id":"https:\/\/lifeplatform.eu\/members\/fishers\/#primaryimage"},"image":{"@id":"https:\/\/lifeplatform.eu\/members\/fishers\/#primaryimage"},"thumbnailUrl":"https:\/\/lifeplatform.eu\/wp-content\/uploads\/2022\/02\/thumbnail_image-1.png","datePublished":"2021-08-26T10:48:37+00:00","dateModified":"2022-11-15T20:58:53+00:00","breadcrumb":{"@id":"https:\/\/lifeplatform.eu\/members\/fishers\/#breadcrumb"},"inLanguage":"ma","potentialAction":[{"@type":"ReadAction","target":["https:\/\/lifeplatform.eu\/members\/fishers\/"]}]},{"@type":"ImageObject","inLanguage":"ma","@id":"https:\/\/lifeplatform.eu\/members\/fishers\/#primaryimage","url":"https:\/\/lifeplatform.eu\/wp-content\/uploads\/2022\/02\/thumbnail_image-1.png","contentUrl":"https:\/\/lifeplatform.eu\/wp-content\/uploads\/2022\/02\/thumbnail_image-1.png"},{"@type":"BreadcrumbList","@id":"https:\/\/lifeplatform.eu\/members\/fishers\/#breadcrumb","itemListElement":[{"@type":"ListItem","position":1,"name":"Home","item":"https:\/\/lifeplatform.eu\/"},{"@type":"ListItem","position":2,"name":"Members","item":"https:\/\/lifeplatform.eu\/members\/"},{"@type":"ListItem","position":3,"name":"Fishers"}]},{"@type":"WebSite","@id":"https:\/\/lifeplatform.eu\/ro\/#website","url":"https:\/\/lifeplatform.eu\/ro\/","name":"Life Platform","description":"","potentialAction":[{"@type":"SearchAction","target":{"@type":"EntryPoint","urlTemplate":"https:\/\/lifeplatform.eu\/ro\/?s={search_term_string}"},"query-input":{"@type":"PropertyValueSpecification","valueRequired":true,"valueName":"search_term_string"}}],"inLanguage":"ma"}]}},"campaignId":"","_links":{"self":[{"href":"https:\/\/lifeplatform.eu\/ma\/wp-json\/wp\/v2\/pages\/19323","targetHints":{"allow":["GET"]}}],"collection":[{"href":"https:\/\/lifeplatform.eu\/ma\/wp-json\/wp\/v2\/pages"}],"about":[{"href":"https:\/\/lifeplatform.eu\/ma\/wp-json\/wp\/v2\/types\/page"}],"author":[{"embeddable":true,"href":"https:\/\/lifeplatform.eu\/ma\/wp-json\/wp\/v2\/users\/1"}],"replies":[{"embeddable":true,"href":"https:\/\/lifeplatform.eu\/ma\/wp-json\/wp\/v2\/comments?post=19323"}],"version-history":[{"count":9,"href":"https:\/\/lifeplatform.eu\/ma\/wp-json\/wp\/v2\/pages\/19323\/revisions"}],"predecessor-version":[{"id":19935,"href":"https:\/\/lifeplatform.eu\/ma\/wp-json\/wp\/v2\/pages\/19323\/revisions\/19935"}],"up":[{"embeddable":true,"href":"https:\/\/lifeplatform.eu\/ma\/wp-json\/wp\/v2\/pages\/19315"}],"wp:attachment":[{"href":"https:\/\/lifeplatform.eu\/ma\/wp-json\/wp\/v2\/media?parent=19323"}],"curies":[{"name":"wp","href":"https:\/\/api.w.org\/{rel}","templated":true}]}}