{"id":16524,"date":"2019-07-30T11:54:58","date_gmt":"2019-07-30T11:54:58","guid":{"rendered":"https:\/\/lifeplatform.eu\/?page_id=16524"},"modified":"2019-07-30T12:13:03","modified_gmt":"2019-07-30T12:13:03","slug":"bans-project-2019","status":"publish","type":"page","link":"https:\/\/lifeplatform.eu\/it\/bans-project-2019\/","title":{"rendered":"Progetto BANS 2019"},"content":{"rendered":"<!--themify_builder_content-->\n<div id=\"themify_builder_content-16524\" data-postid=\"16524\" class=\"themify_builder_content themify_builder_content-16524 themify_builder tf_clear\">\n                    <div  data-parallax-bg=\"desktop\" data-css_id=\"taug738\" data-lazy=\"1\" class=\"module_row themify_builder_row fullwidth_row_container tb_taug738 tb_first tf_w\">\n                        <div class=\"row_inner col_align_top tb_col_count_1 tf_box tf_rel\">\n                        <div  data-lazy=\"1\" class=\"module_column tb-column col-full tb_6pjk738 first\">\n                    <!-- module text -->\n<div  class=\"module module-text tb_fb56738\" data-lazy=\"1\">\n        <div  class=\"tb_text_wrap\">\n        <h1>Progetti<\/h1>    <\/div>\n<\/div>\n<!-- \/module text -->        <\/div>\n                        <\/div>\n        <\/div>\n                        <div  data-lazy=\"1\" class=\"module_row themify_builder_row tb_xz8u498 tf_w\">\n                        <div class=\"row_inner col_align_top tb_col_count_2 tf_box tf_rel\">\n                        <div  data-lazy=\"1\" class=\"module_column tb-column col4-2 tb_pxa7498 first\">\n                    <!-- module text -->\n<div  class=\"module module-text tb_szkr498\" data-lazy=\"1\">\n        <div  class=\"tb_text_wrap\">\n        <h2>Progetto Baltico e Mare del Nord (BANS) finanziato dalla Commissione Europea<\/h2>\n<p>La pesca su piccola scala svolge un ruolo fondamentale nell'Unione Europea in termini di occupazione, contributo economico e sociale alle comunit\u00e0 costiere e gestione sostenibile delle risorse marine.  In linea con i requisiti della politica comune della pesca riformata, la Commissione europea \u00e8 particolarmente attenta alla situazione delle flotte costiere ed \u00e8 consapevole che un sostegno adeguato \u00e8 fondamentale per la crescita e la prosperit\u00e0 del settore.<\/p>\n<p>\u00c8 quindi con grande piacere che la piattaforma LIFE \u00e8 diventata uno dei beneficiari di questa iniziativa ed \u00e8 ora alla guida del progetto.\u00a0<strong><em>\"Misure di sostegno per la pesca artigianale nel Mar Baltico e nel Mare del Nord\".<\/em><\/strong>\u00a0con l'obiettivo principale di rafforzare le reti di pescatori su piccola scala e a basso impatto nella Regione.<\/p>\n<p>Per riuscire in questo compito vitale, le organizzazioni di pescatori locali possono contare su un coordinatore del Baltico e del Mare del Nord con una solida esperienza nella gestione della pesca e nella rappresentanza politica, impiegato specificamente a questo scopo. Lo staff di LIFE sostiene, consiglia e coordina le organizzazioni di pescatori su piccola scala e consente una cooperazione efficace con le parti interessate del settore pubblico e privato. Il progetto ha gi\u00e0 toccato diversi Stati membri della regione, tra cui Polonia, Germania, Danimarca, Finlandia, Svezia ed Estonia.<\/p>\n<p><strong>L'empowerment delle organizzazioni di pescatori su piccola scala \u00e8 guidato e garantito nell'ambito del progetto, concentrandosi su diverse priorit\u00e0:<\/strong><\/p>\n<ul>\n<li>Costruire le capacit\u00e0 dei pescatori artigianali della regione, in modo che le loro voci e le loro preoccupazioni siano ascoltate e tenute in considerazione nelle sedi regionali, in particolare nei consigli consultivi;<\/li>\n<li>Collaborare regolarmente con i pescatori artigianali dell'area per comprendere la loro situazione, aiutarli a identificare le loro esigenze in modo da definire un programma e messaggi comuni;<\/li>\n<li>Facilitazione nella costruzione di posizioni comuni e nell'organizzazione di azioni congiunte;<\/li>\n<li>Incoraggiare i pescatori artigianali della zona a lavorare insieme, per scambiare esperienze e buone pratiche;<\/li>\n<li>Tenere informati i pescatori artigianali dell'area sugli sviluppi delle politiche a tutti i livelli pertinenti;<\/li>\n<li>Consulenza sulle soluzioni ai problemi che devono affrontare nelle operazioni quotidiane.<\/li>\n<\/ul>    <\/div>\n<\/div>\n<!-- \/module text -->        <\/div>\n                    <div  data-lazy=\"1\" class=\"module_column tb-column col4-2 tb_4lax499 last\">\n                    <!-- module image -->\n<div  class=\"module module-image tb_5wae499 image-center   tf_mw\" data-lazy=\"1\">\n        <div class=\"image-wrap tf_rel tf_mw\">\n            <img loading=\"lazy\" decoding=\"async\" src=\"https:\/\/lifeplatform.eu\/wp-content\/uploads\/2017\/02\/team-image-eu-projects-450x250.jpg\" width=\"450\" height=\"250\" class=\"wp-post-image wp-image-7643\" title=\"team-image-eu-projects\" alt=\"LIFE platform staff\">    \n        <\/div>\n    <!-- \/image-wrap -->\n    \n        <\/div>\n<!-- \/module image --><!-- module image -->\n<div  class=\"module module-image tb_ub8w499 image-center   tf_mw\" data-lazy=\"1\">\n        <div class=\"image-wrap tf_rel tf_mw\">\n            <img loading=\"lazy\" decoding=\"async\" src=\"https:\/\/lifeplatform.eu\/wp-content\/uploads\/2017\/02\/boat-image-eu-projects-450x250.jpg\" width=\"450\" height=\"250\" class=\"wp-post-image wp-image-7644\" title=\"barca-immagine-eu-progetti\" alt=\"Fishermen in an exchange next to two beached vessels\">    \n        <\/div>\n    <!-- \/image-wrap -->\n    \n        <\/div>\n<!-- \/module image --><!-- module image -->\n<div  class=\"module module-image tb_ansn499 image-center   tf_mw\" data-lazy=\"1\">\n        <div class=\"image-wrap tf_rel tf_mw\">\n            <img loading=\"lazy\" decoding=\"async\" src=\"https:\/\/lifeplatform.eu\/wp-content\/uploads\/2017\/02\/fishers-image-eu-projects-450x250.jpg\" width=\"450\" height=\"250\" class=\"wp-post-image wp-image-7645\" title=\"fishers-image-eu-projects\" alt=\"Three fishermen in icy waters\">    \n        <\/div>\n    <!-- \/image-wrap -->\n    \n        <\/div>\n<!-- \/module image --><!-- module image -->\n<div  class=\"module module-image tb_2sjb499 image-center   tf_mw\" data-lazy=\"1\">\n        <div class=\"image-wrap tf_rel tf_mw\">\n            <img loading=\"lazy\" decoding=\"async\" src=\"https:\/\/lifeplatform.eu\/wp-content\/uploads\/2017\/02\/handshake-image-eu-projects-450x250.jpg\" width=\"450\" height=\"250\" class=\"wp-post-image wp-image-7646\" title=\"handshake-image-eu-projects\" alt=\"A LIFE certificate presentation\">    \n        <\/div>\n    <!-- \/image-wrap -->\n    \n        <\/div>\n<!-- \/module image --><!-- module image -->\n<div  class=\"module module-image tb_7ck6500 image-center   tf_mw\" data-lazy=\"1\">\n        <div class=\"image-wrap tf_rel tf_mw\">\n            <img loading=\"lazy\" decoding=\"async\" src=\"https:\/\/lifeplatform.eu\/wp-content\/uploads\/2018\/03\/LIFE-EVENT_26_MARCH_2018_4720-1024x534-450x250-450x250.jpg\" width=\"450\" height=\"250\" title=\"Progetto BANS 2019\" alt=\"BANS Project 2019\">    \n        <\/div>\n    <!-- \/image-wrap -->\n    \n        <\/div>\n<!-- \/module image -->        <\/div>\n                        <\/div>\n        <\/div>\n                        <div  data-lazy=\"1\" class=\"module_row themify_builder_row tb_1gcx146 tf_w\">\n                        <div class=\"row_inner col_align_top tb_col_count_2 tf_box tf_rel\">\n                        <div  data-lazy=\"1\" class=\"module_column tb-column col4-3 tb_g2ph146 first\">\n                    <!-- module text -->\n<div  class=\"module module-text tb_quhk146\" data-lazy=\"1\">\n        <div  class=\"tb_text_wrap\">\n        <p><strong>Sono stati raggiunti diversi risultati, tra cui: <\/strong><\/p>\n<ul>\n<li>Numerosi incontri con le organizzazioni di pescatori su piccola scala dell'area di intervento per comprendere a fondo la loro situazione e sostenerle, se necessario, sia durante gli incontri che nei contatti successivi, al fine di creare una rete regionale funzionante.<\/li>\n<li>Partecipazione attiva a numerose riunioni e attivit\u00e0 dei consigli consultivi del Mar Baltico e del Mare del Nord.<\/li>\n<li>Assistenza per la candidatura di un'organizzazione al Consiglio consultivo del Mar Baltico<\/li>\n<li>Facilitazione dell'adesione a LIFE di 3 Organizzazioni Membro<\/li>\n<li>Organizzazione di un importante seminario volto a far conoscere ai pescatori artigianali le istituzioni dell'UE e il processo decisionale nel settore della pesca, la natura dei consigli consultivi, il Fondo europeo per gli affari marittimi e la pesca, i sistemi di gestione delle quote e l'obbligo di sbarco (si vedano i media sotto).<\/li>\n<li>Produzione di cinque brevi filmati didattici corrispondenti ai temi principali del workshop sopra descritti.<\/li>\n<li>Assistenza nell'elaborazione, da parte dei pescatori artigianali interessati, di un piano d'azione per lo stock di merluzzo del Baltico occidentale in vista del parere del CIEM del 2017;<\/li>\n<li>Assistenza nell'elaborazione, da parte dei pescatori artigianali interessati, di un piano d'azione per la spigola, in vista del parere del CIEM del 2017 su questo stock.<\/li>\n<\/ul>\n<p><a href=\"\/it\/\"https:><strong>Per accedere alla relazione intermedia ufficiale, cliccare qui.<\/strong><\/a><\/p>\n<p><a href=\"\/it\/\"https:>Risultati finora (ottobre 2017)<\/a><\/p>\n<p><a href=\"\/it\/\"https:>Conclusioni del workshop sulle AC tenutosi ad Amburgo il 2\/10<\/a><\/p>\n<p><a href=\"\/it\/\"https:>Relazione tecnica finale di LIFE_BANS<\/a><\/p>    <\/div>\n<\/div>\n<!-- \/module text --><!-- module image -->\n<div  class=\"module module-image tb_egal721 image-top   tf_mw\" data-lazy=\"1\">\n        <div class=\"image-wrap tf_rel tf_mw\">\n            <img loading=\"lazy\" decoding=\"async\" width=\"842\" height=\"541\" src=\"https:\/\/lifeplatform.eu\/wp-content\/uploads\/2018\/03\/breakthroughts.jpg\" class=\"wp-post-image wp-image-9874\" title=\"scoperte\" alt=\"breakthroughts\" srcset=\"https:\/\/lifeplatform.eu\/wp-content\/uploads\/2018\/03\/breakthroughts.jpg 842w, https:\/\/lifeplatform.eu\/wp-content\/uploads\/2018\/03\/breakthroughts-300x193.jpg 300w\" sizes=\"auto, (max-width: 842px) 100vw, 842px\" \/>    \n        <\/div>\n    <!-- \/image-wrap -->\n    \n        <\/div>\n<!-- \/module image -->        <\/div>\n                    <div  data-lazy=\"1\" class=\"module_column tb-column col4-1 tb_79yn146 last\">\n                    <!-- module text -->\n<div  class=\"module module-text tb_fh61147\" data-lazy=\"1\">\n        <div  class=\"tb_text_wrap\">\n        <h4 style=\"\\\"text-align:\" center;\\\">Link utili<\/h4>\n<p><a href=\"\/it\/\"http:>DG Mare <\/a><\/p>\n<p><a href=\"\/it\/\"https:>Farnet <\/a><\/p>\n<p><a href=\"\/it\/\"http:>Helcom <\/a><\/p>\n<p><a href=\"\/it\/\"http:>Consiglio consultivo del Mar Baltico <\/a><\/p>\n<p><a href=\"\/it\/\"http:>Consiglio consultivo per il Mare del Nord <\/a><\/p>\n<p><a href=\"\/it\/\"http:>Progetto Tabaco<\/a>\u00a0<\/p>    <\/div>\n<\/div>\n<!-- \/module text -->        <\/div>\n                        <\/div>\n        <\/div>\n                        <div  data-lazy=\"1\" class=\"module_row themify_builder_row tb_hn95782 tf_w\">\n                        <div class=\"row_inner col_align_top tb_col_count_1 tf_box tf_rel\">\n                        <div  data-lazy=\"1\" class=\"module_column tb-column col-full tb_96hn782 first\">\n                    <!-- module text -->\n<div  class=\"module module-text tb_1mcv782\" data-lazy=\"1\">\n        <div  class=\"tb_text_wrap\">\n        <h3><em>I media degli eventi BANS<\/em><\/h3>    <\/div>\n<\/div>\n<!-- \/module text -->        <div  data-lazy=\"1\" class=\"module_subrow themify_builder_sub_row tf_w col_align_top tb_col_count_2 tb_h0i8783\">\n                <div  data-lazy=\"1\" class=\"module_column sub_column col4-2 tb_1lo2784 first\">\n                    <!-- module video -->\n<div  class=\"module module-video tb_51h0784 video-top\" data-lazy=\"1\">\n                    <div class=\"video-wrap-outer\">\n            <div class=\"video-wrap tf_rel tf_overflow\">\n                                    <noscript><iframe data-no-script src=\"https:\/\/www.youtube.com\/embed\/PeRdKyRgAzQ?pip=1&#038;playsinline=1\" allow=\"accelerometer;encrypted-media;gyroscope;picture-in-picture;fullscreen\" class=\"tf_abs tf_w tf_h\"><\/iframe><\/noscript>\n                                <\/div>\n            <!-- \/video-wrap -->\n        <\/div>\n        <!-- \/video-wrap-outer -->\n            <\/div>\n<!-- module video -->\n<div  class=\"module module-video tb_bfs6784 video-top\" data-lazy=\"1\">\n                    <div class=\"video-wrap-outer\">\n            <div class=\"video-wrap tf_rel tf_overflow\">\n                                    <noscript><iframe data-no-script src=\"https:\/\/www.youtube.com\/embed\/1S6cZPM52Fw?pip=1&#038;playsinline=1&#038;feature=youtu.be\" allow=\"accelerometer;encrypted-media;gyroscope;picture-in-picture;fullscreen\" class=\"tf_abs tf_w tf_h\"><\/iframe><\/noscript>\n                                <\/div>\n            <!-- \/video-wrap -->\n        <\/div>\n        <!-- \/video-wrap-outer -->\n            <\/div>\n        <\/div>\n                    <div  data-lazy=\"1\" class=\"module_column sub_column col4-2 tb_v0ok784 last\">\n                    <!-- module text -->\n<div  class=\"module module-text tb_k6an260  repeat\" data-lazy=\"1\">\n        <div  class=\"tb_text_wrap\">\n        <h4 style=\"\\\"text-align:\" center;\\\"><a href=\"\/it\/\"https:>Visualizza la galleria<\/a><\/h4>    <\/div>\n<\/div>\n<!-- \/module text --><!-- module text -->\n<div  class=\"module module-text tb_9cpt354  fullcover\" data-lazy=\"1\">\n        <div  class=\"tb_text_wrap\">\n        <h4 style=\"\\\"text-align:\" center;\\\"><a href=\"\/it\/\"https:>Visualizza la galleria<\/a><\/h4>    <\/div>\n<\/div>\n<!-- \/module text -->        <\/div>\n                    <\/div>\n                <\/div>\n                        <\/div>\n        <\/div>\n                        <div  data-lazy=\"1\" class=\"module_row themify_builder_row tb_5mta264 tf_w\">\n                        <div class=\"row_inner col_align_top tb_col_count_2 tf_box tf_rel\">\n                        <div  data-lazy=\"1\" class=\"module_column tb-column col2-1 tb_zuvl265 first\">\n                    <!-- module text -->\n<div  class=\"module module-text tb_c4gy654\" data-lazy=\"1\">\n        <div  class=\"tb_text_wrap\">\n        <h5><strong>Progetto pilota \"Misure di sostegno per la pesca su piccola scala\" - Mar Baltico e Mare del Nord\u00a0<\/strong><strong>Accordo numero MARE\/2014\/04 - SI2.727556<\/strong><\/h5>    <\/div>\n<\/div>\n<!-- \/module text -->        <\/div>\n                    <div  data-lazy=\"1\" class=\"module_column tb-column col2-1 tb_cybh265 last\">\n                    <!-- module image -->\n<div  class=\"module module-image tb_4g8l6 image-right   tf_mw\" data-lazy=\"1\">\n        <div class=\"image-wrap tf_rel tf_mw\">\n            <img loading=\"lazy\" decoding=\"async\" width=\"343\" height=\"82\" src=\"https:\/\/lifeplatform.eu\/wp-content\/uploads\/2017\/03\/eu_cofunded_logo.png\" class=\"wp-post-image wp-image-7684\" title=\"logo_cofinanziato\" alt=\"eu_cofunded_logo\" srcset=\"https:\/\/lifeplatform.eu\/wp-content\/uploads\/2017\/03\/eu_cofunded_logo.png 343w, https:\/\/lifeplatform.eu\/wp-content\/uploads\/2017\/03\/eu_cofunded_logo-300x72.png 300w\" sizes=\"auto, (max-width: 343px) 100vw, 343px\" \/>    \n        <\/div>\n    <!-- \/image-wrap -->\n    \n        <\/div>\n<!-- \/module image -->        <\/div>\n                        <\/div>\n        <\/div>\n        <\/div>\n<!--\/themify_builder_content-->","protected":false},"excerpt":{"rendered":"<p>Progetti Baltico e Mare del Nord (BANS) finanziati dalla Commissione europea La pesca su piccola scala svolge un ruolo fondamentale nell'Unione europea in termini di occupazione, contributo economico e sociale alle comunit\u00e0 costiere e gestione sostenibile delle risorse marine.  In linea con i requisiti della politica comune della pesca riformata, la Commissione europea \u00e8 particolarmente [...]<\/p>","protected":false},"author":1,"featured_media":0,"parent":0,"menu_order":0,"comment_status":"closed","ping_status":"closed","template":"","meta":{"give_campaign_id":0,"footnotes":""},"class_list":["post-16524","page","type-page","status-publish","hentry","has-post-title","has-post-date","has-post-category","has-post-tag","has-post-comment","has-post-author",""],"yoast_head":"<!-- This site is optimized with the Yoast SEO plugin v26.6 - https:\/\/yoast.com\/wordpress\/plugins\/seo\/ -->\n<title>BANS Project 2019 - Life Platform<\/title>\n<meta name=\"robots\" content=\"index, follow, max-snippet:-1, max-image-preview:large, max-video-preview:-1\" \/>\n<link rel=\"canonical\" href=\"https:\/\/lifeplatform.eu\/it\/bans-project-2019\/\" \/>\n<meta property=\"og:locale\" content=\"it_IT\" \/>\n<meta property=\"og:type\" content=\"article\" \/>\n<meta property=\"og:title\" content=\"BANS Project 2019 - Life Platform\" \/>\n<meta property=\"og:description\" content=\"Projects Baltic and North Sea (BANS) project financed by the European Commission Small-scale fisheries play a vital role in the European Union in terms of employment, economic and social contribution to coastal communities and sustainable management of marine resources. \u00a0In line with the requirements of the reformed Common Fisheries Policy, the European Commission is particularly [&hellip;]\" \/>\n<meta property=\"og:url\" content=\"https:\/\/lifeplatform.eu\/it\/bans-project-2019\/\" \/>\n<meta property=\"og:site_name\" content=\"Life Platform\" \/>\n<meta property=\"article:publisher\" content=\"https:\/\/www.facebook.com\/Low-Impact-Fishers-of-Europe-166393173503352\/?ref=hl\" \/>\n<meta property=\"article:modified_time\" content=\"2019-07-30T12:13:03+00:00\" \/>\n<meta property=\"og:image\" content=\"https:\/\/lifeplatform.eu\/wp-content\/uploads\/2017\/02\/team-image-eu-projects-450x250.jpg\" \/>\n<meta name=\"twitter:card\" content=\"summary_large_image\" \/>\n<meta name=\"twitter:site\" content=\"@LIFEplatformEU\" \/>\n<meta name=\"twitter:label1\" content=\"Tempo di lettura stimato\" \/>\n\t<meta name=\"twitter:data1\" content=\"3 minuti\" \/>\n<script type=\"application\/ld+json\" class=\"yoast-schema-graph\">{\"@context\":\"https:\/\/schema.org\",\"@graph\":[{\"@type\":\"WebPage\",\"@id\":\"https:\/\/lifeplatform.eu\/bans-project-2019\/\",\"url\":\"https:\/\/lifeplatform.eu\/bans-project-2019\/\",\"name\":\"BANS Project 2019 - Life Platform\",\"isPartOf\":{\"@id\":\"https:\/\/lifeplatform.eu\/ro\/#website\"},\"primaryImageOfPage\":{\"@id\":\"https:\/\/lifeplatform.eu\/bans-project-2019\/#primaryimage\"},\"image\":{\"@id\":\"https:\/\/lifeplatform.eu\/bans-project-2019\/#primaryimage\"},\"thumbnailUrl\":\"https:\/\/lifeplatform.eu\/wp-content\/uploads\/2017\/02\/team-image-eu-projects-450x250.jpg\",\"datePublished\":\"2019-07-30T11:54:58+00:00\",\"dateModified\":\"2019-07-30T12:13:03+00:00\",\"breadcrumb\":{\"@id\":\"https:\/\/lifeplatform.eu\/bans-project-2019\/#breadcrumb\"},\"inLanguage\":\"it-IT\",\"potentialAction\":[{\"@type\":\"ReadAction\",\"target\":[\"https:\/\/lifeplatform.eu\/bans-project-2019\/\"]}]},{\"@type\":\"ImageObject\",\"inLanguage\":\"it-IT\",\"@id\":\"https:\/\/lifeplatform.eu\/bans-project-2019\/#primaryimage\",\"url\":\"https:\/\/lifeplatform.eu\/wp-content\/uploads\/2017\/02\/team-image-eu-projects-450x250.jpg\",\"contentUrl\":\"https:\/\/lifeplatform.eu\/wp-content\/uploads\/2017\/02\/team-image-eu-projects-450x250.jpg\"},{\"@type\":\"BreadcrumbList\",\"@id\":\"https:\/\/lifeplatform.eu\/bans-project-2019\/#breadcrumb\",\"itemListElement\":[{\"@type\":\"ListItem\",\"position\":1,\"name\":\"Home\",\"item\":\"https:\/\/lifeplatform.eu\/\"},{\"@type\":\"ListItem\",\"position\":2,\"name\":\"BANS Project 2019\"}]},{\"@type\":\"WebSite\",\"@id\":\"https:\/\/lifeplatform.eu\/ro\/#website\",\"url\":\"https:\/\/lifeplatform.eu\/ro\/\",\"name\":\"Life Platform\",\"description\":\"\",\"potentialAction\":[{\"@type\":\"SearchAction\",\"target\":{\"@type\":\"EntryPoint\",\"urlTemplate\":\"https:\/\/lifeplatform.eu\/ro\/?s={search_term_string}\"},\"query-input\":{\"@type\":\"PropertyValueSpecification\",\"valueRequired\":true,\"valueName\":\"search_term_string\"}}],\"inLanguage\":\"it-IT\"}]}<\/script>\n<!-- \/ Yoast SEO plugin. -->","yoast_head_json":{"title":"BANS Project 2019 - Life Platform","robots":{"index":"index","follow":"follow","max-snippet":"max-snippet:-1","max-image-preview":"max-image-preview:large","max-video-preview":"max-video-preview:-1"},"canonical":"https:\/\/lifeplatform.eu\/it\/bans-project-2019\/","og_locale":"it_IT","og_type":"article","og_title":"BANS Project 2019 - Life Platform","og_description":"Projects Baltic and North Sea (BANS) project financed by the European Commission Small-scale fisheries play a vital role in the European Union in terms of employment, economic and social contribution to coastal communities and sustainable management of marine resources. \u00a0In line with the requirements of the reformed Common Fisheries Policy, the European Commission is particularly [&hellip;]","og_url":"https:\/\/lifeplatform.eu\/it\/bans-project-2019\/","og_site_name":"Life Platform","article_publisher":"https:\/\/www.facebook.com\/Low-Impact-Fishers-of-Europe-166393173503352\/?ref=hl","article_modified_time":"2019-07-30T12:13:03+00:00","og_image":[{"url":"https:\/\/lifeplatform.eu\/wp-content\/uploads\/2017\/02\/team-image-eu-projects-450x250.jpg","type":"","width":"","height":""}],"twitter_card":"summary_large_image","twitter_site":"@LIFEplatformEU","twitter_misc":{"Tempo di lettura stimato":"3 minuti"},"schema":{"@context":"https:\/\/schema.org","@graph":[{"@type":"WebPage","@id":"https:\/\/lifeplatform.eu\/bans-project-2019\/","url":"https:\/\/lifeplatform.eu\/bans-project-2019\/","name":"BANS Project 2019 - Life Platform","isPartOf":{"@id":"https:\/\/lifeplatform.eu\/ro\/#website"},"primaryImageOfPage":{"@id":"https:\/\/lifeplatform.eu\/bans-project-2019\/#primaryimage"},"image":{"@id":"https:\/\/lifeplatform.eu\/bans-project-2019\/#primaryimage"},"thumbnailUrl":"https:\/\/lifeplatform.eu\/wp-content\/uploads\/2017\/02\/team-image-eu-projects-450x250.jpg","datePublished":"2019-07-30T11:54:58+00:00","dateModified":"2019-07-30T12:13:03+00:00","breadcrumb":{"@id":"https:\/\/lifeplatform.eu\/bans-project-2019\/#breadcrumb"},"inLanguage":"it-IT","potentialAction":[{"@type":"ReadAction","target":["https:\/\/lifeplatform.eu\/bans-project-2019\/"]}]},{"@type":"ImageObject","inLanguage":"it-IT","@id":"https:\/\/lifeplatform.eu\/bans-project-2019\/#primaryimage","url":"https:\/\/lifeplatform.eu\/wp-content\/uploads\/2017\/02\/team-image-eu-projects-450x250.jpg","contentUrl":"https:\/\/lifeplatform.eu\/wp-content\/uploads\/2017\/02\/team-image-eu-projects-450x250.jpg"},{"@type":"BreadcrumbList","@id":"https:\/\/lifeplatform.eu\/bans-project-2019\/#breadcrumb","itemListElement":[{"@type":"ListItem","position":1,"name":"Home","item":"https:\/\/lifeplatform.eu\/"},{"@type":"ListItem","position":2,"name":"BANS Project 2019"}]},{"@type":"WebSite","@id":"https:\/\/lifeplatform.eu\/ro\/#website","url":"https:\/\/lifeplatform.eu\/ro\/","name":"Piattaforma di vita","description":"","potentialAction":[{"@type":"SearchAction","target":{"@type":"EntryPoint","urlTemplate":"https:\/\/lifeplatform.eu\/ro\/?s={search_term_string}"},"query-input":{"@type":"PropertyValueSpecification","valueRequired":true,"valueName":"search_term_string"}}],"inLanguage":"it-IT"}]}},"campaignId":"","_links":{"self":[{"href":"https:\/\/lifeplatform.eu\/it\/wp-json\/wp\/v2\/pages\/16524","targetHints":{"allow":["GET"]}}],"collection":[{"href":"https:\/\/lifeplatform.eu\/it\/wp-json\/wp\/v2\/pages"}],"about":[{"href":"https:\/\/lifeplatform.eu\/it\/wp-json\/wp\/v2\/types\/page"}],"author":[{"embeddable":true,"href":"https:\/\/lifeplatform.eu\/it\/wp-json\/wp\/v2\/users\/1"}],"replies":[{"embeddable":true,"href":"https:\/\/lifeplatform.eu\/it\/wp-json\/wp\/v2\/comments?post=16524"}],"version-history":[{"count":11,"href":"https:\/\/lifeplatform.eu\/it\/wp-json\/wp\/v2\/pages\/16524\/revisions"}],"predecessor-version":[{"id":16535,"href":"https:\/\/lifeplatform.eu\/it\/wp-json\/wp\/v2\/pages\/16524\/revisions\/16535"}],"wp:attachment":[{"href":"https:\/\/lifeplatform.eu\/it\/wp-json\/wp\/v2\/media?parent=16524"}],"curies":[{"name":"wp","href":"https:\/\/api.w.org\/{rel}","templated":true}]}}