{"id":19997,"date":"2023-02-06T11:09:52","date_gmt":"2023-02-06T11:09:52","guid":{"rendered":"https:\/\/lifeplatform.eu\/?page_id=19997"},"modified":"2023-03-01T11:22:42","modified_gmt":"2023-03-01T11:22:42","slug":"timeline","status":"publish","type":"page","link":"https:\/\/lifeplatform.eu\/hr\/timeline\/","title":{"rendered":"Vremenska Crta"},"content":{"rendered":"<!--themify_builder_content-->\n<div id=\"themify_builder_content-19997\" data-postid=\"19997\" class=\"themify_builder_content themify_builder_content-19997 themify_builder tf_clear\">\n                    <div  data-anchor=\"timeline\" data-lazy=\"1\" class=\"module_row themify_builder_row tb_has_section tb_section-timeline tb_ohwt560 tb_first tf_w\">\n                        <div class=\"row_inner col_align_top tb_col_count_2 tf_box tf_rel\">\n                        <div  data-lazy=\"1\" class=\"module_column tb-column col4-2 tb_d5u9560 first\">\n                    <!-- module text -->\n<div  class=\"module module-text tb_c7am560  repeat\" data-lazy=\"1\">\n        <div  class=\"tb_text_wrap\">\n        <h2>Vremenska Crta<\/h2>    <\/div>\n<\/div>\n<!-- \/module text -->        <\/div>\n                    <div  data-lazy=\"1\" class=\"module_column tb-column col4-2 tb_wgmt561 last\">\n                            <\/div>\n                        <\/div>\n        <\/div>\n                        <div  data-lazy=\"1\" class=\"module_row themify_builder_row tb_un7w945 tf_w\">\n                        <div class=\"row_inner col_align_top tb_col_count_1 tf_box tf_rel\">\n                        <div  data-lazy=\"1\" class=\"module_column tb-column col-full tb_urdk946 first\">\n                    <!-- module timeline -->\n<div  id=\"tb_vcey946\" class=\"module tf_hidden tf_lazy module-timeline tb_vcey946 layout-list\" data-lazy=\"1\">\n    <ul class=\"tf_rel\">\n\t\t\t<li id=\"timeline-0\" class=\"timeline-post with-icon\">\n\t\t\t<span class=\"module-timeline-date tf_box tf_textr\">\n\t\t\t\t\t  2009-2012\t\t\t<\/span>\n\t\t\t\t\t\t\t<i class=\"module-timeline-icon\" style=\"background-color:#51aece;color:#ffffff\"><svg  class=\"tf_fa tf-ti-arrow-down\" aria-hidden=\"true\"><use href=\"#tf-ti-arrow-down\"><\/use><\/svg><\/i>\n\n\t\t\t\t\t\t<div class=\"module-timeline-content-wrap tf_box tf_right\">\n\t\t\t\t<div class=\"module-timeline-content\">\n\t\t\t\t\t\t\t\t\t\t\t<h2 class=\"module-timeline-title\">    \n\t\t\t\t\t\t\t\t\t\t\t\t\t\t\t\t   Kako je sve po\u010delo\t\t\t\t\t\t\t   \t\t\t\t\t\t<\/h2>\n\t\t\t\t\t\t\t\t\t\t\t\t\t\t\t\t\t\t\t\t\t<div class=\"entry-content\" itemprop=\"articleBody\">\n\t\t\t\t\t\t\t\t <p style=\"font-size: 20px;\">Sjeme od LIFE bili su posijani uo\u010di reforme 2012. godine Common Fisheries Policy (CFP). Zahvaljuju\u0107i nekoliko inicijativa koje imaju za cilj da malim ribarima daju pravo glasa u ovom zna\u010dajnom procesu,\u00a0<b>Predstavnici malih ribara mogli su se okupiti i sudjelovati u procesu konzultacija o \u201cZelenoj knjizi\u201d 2009. i 2010. godine te sklopiti saveze s mnogim istomi\u0161ljenicima.\u00a0<\/b>\u00a0<\/p>\n<p style=\"font-size: 20px;\"><b>Zajedno oni\u00a0<\/b><strong>pozvao je da se onima koji love ribu na najodr\u017eiviji na\u010din odobri prioritetni pristup ribolovnim resursima<\/strong>, i za pravednu preraspodjelu ribolovnih prava manjim ribarima.<\/p>\t\t\t\t\t\t<\/div><!-- \/.entry-content -->\n\t\t\t\t\t\t\t\t\t<\/div><!-- \/.timeline-content -->\n\t\t\t<\/div><!-- \/.timeline-content-wrap -->\n\t\t<\/li>\n\t\t\t<li id=\"timeline-1\" class=\"timeline-post with-icon\">\n\t\t\t<span class=\"module-timeline-date tf_box tf_textr\">\n\t\t\t\t\t  2012-2013\t\t\t<\/span>\n\t\t\t\t\t\t\t<i class=\"module-timeline-icon\" style=\"background-color:#51aece;\"><svg  class=\"tf_fa tf-ti-angle-double-down\" aria-hidden=\"true\"><use href=\"#tf-ti-angle-double-down\"><\/use><\/svg><\/i>\n\n\t\t\t\t\t\t<div class=\"module-timeline-content-wrap tf_box tf_right\">\n\t\t\t\t<div class=\"module-timeline-content\">\n\t\t\t\t\t\t\t\t\t\t\t<h2 class=\"module-timeline-title\">    \n\t\t\t\t\t\t\t\t\t\t\t\t\t\t\t\t   LIFE FORMALNO JE POKRENUO\t\t\t\t\t\t\t   \t\t\t\t\t\t<\/h2>\n\t\t\t\t\t\t\t\t\t\t\t\t\t\t\t\t\t\t\t\t\t<div class=\"entry-content\" itemprop=\"articleBody\">\n\t\t\t\t\t\t\t\t <p><b>LIFE pokrenut je u 2012 <\/b><span style=\"font-weight: 400;\">na prvom Europskom kongresu zanatskih ribara odr\u017eanom u Bruxellesu, a konsolidirano na drugom Kongresu 2013. odr\u017eanom u Santiagu. Ova 2 sastanka poslu\u017eila su za okupljanje LIFE's \u010dlanovi osniva\u010di, ustanoviti LIFE's strate\u0161ki smjer i definirati <\/span><b>svoju viziju i misiju<\/b><span style=\"font-weight: 400;\">\u00a0.<\/span><\/p>\t\t\t\t\t\t<\/div><!-- \/.entry-content -->\n\t\t\t\t\t\t\t\t\t<\/div><!-- \/.timeline-content -->\n\t\t\t<\/div><!-- \/.timeline-content-wrap -->\n\t\t<\/li>\n\t\t\t<li id=\"timeline-2\" class=\"timeline-post with-icon\">\n\t\t\t<span class=\"module-timeline-date tf_box tf_textr\">\n\t\t\t\t\t  2014\t\t\t<\/span>\n\t\t\t\t\t\t\t<i class=\"module-timeline-icon\" style=\"background-color:#51aece;\"><svg  class=\"tf_fa tf-ti-angle-double-down\" aria-hidden=\"true\"><use href=\"#tf-ti-angle-double-down\"><\/use><\/svg><\/i>\n\n\t\t\t\t\t\t<div class=\"module-timeline-content-wrap tf_box tf_right\">\n\t\t\t\t<div class=\"module-timeline-content\">\n\t\t\t\t\t\t\t\t\t\t\t<h2 class=\"module-timeline-title\">    \n\t\t\t\t\t\t\t\t\t\t\t\t\t\t\t\t   LIFE's POKRENUTI\t\t\t\t\t\t\t   \t\t\t\t\t\t<\/h2>\n\t\t\t\t\t\t\t\t\t\t\t\t\t\t\t\t\t\t\t\t\t<div class=\"entry-content\" itemprop=\"articleBody\">\n\t\t\t\t\t\t\t\t <p><span style=\"font-weight: 400;\">Zahvaljuju\u0107i velikodu\u0161noj donaciji za po\u010detak rada, LIFE uspjela se registrirati u Velikoj Britaniji 2014., a 2015. osnovati ured u Bruxellesu.<\/span><\/p>\t\t\t\t\t\t<\/div><!-- \/.entry-content -->\n\t\t\t\t\t\t\t\t\t<\/div><!-- \/.timeline-content -->\n\t\t\t<\/div><!-- \/.timeline-content-wrap -->\n\t\t<\/li>\n\t\t\t<li id=\"timeline-3\" class=\"timeline-post with-icon\">\n\t\t\t<span class=\"module-timeline-date tf_box tf_textr\">\n\t\t\t\t\t  2015\t\t\t<\/span>\n\t\t\t\t\t\t\t<i class=\"module-timeline-icon\" style=\"background-color:#51aece;\"><svg  class=\"tf_fa tf-ti-angle-double-down\" aria-hidden=\"true\"><use href=\"#tf-ti-angle-double-down\"><\/use><\/svg><\/i>\n\n\t\t\t\t\t\t<div class=\"module-timeline-content-wrap tf_box tf_right\">\n\t\t\t\t<div class=\"module-timeline-content\">\n\t\t\t\t\t\t\t\t\t\t\t<h2 class=\"module-timeline-title\">    \n\t\t\t\t\t\t\t\t\t\t\t\t\t\t\t\t   LIFE PRAVI PRVE KORAKE\t\t\t\t\t\t\t   \t\t\t\t\t\t<\/h2>\n\t\t\t\t\t\t\t\t\t\t\t\t\t\t\t\t\t\t\t\t\t<div class=\"entry-content\" itemprop=\"articleBody\">\n\t\t\t\t\t\t\t\t <p><span style=\"font-weight: 400;\">Uspostaviv\u0161i svoju prisutnost u Bruxellesu, LIFE je po\u010deo raditi na<\/span><\/p>\n<ul>\n<li style=\"font-weight: 400;\" aria-level=\"2\"><span style=\"font-weight: 400;\">razviti ja\u010di glas za male ribare diljem Europe,<\/span><\/li>\n<li style=\"font-weight: 400;\" aria-level=\"2\"><span style=\"font-weight: 400;\">predstavljaju male ribolovce s malim utjecajem\u00a0 s europskim institucijama u Bruxellesu i<\/span><\/li>\n<li style=\"font-weight: 400;\" aria-level=\"2\"><span style=\"font-weight: 400;\">podr\u017eati nacionalne organizacije koje predstavljaju male ribare.\u00a0<\/span><\/li>\n<\/ul>\t\t\t\t\t\t<\/div><!-- \/.entry-content -->\n\t\t\t\t\t\t\t\t\t<\/div><!-- \/.timeline-content -->\n\t\t\t<\/div><!-- \/.timeline-content-wrap -->\n\t\t<\/li>\n\t\t\t<li id=\"timeline-4\" class=\"timeline-post with-icon\">\n\t\t\t<span class=\"module-timeline-date tf_box tf_textr\">\n\t\t\t\t\t  2016\t\t\t<\/span>\n\t\t\t\t\t\t\t<i class=\"module-timeline-icon\" style=\"background-color:#51aece;\"><svg  class=\"tf_fa tf-ti-angle-double-down\" aria-hidden=\"true\"><use href=\"#tf-ti-angle-double-down\"><\/use><\/svg><\/i>\n\n\t\t\t\t\t\t<div class=\"module-timeline-content-wrap tf_box tf_right\">\n\t\t\t\t<div class=\"module-timeline-content\">\n\t\t\t\t\t\t\t\t\t\t\t<h2 class=\"module-timeline-title\">    \n\t\t\t\t\t\t\t\t\t\t\t\t\t\t\t\t   LIFE GRANE\t\t\t\t\t\t\t   \t\t\t\t\t\t<\/h2>\n\t\t\t\t\t\t\t\t\t\t\t\t\t\t\t\t\t\t\t\t\t<div class=\"entry-content\" itemprop=\"articleBody\">\n\t\t\t\t\t\t\t\t <h4><strong>BALTI\u010cKI I SJEVERNI MORSKI PROGRAM<\/strong><\/h4>\n<p><span style=\"font-weight: 400;\">LIFE-u se dodjeljuje jednokratna potpora od Europske komisije u okviru programa <\/span><b>Pilot projekt \u201cMjere potpore za mali ribolov\u201d za uspostavljanje programa rada u Balti\u010dkom i Sjevernom moru.\u00a0<\/b><span style=\"font-weight: 400;\">Jedan veliki uspjeh bio je izbor 5 organizacija \u010dlanica LIFE-a u Izvr\u0161ni odbor\u00a0<\/span><b>Savjetodavno vije\u0107e Balti\u010dkog mora (BSAC).<\/b><\/p>\n<p><span style=\"font-weight: 400;\">LIFE postaje\u00a0<\/span><b>priznat od strane europskih institucija kao glas za male ribare na razini EU-a\u00a0<\/b><span style=\"font-weight: 400;\">i\u00a0postaje\u00a0 aktivan u 6 od 10 Savjetodavnih vije\u0107a<\/span><\/p>\n<h4><span style=\"font-weight: 400;\"><strong>TRE\u0106I EUROPSKI OBRTNI\u010cKI RIBO\u010cARSKI KONGRES<\/strong>\u00a0<\/span><\/h4>\n<p><span style=\"font-weight: 400;\">LIFE organizira Tre\u0107i kongres europskih zanatskih ribara u Var\u0161avi, okupljaju\u0107i predstavnike svih svojih organizacija \u010dlanica. Sastanak je pokrenuo LIFE-ovu desetogodi\u0161nju \"ki\u0161obran\" strategiju. <\/span><\/p>\n<h4><strong>LIFE SE OBAVEZUJE PODR\u0160CI BORBI \u017dENA U MALOM RIBORU<\/strong><\/h4>\n<p><b>Kongres se tako\u0111er obvezao na <\/b><span style=\"font-weight: 400;\">rade\u0107i u strate\u0161kom partnerstvu sa\u00a0<\/span><a href=\"http:\/\/akteaplatform.eu\/\" target=\"_blank\" rel=\"noopener\"><span style=\"font-weight: 400;\">AKTEA<\/span><\/a><span style=\"font-weight: 400;\">,\u00a0<\/span><b>europska mre\u017ea \u017eenskih organizacija<\/b><span style=\"font-weight: 400;\">\u00a0u ribarstvu i akvakulturi. LIFE se obvezao podr\u017eati odre\u0111eni program \u017eena u ribarstvu unutar organizacije<\/span><\/p>\t\t\t\t\t\t<\/div><!-- \/.entry-content -->\n\t\t\t\t\t\t\t\t\t<\/div><!-- \/.timeline-content -->\n\t\t\t<\/div><!-- \/.timeline-content-wrap -->\n\t\t<\/li>\n\t\t\t<li id=\"timeline-5\" class=\"timeline-post with-icon\">\n\t\t\t<span class=\"module-timeline-date tf_box tf_textr\">\n\t\t\t\t\t  2018\t\t\t<\/span>\n\t\t\t\t\t\t\t<i class=\"module-timeline-icon\" style=\"background-color:#51aece;\"><svg  class=\"tf_fa tf-ti-angle-double-down\" aria-hidden=\"true\"><use href=\"#tf-ti-angle-double-down\"><\/use><\/svg><\/i>\n\n\t\t\t\t\t\t<div class=\"module-timeline-content-wrap tf_box tf_right\">\n\t\t\t\t<div class=\"module-timeline-content\">\n\t\t\t\t\t\t\t\t\t\t\t<h2 class=\"module-timeline-title\">    \n\t\t\t\t\t\t\t\t\t\t\t\t\t\t\t\t   JA\u010cANJE MEDITERANSKOG PROGRAMA\t\t\t\t\t\t\t   \t\t\t\t\t\t<\/h2>\n\t\t\t\t\t\t\t\t\t\t\t\t\t\t\t\t\t\t\t\t\t<div class=\"entry-content\" itemprop=\"articleBody\">\n\t\t\t\t\t\t\t\t <p><span style=\"font-weight: 400;\">The <\/span><b>Program Mediteranskog bazena Zaklade MAVA<\/b><span style=\"font-weight: 400;\">\u00a0 i LIFE \u010dine \u00a03-godi\u0161nje partnerstvo, uvelike ja\u010daju\u0107i kapacitet LIFE-a u ovom va\u017enom morskom bazenu.\u00a0<\/span><\/p>\n<p><span style=\"font-weight: 400;\">LIFE sudjeluje i pridonosi procesu koji vodi Op\u0107a komisija za ribarstvo za Mediteran (GFCM) za izradu Regionalnog plana akcije za malo ribarstvo u Sredozemlju i Crnom moru (RPOA-SSF). LIFE postaje osniva\u010dki \u010dlan <strong>\u201cPrijatelji malog ribarstva\u201d<\/strong> u GFCM-u, skupini koja je predana podr\u0161ci provedbi RPOA-SSF-a.\u00a0<\/span><\/p>\n<p><span style=\"font-weight: 400;\">Krajem 2018. Brexit je u\u010dinio imperativnim da se LIFE prebaci u dr\u017eavu \u010dlanicu EU-a i zatvori svoje operacije u Ujedinjenom Kraljevstvu. LIFE postaje registriran kao neprofitna udruga (ASBL) u Belgiji.<\/span><\/p>\t\t\t\t\t\t<\/div><!-- \/.entry-content -->\n\t\t\t\t\t\t\t\t\t<\/div><!-- \/.timeline-content -->\n\t\t\t<\/div><!-- \/.timeline-content-wrap -->\n\t\t<\/li>\n\t\t\t<li id=\"timeline-6\" class=\"timeline-post with-icon\">\n\t\t\t<span class=\"module-timeline-date tf_box tf_textr\">\n\t\t\t\t\t  2019\t\t\t<\/span>\n\t\t\t\t\t\t\t<i class=\"module-timeline-icon\" style=\"background-color:#51aece;\"><svg  class=\"tf_fa tf-ti-angle-double-down\" aria-hidden=\"true\"><use href=\"#tf-ti-angle-double-down\"><\/use><\/svg><\/i>\n\n\t\t\t\t\t\t<div class=\"module-timeline-content-wrap tf_box tf_right\">\n\t\t\t\t<div class=\"module-timeline-content\">\n\t\t\t\t\t\t\t\t\t\t\t<h2 class=\"module-timeline-title\">    \n\t\t\t\t\t\t\t\t\t\t\t\t\t\t\t\t   Rastu\u0107i\t\t\t\t\t\t\t   \t\t\t\t\t\t<\/h2>\n\t\t\t\t\t\t\t\t\t\t\t\t\t\t\t\t\t\t\t\t\t<div class=\"entry-content\" itemprop=\"articleBody\">\n\t\t\t\t\t\t\t\t <h4><strong>PULSE KO\u0106ANJE JE ZABRANJENO<\/strong><\/h4>\n<p><span style=\"font-weight: 400;\">Nakon duge kampanje koju je pokrenuo LIFE 2016., Europski parlament na plenarnoj sjednici glasa za\u00a0<\/span><b>zabraniti ribolov elektri\u010dnim \"pulsnim ko\u010dama\"<\/b><span style=\"font-weight: 400;\">.<\/span><\/p>\n<h4><strong>STRATE\u0160KO PLANIRANJE<\/strong><\/h4>\n<p><span style=\"font-weight: 400;\">LIFE se upu\u0161ta u internu refleksiju kroz proces pregleda i strate\u0161kog planiranja, uklju\u010duju\u0107i \u010dlanove i konzultacije s razli\u010ditim dionicima.\u00a0\u00a0<\/span><\/p>\n<p><b>LIFE sada predstavlja 33 \u010dlana u 15 dr\u017eava \u010dlanica (uklju\u010duju\u0107i oko 10.000 ribara).<\/b><\/p>\n<h4><strong>FER DEAL ZA MALI RIBOLOV?<\/strong><\/h4>\n<p><span style=\"font-weight: 400;\">Odbor za Pech Europskog parlamenta organizira raspravu o \u201c<\/span><b>Po\u0161tena ponuda za <\/b><span style=\"font-weight: 400;\">\u00a0mali, zanatski i obalni ribari <\/span><b>SSF u dodjeli ribolovnih mogu\u0107nosti<\/b><span style=\"font-weight: 400;\">\u201c, kroz inicijativu LIFE-a, nagla\u0161avaju\u0107i kako je CFP stvorio \u201ciskrivljeno more\u201d diskriminiraju\u0107i SSF.<\/span><\/p>\t\t\t\t\t\t<\/div><!-- \/.entry-content -->\n\t\t\t\t\t\t\t\t\t<\/div><!-- \/.timeline-content -->\n\t\t\t<\/div><!-- \/.timeline-content-wrap -->\n\t\t<\/li>\n\t\t\t<li id=\"timeline-7\" class=\"timeline-post with-icon\">\n\t\t\t<span class=\"module-timeline-date tf_box tf_textr\">\n\t\t\t\t\t  2020-2021\t\t\t<\/span>\n\t\t\t\t\t\t\t<i class=\"module-timeline-icon\" style=\"background-color:#51aece;\"><svg  class=\"tf_fa tf-ti-angle-double-down\" aria-hidden=\"true\"><use href=\"#tf-ti-angle-double-down\"><\/use><\/svg><\/i>\n\n\t\t\t\t\t\t<div class=\"module-timeline-content-wrap tf_box tf_right\">\n\t\t\t\t<div class=\"module-timeline-content\">\n\t\t\t\t\t\t\t\t\t\t\t<h2 class=\"module-timeline-title\">    \n\t\t\t\t\t\t\t\t\t\t\t\t\t\t\t\t   STRENGTHENING LIFE'S UPRAVLJANJE I PRAVAC\t\t\t\t\t\t\t   \t\t\t\t\t\t<\/h2>\n\t\t\t\t\t\t\t\t\t\t\t\t\t\t\t\t\t\t\t\t\t<div class=\"entry-content\" itemprop=\"articleBody\">\n\t\t\t\t\t\t\t\t <h4><strong>MAVA OBNOVLJENO PARTNERSTVO<\/strong><\/h4>\n<p><span style=\"font-weight: 400;\">Zaklada MAVA obnavlja svoje partnerstvo s LIFE-om na dvije godine, do listopada 2022., omogu\u0107uju\u0107i Mediteranskom programu da nastavi svoju predanost pru\u017eanju podr\u0161ke \u010dlanovima LIFE-a na vodotoku. Podr\u0161ka je za partnerske inicijative, povezuju\u0107i LIFE s drugim MAVA partnerima u dvije strate\u0161ke inicijative:\u00a0 \u201c<\/span><a href=\"https:\/\/foodnected.org\/\" target=\"_blank\" rel=\"noopener\"><b>Prehrambeno povezano<\/b><\/a><span style=\"font-weight: 400;\">, prema pravednom i odr\u017eivom prehrambenom sustavu na Mediteranu\u201d; i \u201eOsna\u017eivanje naslije\u0111a: pove\u0107anje <\/span><b>suupravljao<\/b><span style=\"font-weight: 400;\"> i financijski odr\u017eiv <\/span><b>Zone zabranjenog uzimanja<\/b><span style=\"font-weight: 400;\"> \/ Za\u0161ti\u0107ena morska podru\u010dja\u201d.<\/span><\/p>\n<h4><strong>UPRAVARI BALEARSKOG MORA<\/strong><\/h4>\n<p><span style=\"font-weight: 400;\">LIFE postaje partner <\/span><b>Zaklada Marilles<\/b><span style=\"font-weight: 400;\"> raditi na Balearskim otocima u razdoblju od 3 godine. Uloga LIFE-a je sura\u0111ivati \u200b\u200bs udrugama SSF-a i promicati njihovu integraciju u inicijative za\u0161ti\u0107enih podru\u010dja i povezane inicijative zajedni\u010dkog upravljanja te promicati izravnu prodaju njihovih proizvoda. Inicijativa je povezana s LIFE-ovim partnerstvom s MAVA-om.\u00a0<\/span><\/p>\n<h4><strong>IZRA\u0110EN STRATE\u0160KI PLAN ZA 5 GODI\u0160NJA<\/strong><\/h4>\n<p><span style=\"font-weight: 400;\">LIFE dovr\u0161ava izradu petogodi\u0161njeg strate\u0161kog plana, koji se temelji na dugom procesu revizije. Plan obvezuje LIFE na ujedinjavanje ribara za postizanje po\u0161tenog ribarstva, zdravog mora i \u017eivahnih zajednica. U cilju postizanja ovih ciljeva, LIFE je razvio teoriju promjene kao dio plana. Strate\u0161ki plan pregledava Upravni odbor LIFE-a 2021.<\/span><\/p>\n<h4><strong>PLAVA TUNA NA SUDU<\/strong><\/h4>\n<p><span style=\"font-weight: 400;\">Zna\u010dajna pravna presuda francuskog suda u korist francuskih \u010dlanova i partnera LIFE-a, a protiv francuskih pravila za <\/span><b>dodjeljivanje plavoperajne tune<\/b><span style=\"font-weight: 400;\"> ribolovne kvote. Odluka ima implikacije na dodjelu kvota diljem Europe.<\/span><\/p>\n<h4><strong>STRENGTHENING LIFE'S UPRAVLJANJE I PRAVAC<\/strong><\/h4>\n<p><b>LIFE organizira on-line Ribarski forum i Generalnu skup\u0161tinu<\/b><span style=\"font-weight: 400;\">. <\/span><span style=\"font-weight: 400;\">\u00a0Sastanak usvaja izjavu o provedbi CFP-a za 2014., odobrava izmjene Statuta LIFE-a, usvaja LIFE-ov strate\u0161ki plan i bira novi regionalno utemeljen Upravni odbor.<\/span><\/p>\t\t\t\t\t\t<\/div><!-- \/.entry-content -->\n\t\t\t\t\t\t\t\t\t<\/div><!-- \/.timeline-content -->\n\t\t\t<\/div><!-- \/.timeline-content-wrap -->\n\t\t<\/li>\n\t\t\t<li id=\"timeline-8\" class=\"timeline-post with-icon\">\n\t\t\t<span class=\"module-timeline-date tf_box tf_textr\">\n\t\t\t\t\t  2025 Vizija\t\t\t<\/span>\n\t\t\t\t\t\t\t<i class=\"module-timeline-icon\" style=\"background-color:#51aece;\"><svg  class=\"tf_fa tf-ti-angle-double-down\" aria-hidden=\"true\"><use href=\"#tf-ti-angle-double-down\"><\/use><\/svg><\/i>\n\n\t\t\t\t\t\t<div class=\"module-timeline-content-wrap tf_box tf_right\">\n\t\t\t\t<div class=\"module-timeline-content\">\n\t\t\t\t\t\t\t\t\t\t\t<h2 class=\"module-timeline-title\">    \n\t\t\t\t\t\t\t\t\t\t\t\t\t\t\t\t   Ribari budu\u0107nosti\t\t\t\t\t\t\t   \t\t\t\t\t\t<\/h2>\n\t\t\t\t\t\t\t\t\t\t\t\t\t\t\t\t\t\t\t\t\t<div class=\"entry-content\" itemprop=\"articleBody\">\n\t\t\t\t\t\t\t\t <p><span style=\"font-weight: 400;\">Vizija LIFE-a za 2025. godinu je postati\u00a0<\/span><b>kohezivna, dobro upravljana i financijski stabilna europska krovna organizacija, sastavljena od organizacija na nacionalnoj i lokalnoj razini<\/b><span style=\"font-weight: 400;\">posve\u0107ena je maloj proizvodnji ribe s niskim utjecajem na okoli\u0161 (SSF), uklju\u010duju\u0107i organizacije proizvo\u0111a\u010da ribe SSF, sa sna\u017enom prisutno\u0161\u0107u u Bruxellesu i na razini morskih bazena, s osobljem i \u010dlanovima ra\u0161trkanim diljem Europe.\u00a0<\/span><\/p>\n<p><b>\u010clanovi LIFE-a postat \u0107e akteri promjene<\/b><span style=\"font-weight: 400;\">, koji imaju svoje mi\u0161ljenje u europskim politikama, uz pravi\u010dan pristup resursima i tr\u017ei\u0161tima,\u00a0sudjeluju u zajedni\u010dkom upravljanju svojim ribolovnim podru\u010djima, a sa svojom djecom obu\u010davaju se kao ribari zahvaljuju\u0107i razvoju LIFE-ovog programa Ribari budu\u0107nosti.<\/span><\/p>\t\t\t\t\t\t<\/div><!-- \/.entry-content -->\n\t\t\t\t\t\t\t\t\t<\/div><!-- \/.timeline-content -->\n\t\t\t<\/div><!-- \/.timeline-content-wrap -->\n\t\t<\/li>\n\t<\/ul><\/div>\n<!-- \/module timeline -->        <\/div>\n                        <\/div>\n        <\/div>\n        <\/div>\n<!--\/themify_builder_content-->","protected":false},"excerpt":{"rendered":"<p>Vremenska crta 2009.-2012. Kako je sve po\u010delo Sjeme programa LIFE posijano je u pripremi za reformu Zajedni\u010dke ribarstvene politike (ZRP) iz 2012. Zahvaljuju\u0107i nekoliko inicijativa usmjerenih na davanje glasa malim ribarima u ovom zna\u010dajnom procesu, predstavnici malih ribara mogli su se okupiti i sudjelovati u konzultacijama o \u201cZelenoj knjizi\u201d [\u2026]<\/p>","protected":false},"author":1,"featured_media":0,"parent":0,"menu_order":0,"comment_status":"closed","ping_status":"closed","template":"","meta":{"give_campaign_id":0,"footnotes":""},"class_list":["post-19997","page","type-page","status-publish","hentry","has-post-title","has-post-date","has-post-category","has-post-tag","has-post-comment","has-post-author",""],"yoast_head":"<!-- This site is optimized with the Yoast SEO plugin v26.6 - https:\/\/yoast.com\/wordpress\/plugins\/seo\/ -->\n<title>Timeline - Life Platform<\/title>\n<meta name=\"robots\" content=\"index, follow, max-snippet:-1, max-image-preview:large, max-video-preview:-1\" \/>\n<link rel=\"canonical\" href=\"https:\/\/lifeplatform.eu\/hr\/timeline\/\" \/>\n<meta property=\"og:locale\" content=\"hr_HR\" \/>\n<meta property=\"og:type\" content=\"article\" \/>\n<meta property=\"og:title\" content=\"Timeline - Life Platform\" \/>\n<meta property=\"og:description\" content=\"Timeline 2009-2012 How it all started The seeds of LIFE were sown in the lead up to the 2012 reform of the Common Fisheries Policy (CFP). Thanks to several initiatives aimed at giving small-scale fishers a say in this landmark process,\u00a0small-scale fisher representatives were able to come together and participate in the \u201cGreen Paper\u201d consultation [&hellip;]\" \/>\n<meta property=\"og:url\" content=\"https:\/\/lifeplatform.eu\/hr\/timeline\/\" \/>\n<meta property=\"og:site_name\" content=\"Life Platform\" \/>\n<meta property=\"article:publisher\" content=\"https:\/\/www.facebook.com\/Low-Impact-Fishers-of-Europe-166393173503352\/?ref=hl\" \/>\n<meta property=\"article:modified_time\" content=\"2023-03-01T11:22:42+00:00\" \/>\n<meta name=\"twitter:card\" content=\"summary_large_image\" \/>\n<meta name=\"twitter:site\" content=\"@LIFEplatformEU\" \/>\n<meta name=\"twitter:label1\" content=\"Procijenjeno vrijeme \u010ditanja\" \/>\n\t<meta name=\"twitter:data1\" content=\"5 minutes\" \/>\n<script type=\"application\/ld+json\" class=\"yoast-schema-graph\">{\"@context\":\"https:\/\/schema.org\",\"@graph\":[{\"@type\":\"WebPage\",\"@id\":\"https:\/\/lifeplatform.eu\/de\/timeline\/\",\"url\":\"https:\/\/lifeplatform.eu\/de\/timeline\/\",\"name\":\"Timeline - Life Platform\",\"isPartOf\":{\"@id\":\"https:\/\/lifeplatform.eu\/ro\/#website\"},\"datePublished\":\"2023-02-06T11:09:52+00:00\",\"dateModified\":\"2023-03-01T11:22:42+00:00\",\"breadcrumb\":{\"@id\":\"https:\/\/lifeplatform.eu\/de\/timeline\/#breadcrumb\"},\"inLanguage\":\"hr\",\"potentialAction\":[{\"@type\":\"ReadAction\",\"target\":[\"https:\/\/lifeplatform.eu\/de\/timeline\/\"]}]},{\"@type\":\"BreadcrumbList\",\"@id\":\"https:\/\/lifeplatform.eu\/de\/timeline\/#breadcrumb\",\"itemListElement\":[{\"@type\":\"ListItem\",\"position\":1,\"name\":\"Home\",\"item\":\"https:\/\/lifeplatform.eu\/\"},{\"@type\":\"ListItem\",\"position\":2,\"name\":\"Timeline\"}]},{\"@type\":\"WebSite\",\"@id\":\"https:\/\/lifeplatform.eu\/ro\/#website\",\"url\":\"https:\/\/lifeplatform.eu\/ro\/\",\"name\":\"Life Platform\",\"description\":\"\",\"potentialAction\":[{\"@type\":\"SearchAction\",\"target\":{\"@type\":\"EntryPoint\",\"urlTemplate\":\"https:\/\/lifeplatform.eu\/ro\/?s={search_term_string}\"},\"query-input\":{\"@type\":\"PropertyValueSpecification\",\"valueRequired\":true,\"valueName\":\"search_term_string\"}}],\"inLanguage\":\"hr\"}]}<\/script>\n<!-- \/ Yoast SEO plugin. -->","yoast_head_json":{"title":"Timeline - Life Platform","robots":{"index":"index","follow":"follow","max-snippet":"max-snippet:-1","max-image-preview":"max-image-preview:large","max-video-preview":"max-video-preview:-1"},"canonical":"https:\/\/lifeplatform.eu\/hr\/timeline\/","og_locale":"hr_HR","og_type":"article","og_title":"Timeline - Life Platform","og_description":"Timeline 2009-2012 How it all started The seeds of LIFE were sown in the lead up to the 2012 reform of the Common Fisheries Policy (CFP). Thanks to several initiatives aimed at giving small-scale fishers a say in this landmark process,\u00a0small-scale fisher representatives were able to come together and participate in the \u201cGreen Paper\u201d consultation [&hellip;]","og_url":"https:\/\/lifeplatform.eu\/hr\/timeline\/","og_site_name":"Life Platform","article_publisher":"https:\/\/www.facebook.com\/Low-Impact-Fishers-of-Europe-166393173503352\/?ref=hl","article_modified_time":"2023-03-01T11:22:42+00:00","twitter_card":"summary_large_image","twitter_site":"@LIFEplatformEU","twitter_misc":{"Procijenjeno vrijeme \u010ditanja":"5 minutes"},"schema":{"@context":"https:\/\/schema.org","@graph":[{"@type":"WebPage","@id":"https:\/\/lifeplatform.eu\/de\/timeline\/","url":"https:\/\/lifeplatform.eu\/de\/timeline\/","name":"Timeline - Life Platform","isPartOf":{"@id":"https:\/\/lifeplatform.eu\/ro\/#website"},"datePublished":"2023-02-06T11:09:52+00:00","dateModified":"2023-03-01T11:22:42+00:00","breadcrumb":{"@id":"https:\/\/lifeplatform.eu\/de\/timeline\/#breadcrumb"},"inLanguage":"hr","potentialAction":[{"@type":"ReadAction","target":["https:\/\/lifeplatform.eu\/de\/timeline\/"]}]},{"@type":"BreadcrumbList","@id":"https:\/\/lifeplatform.eu\/de\/timeline\/#breadcrumb","itemListElement":[{"@type":"ListItem","position":1,"name":"Home","item":"https:\/\/lifeplatform.eu\/"},{"@type":"ListItem","position":2,"name":"Timeline"}]},{"@type":"WebSite","@id":"https:\/\/lifeplatform.eu\/ro\/#website","url":"https:\/\/lifeplatform.eu\/ro\/","name":"Platforma za \u017eivot","description":"","potentialAction":[{"@type":"SearchAction","target":{"@type":"EntryPoint","urlTemplate":"https:\/\/lifeplatform.eu\/ro\/?s={search_term_string}"},"query-input":{"@type":"PropertyValueSpecification","valueRequired":true,"valueName":"search_term_string"}}],"inLanguage":"hr"}]}},"campaignId":"","_links":{"self":[{"href":"https:\/\/lifeplatform.eu\/hr\/wp-json\/wp\/v2\/pages\/19997","targetHints":{"allow":["GET"]}}],"collection":[{"href":"https:\/\/lifeplatform.eu\/hr\/wp-json\/wp\/v2\/pages"}],"about":[{"href":"https:\/\/lifeplatform.eu\/hr\/wp-json\/wp\/v2\/types\/page"}],"author":[{"embeddable":true,"href":"https:\/\/lifeplatform.eu\/hr\/wp-json\/wp\/v2\/users\/1"}],"replies":[{"embeddable":true,"href":"https:\/\/lifeplatform.eu\/hr\/wp-json\/wp\/v2\/comments?post=19997"}],"version-history":[{"count":3,"href":"https:\/\/lifeplatform.eu\/hr\/wp-json\/wp\/v2\/pages\/19997\/revisions"}],"predecessor-version":[{"id":20043,"href":"https:\/\/lifeplatform.eu\/hr\/wp-json\/wp\/v2\/pages\/19997\/revisions\/20043"}],"wp:attachment":[{"href":"https:\/\/lifeplatform.eu\/hr\/wp-json\/wp\/v2\/media?parent=19997"}],"curies":[{"name":"radni list","href":"https:\/\/api.w.org\/{rel}","templated":true}]}}