{"id":16524,"date":"2019-07-30T11:54:58","date_gmt":"2019-07-30T11:54:58","guid":{"rendered":"https:\/\/lifeplatform.eu\/?page_id=16524"},"modified":"2019-07-30T12:13:03","modified_gmt":"2019-07-30T12:13:03","slug":"bans-project-2019","status":"publish","type":"page","link":"https:\/\/lifeplatform.eu\/hr\/bans-project-2019\/","title":{"rendered":"Projekt BANS 2019"},"content":{"rendered":"<!--themify_builder_content-->\n<div id=\"themify_builder_content-16524\" data-postid=\"16524\" class=\"themify_builder_content themify_builder_content-16524 themify_builder tf_clear\">\n                    <div  data-parallax-bg=\"desktop\" data-css_id=\"taug738\" data-lazy=\"1\" class=\"module_row themify_builder_row fullwidth_row_container tb_taug738 tb_first tf_w\">\n                        <div class=\"row_inner col_align_top tb_col_count_1 tf_box tf_rel\">\n                        <div  data-lazy=\"1\" class=\"module_column tb-column col-full tb_6pjk738 first\">\n                    <!-- module text -->\n<div  class=\"module module-text tb_fb56738\" data-lazy=\"1\">\n        <div  class=\"tb_text_wrap\">\n        <h1>Projekti<\/h1>    <\/div>\n<\/div>\n<!-- \/module text -->        <\/div>\n                        <\/div>\n        <\/div>\n                        <div  data-lazy=\"1\" class=\"module_row themify_builder_row tb_xz8u498 tf_w\">\n                        <div class=\"row_inner col_align_top tb_col_count_2 tf_box tf_rel\">\n                        <div  data-lazy=\"1\" class=\"module_column tb-column col4-2 tb_pxa7498 first\">\n                    <!-- module text -->\n<div  class=\"module module-text tb_szkr498\" data-lazy=\"1\">\n        <div  class=\"tb_text_wrap\">\n        <h2>Projekt Balti\u010dkog i Sjevernog mora (BANS) financiran od strane Europske komisije<\/h2>\n<p>Malo ribarstvo igra vitalnu ulogu u Europskoj uniji u smislu zapo\u0161ljavanja, gospodarskog i dru\u0161tvenog doprinosa obalnim zajednicama i odr\u017eivog upravljanja morskim resursima. U skladu sa zahtjevima reformirane Zajedni\u010dke ribarstvene politike, Europska komisija posebno je pozorna na stanje obalnih flota i svjesna je da je odgovaraju\u0107a potpora klju\u010dna za rast i prosperitet sektora.<\/p>\n<p>Stoga je s velikim zadovoljstvom \u0161to je platforma LIFE postala jedan od korisnika ove inicijative i sada vodi projekt.\u00a0<strong><em>\u201eMjere potpore malom ribolovu u Balti\u010dkom i Sjevernom moru\u201d<\/em><\/strong>\u00a0, s glavnim ciljem ja\u010danja mre\u017ea malih ribara s niskim utjecajem u regiji.<\/p>\n<p>Kako bi uspjele u ovom klju\u010dnom zadatku, lokalne ribarske organizacije mogu se osloniti na koordinatora za Balti\u010dko i Sjeverno more sa sna\u017enim iskustvom u upravljanju ribarstvom i zastupanju u politici, posebno zaposlenog u tu svrhu. Osoblje LIFE-a podr\u017eava, savjetuje i koordinira organizacije malih ribara te omogu\u0107uje u\u010dinkovitu suradnju sa zainteresiranim stranama iz javnog i privatnog sektora. Projekt je ve\u0107 dotaknuo niz dr\u017eava \u010dlanica u regiji, uklju\u010duju\u0107i Poljsku, Njema\u010dku, Dansku, Finsku, \u0160vedsku i Estoniju.<\/p>\n<p><strong>Osna\u017eivanje organizacija malog ribara poti\u010de se i osigurava u okviru projekta fokusiranjem na nekoliko prioriteta:<\/strong><\/p>\n<ul>\n<li>Izgradnja kapaciteta malih ribara u regiji kako bi se njihovi glasovi i zabrinutosti \u010duli i uzeli u obzir na regionalnim forumima, posebno u Savjetodavnim vije\u0107ima;<\/li>\n<li>Redovita suradnja s malim ribarima u tom podru\u010dju kako bi se razumjela njihova situacija, pomoglo im se u prepoznavanju potreba te kako bi mogli definirati zajedni\u010dki program i poruke;<\/li>\n<li>Olak\u0161avanje u izgradnji zajedni\u010dkih stavova i organiziranje zajedni\u010dkih akcija;<\/li>\n<li>Poticanje malih ribara u tom podru\u010dju na suradnju, razmjenu iskustava i najboljih praksi;<\/li>\n<li>Obavje\u0161tavanje malih ribara u tom podru\u010dju o razvoju politika na svim relevantnim razinama;<\/li>\n<li>Savjetovanje o rje\u0161enjima problema s kojima se suo\u010davaju u svakodnevnom poslovanju<\/li>\n<\/ul>    <\/div>\n<\/div>\n<!-- \/module text -->        <\/div>\n                    <div  data-lazy=\"1\" class=\"module_column tb-column col4-2 tb_4lax499 last\">\n                    <!-- module image -->\n<div  class=\"module module-image tb_5wae499 image-center   tf_mw\" data-lazy=\"1\">\n        <div class=\"image-wrap tf_rel tf_mw\">\n            <img loading=\"lazy\" decoding=\"async\" src=\"https:\/\/lifeplatform.eu\/wp-content\/uploads\/2017\/02\/team-image-eu-projects-450x250.jpg\" width=\"450\" height=\"250\" class=\"wp-post-image wp-image-7643\" title=\"tim-image-eu-projekti\" alt=\"LIFE platform staff\">    \n        <\/div>\n    <!-- \/image-wrap -->\n    \n        <\/div>\n<!-- \/module image --><!-- module image -->\n<div  class=\"module module-image tb_ub8w499 image-center   tf_mw\" data-lazy=\"1\">\n        <div class=\"image-wrap tf_rel tf_mw\">\n            <img loading=\"lazy\" decoding=\"async\" src=\"https:\/\/lifeplatform.eu\/wp-content\/uploads\/2017\/02\/boat-image-eu-projects-450x250.jpg\" width=\"450\" height=\"250\" class=\"wp-post-image wp-image-7644\" title=\"boat-image-eu-projects\" alt=\"Fishermen in an exchange next to two beached vessels\">    \n        <\/div>\n    <!-- \/image-wrap -->\n    \n        <\/div>\n<!-- \/module image --><!-- module image -->\n<div  class=\"module module-image tb_ansn499 image-center   tf_mw\" data-lazy=\"1\">\n        <div class=\"image-wrap tf_rel tf_mw\">\n            <img loading=\"lazy\" decoding=\"async\" src=\"https:\/\/lifeplatform.eu\/wp-content\/uploads\/2017\/02\/fishers-image-eu-projects-450x250.jpg\" width=\"450\" height=\"250\" class=\"wp-post-image wp-image-7645\" title=\"ribari-image-eu-projekti\" alt=\"Three fishermen in icy waters\">    \n        <\/div>\n    <!-- \/image-wrap -->\n    \n        <\/div>\n<!-- \/module image --><!-- module image -->\n<div  class=\"module module-image tb_2sjb499 image-center   tf_mw\" data-lazy=\"1\">\n        <div class=\"image-wrap tf_rel tf_mw\">\n            <img loading=\"lazy\" decoding=\"async\" src=\"https:\/\/lifeplatform.eu\/wp-content\/uploads\/2017\/02\/handshake-image-eu-projects-450x250.jpg\" width=\"450\" height=\"250\" class=\"wp-post-image wp-image-7646\" title=\"rukovanje-slika-eu-projekti\" alt=\"A LIFE certificate presentation\">    \n        <\/div>\n    <!-- \/image-wrap -->\n    \n        <\/div>\n<!-- \/module image --><!-- module image -->\n<div  class=\"module module-image tb_7ck6500 image-center   tf_mw\" data-lazy=\"1\">\n        <div class=\"image-wrap tf_rel tf_mw\">\n            <img loading=\"lazy\" decoding=\"async\" src=\"https:\/\/lifeplatform.eu\/wp-content\/uploads\/2018\/03\/LIFE-EVENT_26_MARCH_2018_4720-1024x534-450x250-450x250.jpg\" width=\"450\" height=\"250\" title=\"Projekt BANS 2019\" alt=\"BANS Project 2019\">    \n        <\/div>\n    <!-- \/image-wrap -->\n    \n        <\/div>\n<!-- \/module image -->        <\/div>\n                        <\/div>\n        <\/div>\n                        <div  data-lazy=\"1\" class=\"module_row themify_builder_row tb_1gcx146 tf_w\">\n                        <div class=\"row_inner col_align_top tb_col_count_2 tf_box tf_rel\">\n                        <div  data-lazy=\"1\" class=\"module_column tb-column col4-3 tb_g2ph146 first\">\n                    <!-- module text -->\n<div  class=\"module module-text tb_quhk146\" data-lazy=\"1\">\n        <div  class=\"tb_text_wrap\">\n        <p><strong>Postignut je niz rezultata, uklju\u010duju\u0107i: <\/strong><\/p>\n<ul>\n<li>Brojni sastanci s organizacijama malih ribara s podru\u010dja djelovanja kako bi se detaljno razumjela njihova situacija i pru\u017eila im se potrebna podr\u0161ka, kako na sastancima tako i u kasnijim kontaktima \u2013 s ciljem stvaranja funkcionalne regionalne mre\u017ee<\/li>\n<li>Aktivno sudjelovanje na brojnim sastancima i aktivnostima Savjetodavnih vije\u0107a Balti\u010dkog i Sjevernog mora<\/li>\n<li>Pomo\u0107 u uspje\u0161noj kandidaturi jedne organizacije za pridru\u017eivanje Savjetodavnom vije\u0107u Balti\u010dkog mora<\/li>\n<li>Olak\u0161avanje pridru\u017eivanja 3 organizacija \u010dlanica programu LIFE<\/li>\n<li>Organizacija velike radionice s ciljem upoznavanja malih ribara s institucijama EU-a i procesom dono\u0161enja odluka u ribarstvu, prirodom savjetodavnih vije\u0107a, Europskim fondom za pomorstvo i ribarstvo, sustavima upravljanja kvotama i obvezom iskrcavanja (vidi medije u nastavku)<\/li>\n<li>Produkcija pet kratkih tutorijalnih filmova koji odgovaraju glavnim temama gore opisane radionice<\/li>\n<li>Pomo\u0107 u izradi Akcijskog plana za stok bakalara u zapadnom Baltiku od strane malih ribara s obzirom na savjet ICES-a za taj stok iz 2017.;<\/li>\n<li>Pomo\u0107 u izradi Akcijskog plana za brancina od strane malih ribara, s obzirom na preporuke ICES-a iz 2017. za tu stoku<\/li>\n<\/ul>\n<p><a href=\"\/hr\/\"https:><strong>Slu\u017ebenom srednjoro\u010dnom izvje\u0161\u0107u mo\u017eete pristupiti klikom ovdje.<\/strong><\/a><\/p>\n<p><a href=\"\/hr\/\"https:>Dosada\u0161nji rezultati (listopad 2017.)<\/a><\/p>\n<p><a href=\"\/hr\/\"https:>Zaklju\u010dci radionice o klima ure\u0111ajima odr\u017eane u Hamburgu 10. velja\u010de<\/a><\/p>\n<p><a href=\"\/hr\/\"https:>LIFE_BANS_Zavr\u0161no_tehni\u010dko_izvje\u0161\u0107e<\/a><\/p>    <\/div>\n<\/div>\n<!-- \/module text --><!-- module image -->\n<div  class=\"module module-image tb_egal721 image-top   tf_mw\" data-lazy=\"1\">\n        <div class=\"image-wrap tf_rel tf_mw\">\n            <img loading=\"lazy\" decoding=\"async\" width=\"842\" height=\"541\" src=\"https:\/\/lifeplatform.eu\/wp-content\/uploads\/2018\/03\/breakthroughts.jpg\" class=\"wp-post-image wp-image-9874\" title=\"proboji\" alt=\"breakthroughts\" srcset=\"https:\/\/lifeplatform.eu\/wp-content\/uploads\/2018\/03\/breakthroughts.jpg 842w, https:\/\/lifeplatform.eu\/wp-content\/uploads\/2018\/03\/breakthroughts-300x193.jpg 300w\" sizes=\"auto, (max-width: 842px) 100vw, 842px\" \/>    \n        <\/div>\n    <!-- \/image-wrap -->\n    \n        <\/div>\n<!-- \/module image -->        <\/div>\n                    <div  data-lazy=\"1\" class=\"module_column tb-column col4-1 tb_79yn146 last\">\n                    <!-- module text -->\n<div  class=\"module module-text tb_fh61147\" data-lazy=\"1\">\n        <div  class=\"tb_text_wrap\">\n        <h4 style=\"\\\"text-align:\" center;\\\">Korisne poveznice<\/h4>\n<p><a href=\"\/hr\/\"http:>DG Mare <\/a><\/p>\n<p><a href=\"\/hr\/\"https:>Farnet <\/a><\/p>\n<p><a href=\"\/hr\/\"http:>Helcom <\/a><\/p>\n<p><a href=\"\/hr\/\"http:>Savjetodavno vije\u0107e Balti\u010dkog mora <\/a><\/p>\n<p><a href=\"\/hr\/\"http:>Savjetodavno vije\u0107e Sjevernog mora <\/a><\/p>\n<p><a href=\"\/hr\/\"http:>Projekt duhana<\/a>\u00a0<\/p>    <\/div>\n<\/div>\n<!-- \/module text -->        <\/div>\n                        <\/div>\n        <\/div>\n                        <div  data-lazy=\"1\" class=\"module_row themify_builder_row tb_hn95782 tf_w\">\n                        <div class=\"row_inner col_align_top tb_col_count_1 tf_box tf_rel\">\n                        <div  data-lazy=\"1\" class=\"module_column tb-column col-full tb_96hn782 first\">\n                    <!-- module text -->\n<div  class=\"module module-text tb_1mcv782\" data-lazy=\"1\">\n        <div  class=\"tb_text_wrap\">\n        <h3><em>Mediji s BANS doga\u0111aja<\/em><\/h3>    <\/div>\n<\/div>\n<!-- \/module text -->        <div  data-lazy=\"1\" class=\"module_subrow themify_builder_sub_row tf_w col_align_top tb_col_count_2 tb_h0i8783\">\n                <div  data-lazy=\"1\" class=\"module_column sub_column col4-2 tb_1lo2784 first\">\n                    <!-- module video -->\n<div  class=\"module module-video tb_51h0784 video-top\" data-lazy=\"1\">\n                    <div class=\"video-wrap-outer\">\n            <div class=\"video-wrap tf_rel tf_overflow\">\n                                    <noscript><iframe data-no-script src=\"https:\/\/www.youtube.com\/embed\/PeRdKyRgAzQ?pip=1&#038;playsinline=1\" allow=\"accelerometer;encrypted-media;gyroscope;picture-in-picture;fullscreen\" class=\"tf_abs tf_w tf_h\"><\/iframe><\/noscript>\n                                <\/div>\n            <!-- \/video-wrap -->\n        <\/div>\n        <!-- \/video-wrap-outer -->\n            <\/div>\n<!-- module video -->\n<div  class=\"module module-video tb_bfs6784 video-top\" data-lazy=\"1\">\n                    <div class=\"video-wrap-outer\">\n            <div class=\"video-wrap tf_rel tf_overflow\">\n                                    <noscript><iframe data-no-script src=\"https:\/\/www.youtube.com\/embed\/1S6cZPM52Fw?pip=1&#038;playsinline=1&#038;feature=youtu.be\" allow=\"accelerometer;encrypted-media;gyroscope;picture-in-picture;fullscreen\" class=\"tf_abs tf_w tf_h\"><\/iframe><\/noscript>\n                                <\/div>\n            <!-- \/video-wrap -->\n        <\/div>\n        <!-- \/video-wrap-outer -->\n            <\/div>\n        <\/div>\n                    <div  data-lazy=\"1\" class=\"module_column sub_column col4-2 tb_v0ok784 last\">\n                    <!-- module text -->\n<div  class=\"module module-text tb_k6an260  repeat\" data-lazy=\"1\">\n        <div  class=\"tb_text_wrap\">\n        <h4 style=\"\\\"text-align:\" center;\\\"><a href=\"\/hr\/\"https:>Pogledajte galeriju<\/a><\/h4>    <\/div>\n<\/div>\n<!-- \/module text --><!-- module text -->\n<div  class=\"module module-text tb_9cpt354  fullcover\" data-lazy=\"1\">\n        <div  class=\"tb_text_wrap\">\n        <h4 style=\"\\\"text-align:\" center;\\\"><a href=\"\/hr\/\"https:>Pogledajte galeriju<\/a><\/h4>    <\/div>\n<\/div>\n<!-- \/module text -->        <\/div>\n                    <\/div>\n                <\/div>\n                        <\/div>\n        <\/div>\n                        <div  data-lazy=\"1\" class=\"module_row themify_builder_row tb_5mta264 tf_w\">\n                        <div class=\"row_inner col_align_top tb_col_count_2 tf_box tf_rel\">\n                        <div  data-lazy=\"1\" class=\"module_column tb-column col2-1 tb_zuvl265 first\">\n                    <!-- module text -->\n<div  class=\"module module-text tb_c4gy654\" data-lazy=\"1\">\n        <div  class=\"tb_text_wrap\">\n        <h5><strong>Pilot projekt &#039;Mjere potpore malom ribolovu&#039; \u2013 Balti\u010dko i Sjeverno more \u2013\u00a0<\/strong><strong>Broj ugovora MARE\/2014\/04 \u2013 SI2.727556<\/strong><\/h5>    <\/div>\n<\/div>\n<!-- \/module text -->        <\/div>\n                    <div  data-lazy=\"1\" class=\"module_column tb-column col2-1 tb_cybh265 last\">\n                    <!-- module image -->\n<div  class=\"module module-image tb_4g8l6 image-right   tf_mw\" data-lazy=\"1\">\n        <div class=\"image-wrap tf_rel tf_mw\">\n            <img loading=\"lazy\" decoding=\"async\" width=\"343\" height=\"82\" src=\"https:\/\/lifeplatform.eu\/wp-content\/uploads\/2017\/03\/eu_cofunded_logo.png\" class=\"wp-post-image wp-image-7684\" title=\"logo_sufinanciranog_iz_eu-a\" alt=\"eu_cofunded_logo\" srcset=\"https:\/\/lifeplatform.eu\/wp-content\/uploads\/2017\/03\/eu_cofunded_logo.png 343w, https:\/\/lifeplatform.eu\/wp-content\/uploads\/2017\/03\/eu_cofunded_logo-300x72.png 300w\" sizes=\"auto, (max-width: 343px) 100vw, 343px\" \/>    \n        <\/div>\n    <!-- \/image-wrap -->\n    \n        <\/div>\n<!-- \/module image -->        <\/div>\n                        <\/div>\n        <\/div>\n        <\/div>\n<!--\/themify_builder_content-->","protected":false},"excerpt":{"rendered":"<p>Projekti Balti\u010dko i Sjeverno more (BANS) projekt financiran od strane Europske komisije Malo ribarstvo igra vitalnu ulogu u Europskoj uniji u smislu zapo\u0161ljavanja, gospodarskog i dru\u0161tvenog doprinosa obalnim zajednicama i odr\u017eivog upravljanja morskim resursima. U skladu sa zahtjevima reformirane Zajedni\u010dke ribarstvene politike, Europska komisija je posebno [\u2026]<\/p>","protected":false},"author":1,"featured_media":0,"parent":0,"menu_order":0,"comment_status":"closed","ping_status":"closed","template":"","meta":{"give_campaign_id":0,"footnotes":""},"class_list":["post-16524","page","type-page","status-publish","hentry","has-post-title","has-post-date","has-post-category","has-post-tag","has-post-comment","has-post-author",""],"yoast_head":"<!-- This site is optimized with the Yoast SEO plugin v26.6 - https:\/\/yoast.com\/wordpress\/plugins\/seo\/ -->\n<title>BANS Project 2019 - Life Platform<\/title>\n<meta name=\"robots\" content=\"index, follow, max-snippet:-1, max-image-preview:large, max-video-preview:-1\" \/>\n<link rel=\"canonical\" href=\"https:\/\/lifeplatform.eu\/hr\/bans-project-2019\/\" \/>\n<meta property=\"og:locale\" content=\"hr_HR\" \/>\n<meta property=\"og:type\" content=\"article\" \/>\n<meta property=\"og:title\" content=\"BANS Project 2019 - Life Platform\" \/>\n<meta property=\"og:description\" content=\"Projects Baltic and North Sea (BANS) project financed by the European Commission Small-scale fisheries play a vital role in the European Union in terms of employment, economic and social contribution to coastal communities and sustainable management of marine resources. \u00a0In line with the requirements of the reformed Common Fisheries Policy, the European Commission is particularly [&hellip;]\" \/>\n<meta property=\"og:url\" content=\"https:\/\/lifeplatform.eu\/hr\/bans-project-2019\/\" \/>\n<meta property=\"og:site_name\" content=\"Life Platform\" \/>\n<meta property=\"article:publisher\" content=\"https:\/\/www.facebook.com\/Low-Impact-Fishers-of-Europe-166393173503352\/?ref=hl\" \/>\n<meta property=\"article:modified_time\" content=\"2019-07-30T12:13:03+00:00\" \/>\n<meta property=\"og:image\" content=\"https:\/\/lifeplatform.eu\/wp-content\/uploads\/2017\/02\/team-image-eu-projects-450x250.jpg\" \/>\n<meta name=\"twitter:card\" content=\"summary_large_image\" \/>\n<meta name=\"twitter:site\" content=\"@LIFEplatformEU\" \/>\n<meta name=\"twitter:label1\" content=\"Procijenjeno vrijeme \u010ditanja\" \/>\n\t<meta name=\"twitter:data1\" content=\"3 minutes\" \/>\n<script type=\"application\/ld+json\" class=\"yoast-schema-graph\">{\"@context\":\"https:\/\/schema.org\",\"@graph\":[{\"@type\":\"WebPage\",\"@id\":\"https:\/\/lifeplatform.eu\/bans-project-2019\/\",\"url\":\"https:\/\/lifeplatform.eu\/bans-project-2019\/\",\"name\":\"BANS Project 2019 - Life Platform\",\"isPartOf\":{\"@id\":\"https:\/\/lifeplatform.eu\/ro\/#website\"},\"primaryImageOfPage\":{\"@id\":\"https:\/\/lifeplatform.eu\/bans-project-2019\/#primaryimage\"},\"image\":{\"@id\":\"https:\/\/lifeplatform.eu\/bans-project-2019\/#primaryimage\"},\"thumbnailUrl\":\"https:\/\/lifeplatform.eu\/wp-content\/uploads\/2017\/02\/team-image-eu-projects-450x250.jpg\",\"datePublished\":\"2019-07-30T11:54:58+00:00\",\"dateModified\":\"2019-07-30T12:13:03+00:00\",\"breadcrumb\":{\"@id\":\"https:\/\/lifeplatform.eu\/bans-project-2019\/#breadcrumb\"},\"inLanguage\":\"hr\",\"potentialAction\":[{\"@type\":\"ReadAction\",\"target\":[\"https:\/\/lifeplatform.eu\/bans-project-2019\/\"]}]},{\"@type\":\"ImageObject\",\"inLanguage\":\"hr\",\"@id\":\"https:\/\/lifeplatform.eu\/bans-project-2019\/#primaryimage\",\"url\":\"https:\/\/lifeplatform.eu\/wp-content\/uploads\/2017\/02\/team-image-eu-projects-450x250.jpg\",\"contentUrl\":\"https:\/\/lifeplatform.eu\/wp-content\/uploads\/2017\/02\/team-image-eu-projects-450x250.jpg\"},{\"@type\":\"BreadcrumbList\",\"@id\":\"https:\/\/lifeplatform.eu\/bans-project-2019\/#breadcrumb\",\"itemListElement\":[{\"@type\":\"ListItem\",\"position\":1,\"name\":\"Home\",\"item\":\"https:\/\/lifeplatform.eu\/\"},{\"@type\":\"ListItem\",\"position\":2,\"name\":\"BANS Project 2019\"}]},{\"@type\":\"WebSite\",\"@id\":\"https:\/\/lifeplatform.eu\/ro\/#website\",\"url\":\"https:\/\/lifeplatform.eu\/ro\/\",\"name\":\"Life Platform\",\"description\":\"\",\"potentialAction\":[{\"@type\":\"SearchAction\",\"target\":{\"@type\":\"EntryPoint\",\"urlTemplate\":\"https:\/\/lifeplatform.eu\/ro\/?s={search_term_string}\"},\"query-input\":{\"@type\":\"PropertyValueSpecification\",\"valueRequired\":true,\"valueName\":\"search_term_string\"}}],\"inLanguage\":\"hr\"}]}<\/script>\n<!-- \/ Yoast SEO plugin. -->","yoast_head_json":{"title":"BANS Project 2019 - Life Platform","robots":{"index":"index","follow":"follow","max-snippet":"max-snippet:-1","max-image-preview":"max-image-preview:large","max-video-preview":"max-video-preview:-1"},"canonical":"https:\/\/lifeplatform.eu\/hr\/bans-project-2019\/","og_locale":"hr_HR","og_type":"article","og_title":"BANS Project 2019 - Life Platform","og_description":"Projects Baltic and North Sea (BANS) project financed by the European Commission Small-scale fisheries play a vital role in the European Union in terms of employment, economic and social contribution to coastal communities and sustainable management of marine resources. \u00a0In line with the requirements of the reformed Common Fisheries Policy, the European Commission is particularly [&hellip;]","og_url":"https:\/\/lifeplatform.eu\/hr\/bans-project-2019\/","og_site_name":"Life Platform","article_publisher":"https:\/\/www.facebook.com\/Low-Impact-Fishers-of-Europe-166393173503352\/?ref=hl","article_modified_time":"2019-07-30T12:13:03+00:00","og_image":[{"url":"https:\/\/lifeplatform.eu\/wp-content\/uploads\/2017\/02\/team-image-eu-projects-450x250.jpg","type":"","width":"","height":""}],"twitter_card":"summary_large_image","twitter_site":"@LIFEplatformEU","twitter_misc":{"Procijenjeno vrijeme \u010ditanja":"3 minutes"},"schema":{"@context":"https:\/\/schema.org","@graph":[{"@type":"WebPage","@id":"https:\/\/lifeplatform.eu\/bans-project-2019\/","url":"https:\/\/lifeplatform.eu\/bans-project-2019\/","name":"BANS Project 2019 - Life Platform","isPartOf":{"@id":"https:\/\/lifeplatform.eu\/ro\/#website"},"primaryImageOfPage":{"@id":"https:\/\/lifeplatform.eu\/bans-project-2019\/#primaryimage"},"image":{"@id":"https:\/\/lifeplatform.eu\/bans-project-2019\/#primaryimage"},"thumbnailUrl":"https:\/\/lifeplatform.eu\/wp-content\/uploads\/2017\/02\/team-image-eu-projects-450x250.jpg","datePublished":"2019-07-30T11:54:58+00:00","dateModified":"2019-07-30T12:13:03+00:00","breadcrumb":{"@id":"https:\/\/lifeplatform.eu\/bans-project-2019\/#breadcrumb"},"inLanguage":"hr","potentialAction":[{"@type":"ReadAction","target":["https:\/\/lifeplatform.eu\/bans-project-2019\/"]}]},{"@type":"ImageObject","inLanguage":"hr","@id":"https:\/\/lifeplatform.eu\/bans-project-2019\/#primaryimage","url":"https:\/\/lifeplatform.eu\/wp-content\/uploads\/2017\/02\/team-image-eu-projects-450x250.jpg","contentUrl":"https:\/\/lifeplatform.eu\/wp-content\/uploads\/2017\/02\/team-image-eu-projects-450x250.jpg"},{"@type":"BreadcrumbList","@id":"https:\/\/lifeplatform.eu\/bans-project-2019\/#breadcrumb","itemListElement":[{"@type":"ListItem","position":1,"name":"Home","item":"https:\/\/lifeplatform.eu\/"},{"@type":"ListItem","position":2,"name":"BANS Project 2019"}]},{"@type":"WebSite","@id":"https:\/\/lifeplatform.eu\/ro\/#website","url":"https:\/\/lifeplatform.eu\/ro\/","name":"Platforma za \u017eivot","description":"","potentialAction":[{"@type":"SearchAction","target":{"@type":"EntryPoint","urlTemplate":"https:\/\/lifeplatform.eu\/ro\/?s={search_term_string}"},"query-input":{"@type":"PropertyValueSpecification","valueRequired":true,"valueName":"search_term_string"}}],"inLanguage":"hr"}]}},"campaignId":"","_links":{"self":[{"href":"https:\/\/lifeplatform.eu\/hr\/wp-json\/wp\/v2\/pages\/16524","targetHints":{"allow":["GET"]}}],"collection":[{"href":"https:\/\/lifeplatform.eu\/hr\/wp-json\/wp\/v2\/pages"}],"about":[{"href":"https:\/\/lifeplatform.eu\/hr\/wp-json\/wp\/v2\/types\/page"}],"author":[{"embeddable":true,"href":"https:\/\/lifeplatform.eu\/hr\/wp-json\/wp\/v2\/users\/1"}],"replies":[{"embeddable":true,"href":"https:\/\/lifeplatform.eu\/hr\/wp-json\/wp\/v2\/comments?post=16524"}],"version-history":[{"count":11,"href":"https:\/\/lifeplatform.eu\/hr\/wp-json\/wp\/v2\/pages\/16524\/revisions"}],"predecessor-version":[{"id":16535,"href":"https:\/\/lifeplatform.eu\/hr\/wp-json\/wp\/v2\/pages\/16524\/revisions\/16535"}],"wp:attachment":[{"href":"https:\/\/lifeplatform.eu\/hr\/wp-json\/wp\/v2\/media?parent=16524"}],"curies":[{"name":"radni list","href":"https:\/\/api.w.org\/{rel}","templated":true}]}}