{"id":16524,"date":"2019-07-30T11:54:58","date_gmt":"2019-07-30T11:54:58","guid":{"rendered":"https:\/\/lifeplatform.eu\/?page_id=16524"},"modified":"2019-07-30T12:13:03","modified_gmt":"2019-07-30T12:13:03","slug":"bans-project-2019","status":"publish","type":"page","link":"https:\/\/lifeplatform.eu\/fr\/bans-project-2019\/","title":{"rendered":"Projet BANS 2019"},"content":{"rendered":"<!--themify_builder_content-->\n<div id=\"themify_builder_content-16524\" data-postid=\"16524\" class=\"themify_builder_content themify_builder_content-16524 themify_builder tf_clear\">\n                    <div  data-parallax-bg=\"desktop\" data-css_id=\"taug738\" data-lazy=\"1\" class=\"module_row themify_builder_row fullwidth_row_container tb_taug738 tb_first tf_w\">\n                        <div class=\"row_inner col_align_top tb_col_count_1 tf_box tf_rel\">\n                        <div  data-lazy=\"1\" class=\"module_column tb-column col-full tb_6pjk738 first\">\n                    <!-- module text -->\n<div  class=\"module module-text tb_fb56738\" data-lazy=\"1\">\n        <div  class=\"tb_text_wrap\">\n        <h1>Projets<\/h1>    <\/div>\n<\/div>\n<!-- \/module text -->        <\/div>\n                        <\/div>\n        <\/div>\n                        <div  data-lazy=\"1\" class=\"module_row themify_builder_row tb_xz8u498 tf_w\">\n                        <div class=\"row_inner col_align_top tb_col_count_2 tf_box tf_rel\">\n                        <div  data-lazy=\"1\" class=\"module_column tb-column col4-2 tb_pxa7498 first\">\n                    <!-- module text -->\n<div  class=\"module module-text tb_szkr498\" data-lazy=\"1\">\n        <div  class=\"tb_text_wrap\">\n        <h2>Projet Baltic and North Sea (BANS) financ\u00e9 par la Commission europ\u00e9enne<\/h2>\n<p>La p\u00eache \u00e0 petite \u00e9chelle joue un r\u00f4le vital dans l'Union europ\u00e9enne en termes d'emploi, de contribution \u00e9conomique et sociale aux communaut\u00e9s c\u00f4ti\u00e8res et de gestion durable des ressources marines.  Conform\u00e9ment aux exigences de la politique commune de la p\u00eache r\u00e9form\u00e9e, la Commission europ\u00e9enne est particuli\u00e8rement attentive \u00e0 la situation des flottes c\u00f4ti\u00e8res et est consciente qu'un soutien ad\u00e9quat est vital pour la croissance et la prosp\u00e9rit\u00e9 du secteur.<\/p>\n<p>C'est donc avec grand plaisir que la plateforme LIFE est devenue l'un des b\u00e9n\u00e9ficiaires de cette initiative et qu'elle dirige d\u00e9sormais le projet.\u00a0<strong><em>\"Mesures de soutien \u00e0 la p\u00eache artisanale en mer Baltique et en mer du Nord\".<\/em><\/strong>\u00a0L'objectif principal est de renforcer les r\u00e9seaux de p\u00eacheurs \u00e0 petite \u00e9chelle et \u00e0 faible impact dans la r\u00e9gion.<\/p>\n<p>Pour mener \u00e0 bien cette t\u00e2che vitale, les organisations locales de p\u00eacheurs peuvent compter sur un coordinateur de la Baltique et de la mer du Nord ayant une solide exp\u00e9rience de la gestion des p\u00eaches et de la repr\u00e9sentation politique, sp\u00e9cialement employ\u00e9 \u00e0 cette fin. Le personnel LIFE soutient, conseille et coordonne les organisations de p\u00eacheurs \u00e0 petite \u00e9chelle et permet une coop\u00e9ration efficace avec les parties prenantes des secteurs public et priv\u00e9. Le projet a d\u00e9j\u00e0 touch\u00e9 un certain nombre d'\u00c9tats membres de la r\u00e9gion, notamment la Pologne, l'Allemagne, le Danemark, la Finlande, la Su\u00e8de et l'Estonie.<\/p>\n<p><strong>L'autonomisation des organisations de p\u00eacheurs \u00e0 petite \u00e9chelle est conduite et assur\u00e9e dans le cadre du projet en se concentrant sur plusieurs priorit\u00e9s :<\/strong><\/p>\n<ul>\n<li>Renforcer les capacit\u00e9s des p\u00eacheurs artisanaux de la r\u00e9gion afin que leurs voix et leurs pr\u00e9occupations soient entendues et prises en compte dans les forums r\u00e9gionaux, notamment les conseils consultatifs ;<\/li>\n<li>Collaborer r\u00e9guli\u00e8rement avec les petits p\u00eacheurs de la r\u00e9gion pour comprendre leur situation, les aider \u00e0 identifier leurs besoins afin qu'ils puissent d\u00e9finir leur programme et leurs messages communs ;<\/li>\n<li>Facilitation de l'\u00e9laboration de positions communes et de l'organisation d'actions conjointes ;<\/li>\n<li>Encourager les p\u00eacheurs \u00e0 petite \u00e9chelle de la r\u00e9gion \u00e0 travailler ensemble, \u00e0 \u00e9changer leurs exp\u00e9riences et leurs meilleures pratiques ;<\/li>\n<li>Tenir les p\u00eacheurs artisanaux de la r\u00e9gion inform\u00e9s de l'\u00e9volution des politiques \u00e0 tous les niveaux pertinents ;<\/li>\n<li>Conseiller sur les solutions aux probl\u00e8mes qu'ils rencontrent dans leurs activit\u00e9s quotidiennes.<\/li>\n<\/ul>    <\/div>\n<\/div>\n<!-- \/module text -->        <\/div>\n                    <div  data-lazy=\"1\" class=\"module_column tb-column col4-2 tb_4lax499 last\">\n                    <!-- module image -->\n<div  class=\"module module-image tb_5wae499 image-center   tf_mw\" data-lazy=\"1\">\n        <div class=\"image-wrap tf_rel tf_mw\">\n            <img loading=\"lazy\" decoding=\"async\" src=\"https:\/\/lifeplatform.eu\/wp-content\/uploads\/2017\/02\/team-image-eu-projects-450x250.jpg\" width=\"450\" height=\"250\" class=\"wp-post-image wp-image-7643\" title=\"\u00e9quipe-image-eu-projets\" alt=\"LIFE platform staff\">    \n        <\/div>\n    <!-- \/image-wrap -->\n    \n        <\/div>\n<!-- \/module image --><!-- module image -->\n<div  class=\"module module-image tb_ub8w499 image-center   tf_mw\" data-lazy=\"1\">\n        <div class=\"image-wrap tf_rel tf_mw\">\n            <img loading=\"lazy\" decoding=\"async\" src=\"https:\/\/lifeplatform.eu\/wp-content\/uploads\/2017\/02\/boat-image-eu-projects-450x250.jpg\" width=\"450\" height=\"250\" class=\"wp-post-image wp-image-7644\" title=\"bateau-image-eu-projets\" alt=\"Fishermen in an exchange next to two beached vessels\">    \n        <\/div>\n    <!-- \/image-wrap -->\n    \n        <\/div>\n<!-- \/module image --><!-- module image -->\n<div  class=\"module module-image tb_ansn499 image-center   tf_mw\" data-lazy=\"1\">\n        <div class=\"image-wrap tf_rel tf_mw\">\n            <img loading=\"lazy\" decoding=\"async\" src=\"https:\/\/lifeplatform.eu\/wp-content\/uploads\/2017\/02\/fishers-image-eu-projects-450x250.jpg\" width=\"450\" height=\"250\" class=\"wp-post-image wp-image-7645\" title=\"fishers-image-eu-projects\" alt=\"Three fishermen in icy waters\">    \n        <\/div>\n    <!-- \/image-wrap -->\n    \n        <\/div>\n<!-- \/module image --><!-- module image -->\n<div  class=\"module module-image tb_2sjb499 image-center   tf_mw\" data-lazy=\"1\">\n        <div class=\"image-wrap tf_rel tf_mw\">\n            <img loading=\"lazy\" decoding=\"async\" src=\"https:\/\/lifeplatform.eu\/wp-content\/uploads\/2017\/02\/handshake-image-eu-projects-450x250.jpg\" width=\"450\" height=\"250\" class=\"wp-post-image wp-image-7646\" title=\"poign\u00e9e de main-image-eu-projets\" alt=\"A LIFE certificate presentation\">    \n        <\/div>\n    <!-- \/image-wrap -->\n    \n        <\/div>\n<!-- \/module image --><!-- module image -->\n<div  class=\"module module-image tb_7ck6500 image-center   tf_mw\" data-lazy=\"1\">\n        <div class=\"image-wrap tf_rel tf_mw\">\n            <img loading=\"lazy\" decoding=\"async\" src=\"https:\/\/lifeplatform.eu\/wp-content\/uploads\/2018\/03\/LIFE-EVENT_26_MARCH_2018_4720-1024x534-450x250-450x250.jpg\" width=\"450\" height=\"250\" title=\"Projet BANS 2019\" alt=\"BANS Project 2019\">    \n        <\/div>\n    <!-- \/image-wrap -->\n    \n        <\/div>\n<!-- \/module image -->        <\/div>\n                        <\/div>\n        <\/div>\n                        <div  data-lazy=\"1\" class=\"module_row themify_builder_row tb_1gcx146 tf_w\">\n                        <div class=\"row_inner col_align_top tb_col_count_2 tf_box tf_rel\">\n                        <div  data-lazy=\"1\" class=\"module_column tb-column col4-3 tb_g2ph146 first\">\n                    <!-- module text -->\n<div  class=\"module module-text tb_quhk146\" data-lazy=\"1\">\n        <div  class=\"tb_text_wrap\">\n        <p><strong>Un certain nombre de r\u00e9sultats ont \u00e9t\u00e9 obtenus, notamment : <\/strong><\/p>\n<ul>\n<li>De nombreuses r\u00e9unions avec les organisations de p\u00eacheurs artisanaux de la zone d'intervention afin de comprendre en profondeur leur situation et de leur apporter le soutien n\u00e9cessaire, tant lors des r\u00e9unions que lors des contacts ult\u00e9rieurs - en vue de cr\u00e9er un r\u00e9seau r\u00e9gional op\u00e9rationnel.<\/li>\n<li>Participation active \u00e0 de nombreuses r\u00e9unions et activit\u00e9s des conseils consultatifs de la mer Baltique et de la mer du Nord<\/li>\n<li>Aide \u00e0 la r\u00e9ussite de la candidature d'une organisation au Conseil consultatif de la mer Baltique<\/li>\n<li>Facilitation de l'adh\u00e9sion de 3 organisations membres \u00e0 LIFE<\/li>\n<li>Organisation d'un important atelier visant \u00e0 familiariser les p\u00eacheurs artisanaux avec les institutions de l'UE et le processus d\u00e9cisionnel dans le domaine de la p\u00eache, la nature des conseils consultatifs, le Fonds europ\u00e9en pour la p\u00eache et la mer, les syst\u00e8mes de gestion des quotas et l'obligation de d\u00e9barquement (voir les m\u00e9dias ci-dessous).<\/li>\n<li>Production de cinq courts m\u00e9trages didactiques correspondant aux principaux th\u00e8mes de l'atelier d\u00e9crits ci-dessus.<\/li>\n<li>Aide \u00e0 l'\u00e9laboration par les p\u00eacheurs artisanaux concern\u00e9s d'un plan d'action pour le stock de cabillaud de la Baltique occidentale, compte tenu de l'avis du CIEM de 2017 concernant ce stock ;<\/li>\n<li>Assistance \u00e0 l'\u00e9laboration, par les p\u00eacheurs artisanaux concern\u00e9s, d'un plan d'action pour le bar, compte tenu de l'avis du CIEM de 2017 concernant ce stock.<\/li>\n<\/ul>\n<p><a href=\"\/fr\/\"https:><strong>Acc\u00e9dez au rapport officiel de mi-parcours en cliquant ici.<\/strong><\/a><\/p>\n<p><a href=\"\/fr\/\"https:>R\u00e9sultats \u00e0 ce jour (octobre 2017)<\/a><\/p>\n<p><a href=\"\/fr\/\"https:>Conclusions de l'atelier sur les CA organis\u00e9 \u00e0 Hambourg le 2\/10<\/a><\/p>\n<p><a href=\"\/fr\/\"https:>Rapport_technique_final_de_Life_BANS<\/a><\/p>    <\/div>\n<\/div>\n<!-- \/module text --><!-- module image -->\n<div  class=\"module module-image tb_egal721 image-top   tf_mw\" data-lazy=\"1\">\n        <div class=\"image-wrap tf_rel tf_mw\">\n            <img loading=\"lazy\" decoding=\"async\" width=\"842\" height=\"541\" src=\"https:\/\/lifeplatform.eu\/wp-content\/uploads\/2018\/03\/breakthroughts.jpg\" class=\"wp-post-image wp-image-9874\" title=\"perc\u00e9es\" alt=\"breakthroughts\" srcset=\"https:\/\/lifeplatform.eu\/wp-content\/uploads\/2018\/03\/breakthroughts.jpg 842w, https:\/\/lifeplatform.eu\/wp-content\/uploads\/2018\/03\/breakthroughts-300x193.jpg 300w\" sizes=\"auto, (max-width: 842px) 100vw, 842px\" \/>    \n        <\/div>\n    <!-- \/image-wrap -->\n    \n        <\/div>\n<!-- \/module image -->        <\/div>\n                    <div  data-lazy=\"1\" class=\"module_column tb-column col4-1 tb_79yn146 last\">\n                    <!-- module text -->\n<div  class=\"module module-text tb_fh61147\" data-lazy=\"1\">\n        <div  class=\"tb_text_wrap\">\n        <h4 style=\"\\\"text-align:\" center;\\\">Liens utiles<\/h4>\n<p><a href=\"\/fr\/\"http:>DG Mare <\/a><\/p>\n<p><a href=\"\/fr\/\"https:>Farnet <\/a><\/p>\n<p><a href=\"\/fr\/\"http:>Helcom <\/a><\/p>\n<p><a href=\"\/fr\/\"http:>Conseil consultatif de la mer Baltique <\/a><\/p>\n<p><a href=\"\/fr\/\"http:>Conseil consultatif de la mer du Nord <\/a><\/p>\n<p><a href=\"\/fr\/\"http:>Projet Tabaco<\/a>\u00a0<\/p>    <\/div>\n<\/div>\n<!-- \/module text -->        <\/div>\n                        <\/div>\n        <\/div>\n                        <div  data-lazy=\"1\" class=\"module_row themify_builder_row tb_hn95782 tf_w\">\n                        <div class=\"row_inner col_align_top tb_col_count_1 tf_box tf_rel\">\n                        <div  data-lazy=\"1\" class=\"module_column tb-column col-full tb_96hn782 first\">\n                    <!-- module text -->\n<div  class=\"module module-text tb_1mcv782\" data-lazy=\"1\">\n        <div  class=\"tb_text_wrap\">\n        <h3><em>M\u00e9dias des \u00e9v\u00e9nements BANS<\/em><\/h3>    <\/div>\n<\/div>\n<!-- \/module text -->        <div  data-lazy=\"1\" class=\"module_subrow themify_builder_sub_row tf_w col_align_top tb_col_count_2 tb_h0i8783\">\n                <div  data-lazy=\"1\" class=\"module_column sub_column col4-2 tb_1lo2784 first\">\n                    <!-- module video -->\n<div  class=\"module module-video tb_51h0784 video-top\" data-lazy=\"1\">\n                    <div class=\"video-wrap-outer\">\n            <div class=\"video-wrap tf_rel tf_overflow\">\n                                    <noscript><iframe data-no-script src=\"https:\/\/www.youtube.com\/embed\/PeRdKyRgAzQ?pip=1&#038;playsinline=1\" allow=\"accelerometer;encrypted-media;gyroscope;picture-in-picture;fullscreen\" class=\"tf_abs tf_w tf_h\"><\/iframe><\/noscript>\n                                <\/div>\n            <!-- \/video-wrap -->\n        <\/div>\n        <!-- \/video-wrap-outer -->\n            <\/div>\n<!-- module video -->\n<div  class=\"module module-video tb_bfs6784 video-top\" data-lazy=\"1\">\n                    <div class=\"video-wrap-outer\">\n            <div class=\"video-wrap tf_rel tf_overflow\">\n                                    <noscript><iframe data-no-script src=\"https:\/\/www.youtube.com\/embed\/1S6cZPM52Fw?pip=1&#038;playsinline=1&#038;feature=youtu.be\" allow=\"accelerometer;encrypted-media;gyroscope;picture-in-picture;fullscreen\" class=\"tf_abs tf_w tf_h\"><\/iframe><\/noscript>\n                                <\/div>\n            <!-- \/video-wrap -->\n        <\/div>\n        <!-- \/video-wrap-outer -->\n            <\/div>\n        <\/div>\n                    <div  data-lazy=\"1\" class=\"module_column sub_column col4-2 tb_v0ok784 last\">\n                    <!-- module text -->\n<div  class=\"module module-text tb_k6an260  repeat\" data-lazy=\"1\">\n        <div  class=\"tb_text_wrap\">\n        <h4 style=\"\\\"text-align:\" center;\\\"><a href=\"\/fr\/\"https:>Voir la galerie<\/a><\/h4>    <\/div>\n<\/div>\n<!-- \/module text --><!-- module text -->\n<div  class=\"module module-text tb_9cpt354  fullcover\" data-lazy=\"1\">\n        <div  class=\"tb_text_wrap\">\n        <h4 style=\"\\\"text-align:\" center;\\\"><a href=\"\/fr\/\"https:>Voir la galerie<\/a><\/h4>    <\/div>\n<\/div>\n<!-- \/module text -->        <\/div>\n                    <\/div>\n                <\/div>\n                        <\/div>\n        <\/div>\n                        <div  data-lazy=\"1\" class=\"module_row themify_builder_row tb_5mta264 tf_w\">\n                        <div class=\"row_inner col_align_top tb_col_count_2 tf_box tf_rel\">\n                        <div  data-lazy=\"1\" class=\"module_column tb-column col2-1 tb_zuvl265 first\">\n                    <!-- module text -->\n<div  class=\"module module-text tb_c4gy654\" data-lazy=\"1\">\n        <div  class=\"tb_text_wrap\">\n        <h5><strong>Projet pilote \"Mesures de soutien \u00e0 la p\u00eache \u00e0 petite \u00e9chelle\" - Mer Baltique et Mer du Nord\u00a0<\/strong><strong>Num\u00e9ro d'accord MARE\/2014\/04 - SI2.727556<\/strong><\/h5>    <\/div>\n<\/div>\n<!-- \/module text -->        <\/div>\n                    <div  data-lazy=\"1\" class=\"module_column tb-column col2-1 tb_cybh265 last\">\n                    <!-- module image -->\n<div  class=\"module module-image tb_4g8l6 image-right   tf_mw\" data-lazy=\"1\">\n        <div class=\"image-wrap tf_rel tf_mw\">\n            <img loading=\"lazy\" decoding=\"async\" width=\"343\" height=\"82\" src=\"https:\/\/lifeplatform.eu\/wp-content\/uploads\/2017\/03\/eu_cofunded_logo.png\" class=\"wp-post-image wp-image-7684\" title=\"eu_cofunded_logo\" alt=\"eu_cofunded_logo\" srcset=\"https:\/\/lifeplatform.eu\/wp-content\/uploads\/2017\/03\/eu_cofunded_logo.png 343w, https:\/\/lifeplatform.eu\/wp-content\/uploads\/2017\/03\/eu_cofunded_logo-300x72.png 300w\" sizes=\"auto, (max-width: 343px) 100vw, 343px\" \/>    \n        <\/div>\n    <!-- \/image-wrap -->\n    \n        <\/div>\n<!-- \/module image -->        <\/div>\n                        <\/div>\n        <\/div>\n        <\/div>\n<!--\/themify_builder_content-->","protected":false},"excerpt":{"rendered":"<p>Projets Mer Baltique et Mer du Nord (BANS) projet financ\u00e9 par la Commission europ\u00e9enne La p\u00eache artisanale joue un r\u00f4le vital dans l'Union europ\u00e9enne en termes d'emploi, de contribution \u00e9conomique et sociale aux communaut\u00e9s c\u00f4ti\u00e8res et de gestion durable des ressources marines.  Conform\u00e9ment aux exigences de la Politique Commune de la P\u00eache r\u00e9form\u00e9e, la Commission europ\u00e9enne est particuli\u00e8rement [...]<\/p>","protected":false},"author":1,"featured_media":0,"parent":0,"menu_order":0,"comment_status":"closed","ping_status":"closed","template":"","meta":{"give_campaign_id":0,"footnotes":""},"class_list":["post-16524","page","type-page","status-publish","hentry","has-post-title","has-post-date","has-post-category","has-post-tag","has-post-comment","has-post-author",""],"yoast_head":"<!-- This site is optimized with the Yoast SEO plugin v26.6 - https:\/\/yoast.com\/wordpress\/plugins\/seo\/ -->\n<title>BANS Project 2019 - Life Platform<\/title>\n<meta name=\"robots\" content=\"index, follow, max-snippet:-1, max-image-preview:large, max-video-preview:-1\" \/>\n<link rel=\"canonical\" href=\"https:\/\/lifeplatform.eu\/fr\/bans-project-2019\/\" \/>\n<meta property=\"og:locale\" content=\"fr_FR\" \/>\n<meta property=\"og:type\" content=\"article\" \/>\n<meta property=\"og:title\" content=\"BANS Project 2019 - Life Platform\" \/>\n<meta property=\"og:description\" content=\"Projects Baltic and North Sea (BANS) project financed by the European Commission Small-scale fisheries play a vital role in the European Union in terms of employment, economic and social contribution to coastal communities and sustainable management of marine resources. \u00a0In line with the requirements of the reformed Common Fisheries Policy, the European Commission is particularly [&hellip;]\" \/>\n<meta property=\"og:url\" content=\"https:\/\/lifeplatform.eu\/fr\/bans-project-2019\/\" \/>\n<meta property=\"og:site_name\" content=\"Life Platform\" \/>\n<meta property=\"article:publisher\" content=\"https:\/\/www.facebook.com\/Low-Impact-Fishers-of-Europe-166393173503352\/?ref=hl\" \/>\n<meta property=\"article:modified_time\" content=\"2019-07-30T12:13:03+00:00\" \/>\n<meta property=\"og:image\" content=\"https:\/\/lifeplatform.eu\/wp-content\/uploads\/2017\/02\/team-image-eu-projects-450x250.jpg\" \/>\n<meta name=\"twitter:card\" content=\"summary_large_image\" \/>\n<meta name=\"twitter:site\" content=\"@LIFEplatformEU\" \/>\n<meta name=\"twitter:label1\" content=\"Dur\u00e9e de lecture estim\u00e9e\" \/>\n\t<meta name=\"twitter:data1\" content=\"3 minutes\" \/>\n<script type=\"application\/ld+json\" class=\"yoast-schema-graph\">{\"@context\":\"https:\/\/schema.org\",\"@graph\":[{\"@type\":\"WebPage\",\"@id\":\"https:\/\/lifeplatform.eu\/bans-project-2019\/\",\"url\":\"https:\/\/lifeplatform.eu\/bans-project-2019\/\",\"name\":\"BANS Project 2019 - Life Platform\",\"isPartOf\":{\"@id\":\"https:\/\/lifeplatform.eu\/ro\/#website\"},\"primaryImageOfPage\":{\"@id\":\"https:\/\/lifeplatform.eu\/bans-project-2019\/#primaryimage\"},\"image\":{\"@id\":\"https:\/\/lifeplatform.eu\/bans-project-2019\/#primaryimage\"},\"thumbnailUrl\":\"https:\/\/lifeplatform.eu\/wp-content\/uploads\/2017\/02\/team-image-eu-projects-450x250.jpg\",\"datePublished\":\"2019-07-30T11:54:58+00:00\",\"dateModified\":\"2019-07-30T12:13:03+00:00\",\"breadcrumb\":{\"@id\":\"https:\/\/lifeplatform.eu\/bans-project-2019\/#breadcrumb\"},\"inLanguage\":\"fr-FR\",\"potentialAction\":[{\"@type\":\"ReadAction\",\"target\":[\"https:\/\/lifeplatform.eu\/bans-project-2019\/\"]}]},{\"@type\":\"ImageObject\",\"inLanguage\":\"fr-FR\",\"@id\":\"https:\/\/lifeplatform.eu\/bans-project-2019\/#primaryimage\",\"url\":\"https:\/\/lifeplatform.eu\/wp-content\/uploads\/2017\/02\/team-image-eu-projects-450x250.jpg\",\"contentUrl\":\"https:\/\/lifeplatform.eu\/wp-content\/uploads\/2017\/02\/team-image-eu-projects-450x250.jpg\"},{\"@type\":\"BreadcrumbList\",\"@id\":\"https:\/\/lifeplatform.eu\/bans-project-2019\/#breadcrumb\",\"itemListElement\":[{\"@type\":\"ListItem\",\"position\":1,\"name\":\"Home\",\"item\":\"https:\/\/lifeplatform.eu\/\"},{\"@type\":\"ListItem\",\"position\":2,\"name\":\"BANS Project 2019\"}]},{\"@type\":\"WebSite\",\"@id\":\"https:\/\/lifeplatform.eu\/ro\/#website\",\"url\":\"https:\/\/lifeplatform.eu\/ro\/\",\"name\":\"Life Platform\",\"description\":\"\",\"potentialAction\":[{\"@type\":\"SearchAction\",\"target\":{\"@type\":\"EntryPoint\",\"urlTemplate\":\"https:\/\/lifeplatform.eu\/ro\/?s={search_term_string}\"},\"query-input\":{\"@type\":\"PropertyValueSpecification\",\"valueRequired\":true,\"valueName\":\"search_term_string\"}}],\"inLanguage\":\"fr-FR\"}]}<\/script>\n<!-- \/ Yoast SEO plugin. -->","yoast_head_json":{"title":"BANS Project 2019 - Life Platform","robots":{"index":"index","follow":"follow","max-snippet":"max-snippet:-1","max-image-preview":"max-image-preview:large","max-video-preview":"max-video-preview:-1"},"canonical":"https:\/\/lifeplatform.eu\/fr\/bans-project-2019\/","og_locale":"fr_FR","og_type":"article","og_title":"BANS Project 2019 - Life Platform","og_description":"Projects Baltic and North Sea (BANS) project financed by the European Commission Small-scale fisheries play a vital role in the European Union in terms of employment, economic and social contribution to coastal communities and sustainable management of marine resources. \u00a0In line with the requirements of the reformed Common Fisheries Policy, the European Commission is particularly [&hellip;]","og_url":"https:\/\/lifeplatform.eu\/fr\/bans-project-2019\/","og_site_name":"Life Platform","article_publisher":"https:\/\/www.facebook.com\/Low-Impact-Fishers-of-Europe-166393173503352\/?ref=hl","article_modified_time":"2019-07-30T12:13:03+00:00","og_image":[{"url":"https:\/\/lifeplatform.eu\/wp-content\/uploads\/2017\/02\/team-image-eu-projects-450x250.jpg","type":"","width":"","height":""}],"twitter_card":"summary_large_image","twitter_site":"@LIFEplatformEU","twitter_misc":{"Dur\u00e9e de lecture estim\u00e9e":"3 minutes"},"schema":{"@context":"https:\/\/schema.org","@graph":[{"@type":"WebPage","@id":"https:\/\/lifeplatform.eu\/bans-project-2019\/","url":"https:\/\/lifeplatform.eu\/bans-project-2019\/","name":"BANS Project 2019 - Life Platform","isPartOf":{"@id":"https:\/\/lifeplatform.eu\/ro\/#website"},"primaryImageOfPage":{"@id":"https:\/\/lifeplatform.eu\/bans-project-2019\/#primaryimage"},"image":{"@id":"https:\/\/lifeplatform.eu\/bans-project-2019\/#primaryimage"},"thumbnailUrl":"https:\/\/lifeplatform.eu\/wp-content\/uploads\/2017\/02\/team-image-eu-projects-450x250.jpg","datePublished":"2019-07-30T11:54:58+00:00","dateModified":"2019-07-30T12:13:03+00:00","breadcrumb":{"@id":"https:\/\/lifeplatform.eu\/bans-project-2019\/#breadcrumb"},"inLanguage":"fr-FR","potentialAction":[{"@type":"ReadAction","target":["https:\/\/lifeplatform.eu\/bans-project-2019\/"]}]},{"@type":"ImageObject","inLanguage":"fr-FR","@id":"https:\/\/lifeplatform.eu\/bans-project-2019\/#primaryimage","url":"https:\/\/lifeplatform.eu\/wp-content\/uploads\/2017\/02\/team-image-eu-projects-450x250.jpg","contentUrl":"https:\/\/lifeplatform.eu\/wp-content\/uploads\/2017\/02\/team-image-eu-projects-450x250.jpg"},{"@type":"BreadcrumbList","@id":"https:\/\/lifeplatform.eu\/bans-project-2019\/#breadcrumb","itemListElement":[{"@type":"ListItem","position":1,"name":"Home","item":"https:\/\/lifeplatform.eu\/"},{"@type":"ListItem","position":2,"name":"BANS Project 2019"}]},{"@type":"WebSite","@id":"https:\/\/lifeplatform.eu\/ro\/#website","url":"https:\/\/lifeplatform.eu\/ro\/","name":"Plate-forme de vie","description":"","potentialAction":[{"@type":"SearchAction","target":{"@type":"EntryPoint","urlTemplate":"https:\/\/lifeplatform.eu\/ro\/?s={search_term_string}"},"query-input":{"@type":"PropertyValueSpecification","valueRequired":true,"valueName":"search_term_string"}}],"inLanguage":"fr-FR"}]}},"campaignId":"","_links":{"self":[{"href":"https:\/\/lifeplatform.eu\/fr\/wp-json\/wp\/v2\/pages\/16524","targetHints":{"allow":["GET"]}}],"collection":[{"href":"https:\/\/lifeplatform.eu\/fr\/wp-json\/wp\/v2\/pages"}],"about":[{"href":"https:\/\/lifeplatform.eu\/fr\/wp-json\/wp\/v2\/types\/page"}],"author":[{"embeddable":true,"href":"https:\/\/lifeplatform.eu\/fr\/wp-json\/wp\/v2\/users\/1"}],"replies":[{"embeddable":true,"href":"https:\/\/lifeplatform.eu\/fr\/wp-json\/wp\/v2\/comments?post=16524"}],"version-history":[{"count":11,"href":"https:\/\/lifeplatform.eu\/fr\/wp-json\/wp\/v2\/pages\/16524\/revisions"}],"predecessor-version":[{"id":16535,"href":"https:\/\/lifeplatform.eu\/fr\/wp-json\/wp\/v2\/pages\/16524\/revisions\/16535"}],"wp:attachment":[{"href":"https:\/\/lifeplatform.eu\/fr\/wp-json\/wp\/v2\/media?parent=16524"}],"curies":[{"name":"wp","href":"https:\/\/api.w.org\/{rel}","templated":true}]}}