{"id":19323,"date":"2021-08-26T10:48:37","date_gmt":"2021-08-26T10:48:37","guid":{"rendered":"https:\/\/alpha-dev.co.uk\/?page_id=18001"},"modified":"2022-11-15T20:58:53","modified_gmt":"2022-11-15T20:58:53","slug":"fishers","status":"publish","type":"page","link":"https:\/\/lifeplatform.eu\/es\/members\/fishers\/","title":{"rendered":"Fishers"},"content":{"rendered":"<!--themify_builder_content-->\n<div id=\"themify_builder_content-19323\" data-postid=\"19323\" class=\"themify_builder_content themify_builder_content-19323 themify_builder tf_clear\">\n                    <div  data-lazy=\"1\" class=\"module_row themify_builder_row tb_a4ch564 tb_first tf_w\">\n                        <div class=\"row_inner col_align_top tb_col_count_1 tf_box tf_rel\">\n                        <div  data-lazy=\"1\" class=\"module_column tb-column col-full tb_j1ky565 first\">\n                            <div  data-lazy=\"1\" class=\"module_subrow themify_builder_sub_row tf_w col_align_top tb_col_count_2 tb_5atz935\">\n                <div  data-lazy=\"1\" class=\"module_column sub_column col2-1 tb_ls7p936 first\">\n                    <!-- module text -->\n<div  class=\"module module-text tb_kx19765  repeat\" data-lazy=\"1\">\n        <div  class=\"tb_text_wrap\">\n        <h2>\u00bfPor qu\u00e9 hacerse miembro de una organizaci\u00f3n?<\/h2>    <\/div>\n<\/div>\n<!-- \/module text -->        <\/div>\n                    <div  data-lazy=\"1\" class=\"module_column sub_column col2-1 tb_txpn937 last\">\n                            <\/div>\n                    <\/div>\n                <\/div>\n                        <\/div>\n        <\/div>\n                        <div  data-lazy=\"1\" class=\"module_row themify_builder_row tb_nucv369 tf_w\">\n                        <div class=\"row_inner col_align_top tb_col_count_2 tf_box tf_rel\">\n                        <div  data-lazy=\"1\" class=\"module_column tb-column col2-1 tb_72ga372 first\">\n                    <!-- module text -->\n<div  class=\"module module-text tb_1kt7158\" data-lazy=\"1\">\n        <div  class=\"tb_text_wrap\">\n        <p><span style=\"font-weight: 400;\">Unirse a LIFE le integra en una comunidad de pescadores artesanales que comparten la <strong>mismos valores, objetivos y retos, y que cooperan para garantizar un mejor futuro del sector.<\/strong><\/span><\/p>\n<p><span style=\"font-weight: 400;\">En s\u00f3lo 5 a\u00f1os, LIFE se ha convertido en una fuerza a la que hay que enfrentarse a nivel de la UE. La trascendencia de LIFE y la importancia de su labor son ampliamente reconocidas por las instituciones europeas y, en los c\u00edrculos de elaboraci\u00f3n de la pol\u00edtica pesquera, por los cient\u00edficos y otras partes interesadas.<\/span><\/p>\n<p><strong>Al unirse a nosotros, su organizaci\u00f3n pasar\u00e1 a formar parte de una plataforma europea de pescadores artesanales de bajo impacto en la que contar\u00e1 con el apoyo de un equipo de profesionales.\u00a0<\/strong><\/p>\n<p><span style=\"font-weight: 400;\">Como parte de LIFE, participar\u00e1 activamente en el proceso europeo de toma de decisiones y recibir\u00e1 orientaci\u00f3n constante sobre el desarrollo de pol\u00edticas y reglamentos que le afectan y le apoyar\u00e1n para llevar a cabo soluciones sobre el terreno.<\/span><\/p>    <\/div>\n<\/div>\n<!-- \/module text -->        <div  data-lazy=\"1\" class=\"module_subrow themify_builder_sub_row tf_w col_align_top tb_col_count_2 tb_ybhr30\">\n                <div  data-lazy=\"1\" class=\"module_column sub_column col2-1 tb_kcvw31 first\">\n                    <!-- module buttons -->\n<div  class=\"module module-buttons tb_jd97256 buttons-horizontal solid\" data-lazy=\"1\">\n        <div class=\"module-buttons-item tf_in_flx\">\n                        <a href=\"https:\/\/lifeplatform.eu\/wp-content\/uploads\/2022\/02\/LIFE-Statutes-Final.pdf\" class=\"ui builder_button tf_in_flx tb_default_color\" target=\"_blank\" rel=\"noopener\">\n                                                Estatutos de LIFE                                        <\/a>\n                <\/div>\n            <\/div>\n<!-- \/module buttons -->\n        <\/div>\n                    <div  data-lazy=\"1\" class=\"module_column sub_column col2-1 tb_2tem32 last\">\n                    <!-- module buttons -->\n<div  class=\"module module-buttons tb_rrgb552 buttons-horizontal solid\" data-lazy=\"1\">\n        <div class=\"module-buttons-item tf_in_flx\">\n                        <a href=\"https:\/\/lifeplatform.eu\/wp-content\/uploads\/2022\/02\/LIFE-Internal-Rules-Final.pdf\" class=\"ui builder_button tf_in_flx tb_default_color\" target=\"_blank\" rel=\"noopener\">\n                                                Reglamento interno de LIFE                                        <\/a>\n                <\/div>\n            <\/div>\n<!-- \/module buttons -->\n        <\/div>\n                    <\/div>\n                <\/div>\n                    <div  data-lazy=\"1\" class=\"module_column tb-column col2-1 tb_osom373 last\">\n                    <!-- module image -->\n<div  class=\"module module-image tb_hef3597 image-top   tf_mw\" data-lazy=\"1\">\n        <div class=\"image-wrap tf_rel tf_mw\">\n            <img loading=\"lazy\" decoding=\"async\" width=\"1280\" height=\"962\" src=\"https:\/\/lifeplatform.eu\/wp-content\/uploads\/2022\/02\/thumbnail_image-1.png\" class=\"wp-post-image wp-image-19476\" title=\"thumbnail_image-1\" alt=\"thumbnail_image-1\" srcset=\"https:\/\/lifeplatform.eu\/wp-content\/uploads\/2022\/02\/thumbnail_image-1.png 1280w, https:\/\/lifeplatform.eu\/wp-content\/uploads\/2022\/02\/thumbnail_image-1-300x225.png 300w, https:\/\/lifeplatform.eu\/wp-content\/uploads\/2022\/02\/thumbnail_image-1-1024x770.png 1024w\" sizes=\"auto, (max-width: 1280px) 100vw, 1280px\" \/>    \n        <\/div>\n    <!-- \/image-wrap -->\n    \n        <\/div>\n<!-- \/module image -->        <\/div>\n                        <\/div>\n        <\/div>\n                        <div  data-lazy=\"1\" class=\"module_row themify_builder_row tb_vssn322 tf_w\">\n                        <div class=\"row_inner col_align_top tb_col_count_2 tf_box tf_rel\">\n                        <div  data-lazy=\"1\" class=\"module_column tb-column col2-1 tb_v0yt323 first\">\n                    <!-- module image -->\n<div  class=\"module module-image tb_p5j8456 image-top   tf_mw\" data-lazy=\"1\">\n        <div class=\"image-wrap tf_rel tf_mw\">\n            <img loading=\"lazy\" decoding=\"async\" width=\"2706\" height=\"1908\" src=\"https:\/\/lifeplatform.eu\/wp-content\/uploads\/2018\/03\/20170526_161814.jpg\" class=\"wp-post-image wp-image-10018\" title=\"_20170526_161814\" alt=\"_20170526_161814\" srcset=\"https:\/\/lifeplatform.eu\/wp-content\/uploads\/2018\/03\/20170526_161814.jpg 2706w, https:\/\/lifeplatform.eu\/wp-content\/uploads\/2018\/03\/20170526_161814-300x212.jpg 300w, https:\/\/lifeplatform.eu\/wp-content\/uploads\/2018\/03\/20170526_161814-1024x722.jpg 1024w\" sizes=\"auto, (max-width: 2706px) 100vw, 2706px\" \/>    \n        <\/div>\n    <!-- \/image-wrap -->\n    \n        <\/div>\n<!-- \/module image -->        <\/div>\n                    <div  data-lazy=\"1\" class=\"module_column tb-column col2-1 tb_q13m323 last\">\n                    <!-- module text -->\n<div  class=\"module module-text tb_4aw1502  repeat\" data-lazy=\"1\">\n        <div  class=\"tb_text_wrap\">\n        <h2>Requisitos y expectativas<\/h2>    <\/div>\n<\/div>\n<!-- \/module text --><!-- module text -->\n<div  class=\"module module-text tb_33le485\" data-lazy=\"1\">\n        <div  class=\"tb_text_wrap\">\n        <p>Le invitamos a unirse a LIFE si:<\/p>\n<ul>\n<li style=\"font-weight: 400;\" aria-level=\"1\"><span style=\"font-weight: 400;\">Le entusiasma formar parte de una plataforma de \u00e1mbito europeo, compartir su experiencia, habilidades y conocimientos con otros miembros, co-crear soluciones juntos y a\u00f1adir su voz a la nuestra.<\/span><\/li>\n<li style=\"font-weight: 400;\" aria-level=\"1\"><span style=\"font-weight: 400;\">Identificarse como una organizaci\u00f3n de pescadores a peque\u00f1a escala de bajo impacto, que dirige un negocio de pesca, priorizando la calidad sobre la cantidad.<\/span><\/li>\n<li aria-level=\"1\">Estar de acuerdo y apoyar nuestro\u00a0<a href=\"https:\/\/lifeplatform.eu\/es\/members\/fishers\/declaration-and-mission-statement\/\" target=\"_blank\" rel=\"noopener\">Declaraci\u00f3n y Misi\u00f3n<\/a><\/li>\n<\/ul>    <\/div>\n<\/div>\n<!-- \/module text -->        <\/div>\n                        <\/div>\n        <\/div>\n                        <div  data-lazy=\"1\" class=\"module_row themify_builder_row tb_qxtp336 tf_w\">\n                        <div class=\"row_inner col_align_top tb_col_count_2 tf_box tf_rel\">\n                        <div  data-lazy=\"1\" class=\"module_column tb-column col2-1 tb_w7aa337 first\">\n                    <!-- module text -->\n<div  class=\"module module-text tb_bwrl193  repeat\" data-lazy=\"1\">\n        <div  class=\"tb_text_wrap\">\n        <h2>Beneficios<\/h2>    <\/div>\n<\/div>\n<!-- \/module text --><!-- module text -->\n<div  class=\"module module-text tb_9aip949\" data-lazy=\"1\">\n        <div  class=\"tb_text_wrap\">\n        <p><span style=\"font-weight: 400;\">Como miembro, lo har\u00e1s:<\/span><\/p>\n<ul>\n<li style=\"font-weight: 400;\" aria-level=\"1\"><span style=\"font-weight: 400;\">Poder hacer o\u00edr su voz a nivel de la UE y participar en la elaboraci\u00f3n de las pol\u00edticas que le afectan.\u00a0<\/span><\/li>\n<li style=\"font-weight: 400;\" aria-level=\"1\"><span style=\"font-weight: 400;\">Tener acceso a los proyectos de LIFE y participar en sus actividades.<\/span><\/li>\n<li style=\"font-weight: 400;\" aria-level=\"1\"><span style=\"font-weight: 400;\">Re\u00fanase con pescadores a peque\u00f1a escala de bajo impacto de toda Europa que comparten sus habilidades, conocimientos y experiencia con ellos. <\/span><\/li>\n<\/ul>    <\/div>\n<\/div>\n<!-- \/module text -->        <\/div>\n                    <div  data-lazy=\"1\" class=\"module_column tb-column col2-1 tb_yjqd337 last\">\n                    <!-- module image -->\n<div  class=\"module module-image tb_tiyn212 image-top   tf_mw\" data-lazy=\"1\">\n        <div class=\"image-wrap tf_rel tf_mw\">\n            <img loading=\"lazy\" decoding=\"async\" width=\"2560\" height=\"1440\" src=\"https:\/\/lifeplatform.eu\/wp-content\/uploads\/2022\/02\/20171007_142447-1-scaled-1.jpeg\" class=\"wp-post-image wp-image-19478\" title=\"20171007_142447-1-scaled\" alt=\"20171007_142447-1-scaled\" srcset=\"https:\/\/lifeplatform.eu\/wp-content\/uploads\/2022\/02\/20171007_142447-1-scaled-1.jpeg 2560w, https:\/\/lifeplatform.eu\/wp-content\/uploads\/2022\/02\/20171007_142447-1-scaled-1-300x169.jpeg 300w, https:\/\/lifeplatform.eu\/wp-content\/uploads\/2022\/02\/20171007_142447-1-scaled-1-1024x576.jpeg 1024w, https:\/\/lifeplatform.eu\/wp-content\/uploads\/2022\/02\/20171007_142447-1-scaled-1-1536x864.jpeg 1536w, https:\/\/lifeplatform.eu\/wp-content\/uploads\/2022\/02\/20171007_142447-1-scaled-1-2048x1152.jpeg 2048w\" sizes=\"auto, (max-width: 2560px) 100vw, 2560px\" \/>    \n        <\/div>\n    <!-- \/image-wrap -->\n    \n        <\/div>\n<!-- \/module image -->        <\/div>\n                        <\/div>\n        <\/div>\n                        <div  data-lazy=\"1\" class=\"module_row themify_builder_row tb_j9uc930 tf_w\">\n                        <div class=\"row_inner col_align_top tb_col_count_1 tf_box tf_rel\">\n                        <div  data-lazy=\"1\" class=\"module_column tb-column col-full tb_x5qu931 first\">\n                            <div  data-lazy=\"1\" class=\"module_subrow themify_builder_sub_row tf_w col_align_top tb_col_count_2 tb_nsoo932\">\n                <div  data-lazy=\"1\" class=\"module_column sub_column col2-1 tb_9bwy932 first\">\n                            <\/div>\n                    <div  data-lazy=\"1\" class=\"module_column sub_column col2-1 tb_h28u933 last\">\n                    <!-- module text -->\n<div  class=\"module module-text tb_l1p3173  repeat\" data-lazy=\"1\">\n        <div  class=\"tb_text_wrap\">\n        <h2>Proceso<\/h2>    <\/div>\n<\/div>\n<!-- \/module text -->        <\/div>\n                    <\/div>\n                <\/div>\n                        <\/div>\n        <\/div>\n                        <div  data-lazy=\"1\" class=\"module_row themify_builder_row tb_ga6c642 tf_w\">\n                        <div class=\"row_inner col_align_top tb_col_count_2 tf_box tf_rel\">\n                        <div  data-lazy=\"1\" class=\"module_column tb-column col2-1 tb_25dy643 first\">\n                    <!-- module image -->\n<div  class=\"module module-image tb_6sjy740 image-top   tf_mw\" data-lazy=\"1\">\n        <div class=\"image-wrap tf_rel tf_mw\">\n            <img loading=\"lazy\" decoding=\"async\" width=\"2560\" height=\"1707\" src=\"https:\/\/lifeplatform.eu\/wp-content\/uploads\/2022\/05\/DSCF9906-scaled.jpg\" class=\"wp-post-image wp-image-19830\" title=\"DSCF9906\" alt=\"DSCF9906\" srcset=\"https:\/\/lifeplatform.eu\/wp-content\/uploads\/2022\/05\/DSCF9906-scaled.jpg 2560w, https:\/\/lifeplatform.eu\/wp-content\/uploads\/2022\/05\/DSCF9906-1024x683-300x200.jpg 300w, https:\/\/lifeplatform.eu\/wp-content\/uploads\/2022\/05\/DSCF9906-1024x683.jpg 1024w, https:\/\/lifeplatform.eu\/wp-content\/uploads\/2022\/05\/DSCF9906-1024x683-299x200.jpg 299w\" sizes=\"auto, (max-width: 2560px) 100vw, 2560px\" \/>    \n        <\/div>\n    <!-- \/image-wrap -->\n    \n        <\/div>\n<!-- \/module image -->        <\/div>\n                    <div  data-lazy=\"1\" class=\"module_column tb-column col2-1 tb_mc6n644 last\">\n                    <!-- module text -->\n<div  class=\"module module-text tb_u5wt881\" data-lazy=\"1\">\n        <div  class=\"tb_text_wrap\">\n        <p>Quien quiera convertirse en organizaci\u00f3n miembro de LIFE deber\u00e1 presentar la solicitud por escrito a trav\u00e9s de <a href=\"https:\/\/lifeplatform.eu\/wp-content\/uploads\/2022\/02\/LIFE-Application-Form.doc\" target=\"_blank\" rel=\"noopener\">un cuestionario espec\u00edfico<\/a> y adjuntando los estatutos de la organizaci\u00f3n.<\/p>\n<p>Los miembros de la secretar\u00eda de LIFE responder\u00e1n e informar\u00e1n sobre el proceso de aprobaci\u00f3n de la solicitud y el plazo estimado.<\/p>    <\/div>\n<\/div>\n<!-- \/module text -->        <\/div>\n                        <\/div>\n        <\/div>\n                        <div  data-lazy=\"1\" class=\"module_row themify_builder_row tb_b7rs269 tf_w\">\n                        <div class=\"row_inner col_align_top tb_col_count_1 tf_box tf_rel\">\n                        <div  data-lazy=\"1\" class=\"module_column tb-column col-full tb_x4e5270 first\">\n                            <\/div>\n                        <\/div>\n        <\/div>\n        <\/div>\n<!--\/themify_builder_content-->","protected":false},"excerpt":{"rendered":"<p>\u00bfPor qu\u00e9 afiliarse? Afiliarse a LIFE le integra en una comunidad de pescadores artesanales que comparten los mismos valores, objetivos y retos, y que cooperan para garantizar un futuro mejor al sector. En s\u00f3lo 5 a\u00f1os, LIFE se ha convertido en una fuerza con la que luchar a nivel de la UE. La importancia de LIFE y [...]<\/p>","protected":false},"author":1,"featured_media":0,"parent":19315,"menu_order":0,"comment_status":"closed","ping_status":"closed","template":"","meta":{"give_campaign_id":0,"footnotes":""},"class_list":["post-19323","page","type-page","status-publish","hentry","has-post-title","has-post-date","has-post-category","has-post-tag","has-post-comment","has-post-author",""],"yoast_head":"<!-- This site is optimized with the Yoast SEO plugin v26.6 - https:\/\/yoast.com\/wordpress\/plugins\/seo\/ -->\n<title>Fishers - Life Platform<\/title>\n<meta name=\"robots\" content=\"index, follow, max-snippet:-1, max-image-preview:large, max-video-preview:-1\" \/>\n<link rel=\"canonical\" href=\"https:\/\/lifeplatform.eu\/es\/members\/fishers\/\" \/>\n<meta property=\"og:locale\" content=\"es_ES\" \/>\n<meta property=\"og:type\" content=\"article\" \/>\n<meta property=\"og:title\" content=\"Fishers - Life Platform\" \/>\n<meta property=\"og:description\" content=\"Why become a member organisation? Joining LIFE integrates you into a community of small-scale fishers who share the same values, goals and challenges, and who are cooperating to ensure a better future of the sector. In just 5 years, LIFE has become a force to contend with at EU level. The significance of LIFE and [&hellip;]\" \/>\n<meta property=\"og:url\" content=\"https:\/\/lifeplatform.eu\/es\/members\/fishers\/\" \/>\n<meta property=\"og:site_name\" content=\"Life Platform\" \/>\n<meta property=\"article:publisher\" content=\"https:\/\/www.facebook.com\/Low-Impact-Fishers-of-Europe-166393173503352\/?ref=hl\" \/>\n<meta property=\"article:modified_time\" content=\"2022-11-15T20:58:53+00:00\" \/>\n<meta property=\"og:image\" content=\"https:\/\/lifeplatform.eu\/wp-content\/uploads\/2022\/02\/thumbnail_image-1.png\" \/>\n<meta name=\"twitter:card\" content=\"summary_large_image\" \/>\n<meta name=\"twitter:site\" content=\"@LIFEplatformEU\" \/>\n<meta name=\"twitter:label1\" content=\"Tiempo de lectura\" \/>\n\t<meta name=\"twitter:data1\" content=\"2 minutos\" \/>\n<script type=\"application\/ld+json\" class=\"yoast-schema-graph\">{\"@context\":\"https:\/\/schema.org\",\"@graph\":[{\"@type\":\"WebPage\",\"@id\":\"https:\/\/lifeplatform.eu\/members\/fishers\/\",\"url\":\"https:\/\/lifeplatform.eu\/members\/fishers\/\",\"name\":\"Fishers - Life Platform\",\"isPartOf\":{\"@id\":\"https:\/\/lifeplatform.eu\/ro\/#website\"},\"primaryImageOfPage\":{\"@id\":\"https:\/\/lifeplatform.eu\/members\/fishers\/#primaryimage\"},\"image\":{\"@id\":\"https:\/\/lifeplatform.eu\/members\/fishers\/#primaryimage\"},\"thumbnailUrl\":\"https:\/\/lifeplatform.eu\/wp-content\/uploads\/2022\/02\/thumbnail_image-1.png\",\"datePublished\":\"2021-08-26T10:48:37+00:00\",\"dateModified\":\"2022-11-15T20:58:53+00:00\",\"breadcrumb\":{\"@id\":\"https:\/\/lifeplatform.eu\/members\/fishers\/#breadcrumb\"},\"inLanguage\":\"es\",\"potentialAction\":[{\"@type\":\"ReadAction\",\"target\":[\"https:\/\/lifeplatform.eu\/members\/fishers\/\"]}]},{\"@type\":\"ImageObject\",\"inLanguage\":\"es\",\"@id\":\"https:\/\/lifeplatform.eu\/members\/fishers\/#primaryimage\",\"url\":\"https:\/\/lifeplatform.eu\/wp-content\/uploads\/2022\/02\/thumbnail_image-1.png\",\"contentUrl\":\"https:\/\/lifeplatform.eu\/wp-content\/uploads\/2022\/02\/thumbnail_image-1.png\"},{\"@type\":\"BreadcrumbList\",\"@id\":\"https:\/\/lifeplatform.eu\/members\/fishers\/#breadcrumb\",\"itemListElement\":[{\"@type\":\"ListItem\",\"position\":1,\"name\":\"Home\",\"item\":\"https:\/\/lifeplatform.eu\/\"},{\"@type\":\"ListItem\",\"position\":2,\"name\":\"Members\",\"item\":\"https:\/\/lifeplatform.eu\/members\/\"},{\"@type\":\"ListItem\",\"position\":3,\"name\":\"Fishers\"}]},{\"@type\":\"WebSite\",\"@id\":\"https:\/\/lifeplatform.eu\/ro\/#website\",\"url\":\"https:\/\/lifeplatform.eu\/ro\/\",\"name\":\"Life Platform\",\"description\":\"\",\"potentialAction\":[{\"@type\":\"SearchAction\",\"target\":{\"@type\":\"EntryPoint\",\"urlTemplate\":\"https:\/\/lifeplatform.eu\/ro\/?s={search_term_string}\"},\"query-input\":{\"@type\":\"PropertyValueSpecification\",\"valueRequired\":true,\"valueName\":\"search_term_string\"}}],\"inLanguage\":\"es\"}]}<\/script>\n<!-- \/ Yoast SEO plugin. -->","yoast_head_json":{"title":"Pescadores - Plataforma de vida","robots":{"index":"index","follow":"follow","max-snippet":"max-snippet:-1","max-image-preview":"max-image-preview:large","max-video-preview":"max-video-preview:-1"},"canonical":"https:\/\/lifeplatform.eu\/es\/members\/fishers\/","og_locale":"es_ES","og_type":"article","og_title":"Fishers - Life Platform","og_description":"Why become a member organisation? Joining LIFE integrates you into a community of small-scale fishers who share the same values, goals and challenges, and who are cooperating to ensure a better future of the sector. In just 5 years, LIFE has become a force to contend with at EU level. The significance of LIFE and [&hellip;]","og_url":"https:\/\/lifeplatform.eu\/es\/members\/fishers\/","og_site_name":"Life Platform","article_publisher":"https:\/\/www.facebook.com\/Low-Impact-Fishers-of-Europe-166393173503352\/?ref=hl","article_modified_time":"2022-11-15T20:58:53+00:00","og_image":[{"url":"https:\/\/lifeplatform.eu\/wp-content\/uploads\/2022\/02\/thumbnail_image-1.png","type":"","width":"","height":""}],"twitter_card":"summary_large_image","twitter_site":"@LIFEplatformEU","twitter_misc":{"Tiempo de lectura":"2 minutos"},"schema":{"@context":"https:\/\/schema.org","@graph":[{"@type":"WebPage","@id":"https:\/\/lifeplatform.eu\/members\/fishers\/","url":"https:\/\/lifeplatform.eu\/members\/fishers\/","name":"Pescadores - Plataforma de vida","isPartOf":{"@id":"https:\/\/lifeplatform.eu\/ro\/#website"},"primaryImageOfPage":{"@id":"https:\/\/lifeplatform.eu\/members\/fishers\/#primaryimage"},"image":{"@id":"https:\/\/lifeplatform.eu\/members\/fishers\/#primaryimage"},"thumbnailUrl":"https:\/\/lifeplatform.eu\/wp-content\/uploads\/2022\/02\/thumbnail_image-1.png","datePublished":"2021-08-26T10:48:37+00:00","dateModified":"2022-11-15T20:58:53+00:00","breadcrumb":{"@id":"https:\/\/lifeplatform.eu\/members\/fishers\/#breadcrumb"},"inLanguage":"es","potentialAction":[{"@type":"ReadAction","target":["https:\/\/lifeplatform.eu\/members\/fishers\/"]}]},{"@type":"ImageObject","inLanguage":"es","@id":"https:\/\/lifeplatform.eu\/members\/fishers\/#primaryimage","url":"https:\/\/lifeplatform.eu\/wp-content\/uploads\/2022\/02\/thumbnail_image-1.png","contentUrl":"https:\/\/lifeplatform.eu\/wp-content\/uploads\/2022\/02\/thumbnail_image-1.png"},{"@type":"BreadcrumbList","@id":"https:\/\/lifeplatform.eu\/members\/fishers\/#breadcrumb","itemListElement":[{"@type":"ListItem","position":1,"name":"Home","item":"https:\/\/lifeplatform.eu\/"},{"@type":"ListItem","position":2,"name":"Members","item":"https:\/\/lifeplatform.eu\/members\/"},{"@type":"ListItem","position":3,"name":"Fishers"}]},{"@type":"WebSite","@id":"https:\/\/lifeplatform.eu\/ro\/#website","url":"https:\/\/lifeplatform.eu\/ro\/","name":"Plataforma de la vida","description":"","potentialAction":[{"@type":"SearchAction","target":{"@type":"EntryPoint","urlTemplate":"https:\/\/lifeplatform.eu\/ro\/?s={search_term_string}"},"query-input":{"@type":"PropertyValueSpecification","valueRequired":true,"valueName":"search_term_string"}}],"inLanguage":"es"}]}},"campaignId":"","_links":{"self":[{"href":"https:\/\/lifeplatform.eu\/es\/wp-json\/wp\/v2\/pages\/19323","targetHints":{"allow":["GET"]}}],"collection":[{"href":"https:\/\/lifeplatform.eu\/es\/wp-json\/wp\/v2\/pages"}],"about":[{"href":"https:\/\/lifeplatform.eu\/es\/wp-json\/wp\/v2\/types\/page"}],"author":[{"embeddable":true,"href":"https:\/\/lifeplatform.eu\/es\/wp-json\/wp\/v2\/users\/1"}],"replies":[{"embeddable":true,"href":"https:\/\/lifeplatform.eu\/es\/wp-json\/wp\/v2\/comments?post=19323"}],"version-history":[{"count":9,"href":"https:\/\/lifeplatform.eu\/es\/wp-json\/wp\/v2\/pages\/19323\/revisions"}],"predecessor-version":[{"id":19935,"href":"https:\/\/lifeplatform.eu\/es\/wp-json\/wp\/v2\/pages\/19323\/revisions\/19935"}],"up":[{"embeddable":true,"href":"https:\/\/lifeplatform.eu\/es\/wp-json\/wp\/v2\/pages\/19315"}],"wp:attachment":[{"href":"https:\/\/lifeplatform.eu\/es\/wp-json\/wp\/v2\/media?parent=19323"}],"curies":[{"name":"wp","href":"https:\/\/api.w.org\/{rel}","templated":true}]}}