{"id":19323,"date":"2021-08-26T10:48:37","date_gmt":"2021-08-26T10:48:37","guid":{"rendered":"https:\/\/alpha-dev.co.uk\/?page_id=18001"},"modified":"2022-11-15T20:58:53","modified_gmt":"2022-11-15T20:58:53","slug":"fishers","status":"publish","type":"page","link":"https:\/\/lifeplatform.eu\/de\/members\/fishers\/","title":{"rendered":"Fishers"},"content":{"rendered":"<!--themify_builder_content-->\n<div id=\"themify_builder_content-19323\" data-postid=\"19323\" class=\"themify_builder_content themify_builder_content-19323 themify_builder tf_clear\">\n                    <div  data-lazy=\"1\" class=\"module_row themify_builder_row tb_a4ch564 tb_first tf_w\">\n                        <div class=\"row_inner col_align_top tb_col_count_1 tf_box tf_rel\">\n                        <div  data-lazy=\"1\" class=\"module_column tb-column col-full tb_j1ky565 first\">\n                            <div  data-lazy=\"1\" class=\"module_subrow themify_builder_sub_row tf_w col_align_top tb_col_count_2 tb_5atz935\">\n                <div  data-lazy=\"1\" class=\"module_column sub_column col2-1 tb_ls7p936 first\">\n                    <!-- module text -->\n<div  class=\"module module-text tb_kx19765  repeat\" data-lazy=\"1\">\n        <div  class=\"tb_text_wrap\">\n        <h2>Warum eine Mitgliedsorganisation werden?<\/h2>    <\/div>\n<\/div>\n<!-- \/module text -->        <\/div>\n                    <div  data-lazy=\"1\" class=\"module_column sub_column col2-1 tb_txpn937 last\">\n                            <\/div>\n                    <\/div>\n                <\/div>\n                        <\/div>\n        <\/div>\n                        <div  data-lazy=\"1\" class=\"module_row themify_builder_row tb_nucv369 tf_w\">\n                        <div class=\"row_inner col_align_top tb_col_count_2 tf_box tf_rel\">\n                        <div  data-lazy=\"1\" class=\"module_column tb-column col2-1 tb_72ga372 first\">\n                    <!-- module text -->\n<div  class=\"module module-text tb_1kt7158\" data-lazy=\"1\">\n        <div  class=\"tb_text_wrap\">\n        <p><span style=\"font-weight: 400;\">Mit der Mitgliedschaft bei LIFE werden Sie Teil einer Gemeinschaft von Kleinfischern, die gemeinsam die <strong>die die gleichen Werte, Ziele und Herausforderungen haben und die zusammenarbeiten, um eine bessere Zukunft des Sektors zu gew\u00e4hrleisten.<\/strong><\/span><\/p>\n<p><span style=\"font-weight: 400;\">In nur f\u00fcnf Jahren hat sich LIFE zu einer ernstzunehmenden Gr\u00f6\u00dfe auf EU-Ebene entwickelt. Die Bedeutung von LIFE und die Wichtigkeit seiner Arbeit wird von den europ\u00e4ischen Institutionen und in den Kreisen der Fischereipolitik von Wissenschaftlern und anderen Interessenvertretern weitgehend anerkannt.<\/span><\/p>\n<p><strong>Wenn Sie sich uns anschlie\u00dfen, wird Ihre Organisation Teil einer europ\u00e4ischen Plattform von Kleinfischern mit geringen Auswirkungen, bei der Sie von einem professionellen Team von Mitarbeitern unterst\u00fctzt werden.\u00a0<\/strong><\/p>\n<p><span style=\"font-weight: 400;\">Im Rahmen von LIFE werden Sie aktiv in den europ\u00e4ischen Entscheidungsfindungsprozess einbezogen und erhalten st\u00e4ndige Beratung bei der Entwicklung von Politiken und Vorschriften, die Sie betreffen, und Unterst\u00fctzung bei der Umsetzung von L\u00f6sungen vor Ort.<\/span><\/p>    <\/div>\n<\/div>\n<!-- \/module text -->        <div  data-lazy=\"1\" class=\"module_subrow themify_builder_sub_row tf_w col_align_top tb_col_count_2 tb_ybhr30\">\n                <div  data-lazy=\"1\" class=\"module_column sub_column col2-1 tb_kcvw31 first\">\n                    <!-- module buttons -->\n<div  class=\"module module-buttons tb_jd97256 buttons-horizontal solid\" data-lazy=\"1\">\n        <div class=\"module-buttons-item tf_in_flx\">\n                        <a href=\"https:\/\/lifeplatform.eu\/wp-content\/uploads\/2022\/02\/LIFE-Statutes-Final.pdf\" class=\"ui builder_button tf_in_flx tb_default_color\" target=\"_blank\" rel=\"noopener\">\n                                                LIFEs Statuten                                        <\/a>\n                <\/div>\n            <\/div>\n<!-- \/module buttons -->\n        <\/div>\n                    <div  data-lazy=\"1\" class=\"module_column sub_column col2-1 tb_2tem32 last\">\n                    <!-- module buttons -->\n<div  class=\"module module-buttons tb_rrgb552 buttons-horizontal solid\" data-lazy=\"1\">\n        <div class=\"module-buttons-item tf_in_flx\">\n                        <a href=\"https:\/\/lifeplatform.eu\/wp-content\/uploads\/2022\/02\/LIFE-Internal-Rules-Final.pdf\" class=\"ui builder_button tf_in_flx tb_default_color\" target=\"_blank\" rel=\"noopener\">\n                                                LIFEs Gesch\u00e4ftsordnung                                        <\/a>\n                <\/div>\n            <\/div>\n<!-- \/module buttons -->\n        <\/div>\n                    <\/div>\n                <\/div>\n                    <div  data-lazy=\"1\" class=\"module_column tb-column col2-1 tb_osom373 last\">\n                    <!-- module image -->\n<div  class=\"module module-image tb_hef3597 image-top   tf_mw\" data-lazy=\"1\">\n        <div class=\"image-wrap tf_rel tf_mw\">\n            <img loading=\"lazy\" decoding=\"async\" width=\"1280\" height=\"962\" src=\"https:\/\/lifeplatform.eu\/wp-content\/uploads\/2022\/02\/thumbnail_image-1.png\" class=\"wp-post-image wp-image-19476\" title=\"thumbnail_image-1\" alt=\"thumbnail_image-1\" srcset=\"https:\/\/lifeplatform.eu\/wp-content\/uploads\/2022\/02\/thumbnail_image-1.png 1280w, https:\/\/lifeplatform.eu\/wp-content\/uploads\/2022\/02\/thumbnail_image-1-300x225.png 300w, https:\/\/lifeplatform.eu\/wp-content\/uploads\/2022\/02\/thumbnail_image-1-1024x770.png 1024w\" sizes=\"auto, (max-width: 1280px) 100vw, 1280px\" \/>    \n        <\/div>\n    <!-- \/image-wrap -->\n    \n        <\/div>\n<!-- \/module image -->        <\/div>\n                        <\/div>\n        <\/div>\n                        <div  data-lazy=\"1\" class=\"module_row themify_builder_row tb_vssn322 tf_w\">\n                        <div class=\"row_inner col_align_top tb_col_count_2 tf_box tf_rel\">\n                        <div  data-lazy=\"1\" class=\"module_column tb-column col2-1 tb_v0yt323 first\">\n                    <!-- module image -->\n<div  class=\"module module-image tb_p5j8456 image-top   tf_mw\" data-lazy=\"1\">\n        <div class=\"image-wrap tf_rel tf_mw\">\n            <img loading=\"lazy\" decoding=\"async\" width=\"2706\" height=\"1908\" src=\"https:\/\/lifeplatform.eu\/wp-content\/uploads\/2018\/03\/20170526_161814.jpg\" class=\"wp-post-image wp-image-10018\" title=\"_20170526_161814\" alt=\"_20170526_161814\" srcset=\"https:\/\/lifeplatform.eu\/wp-content\/uploads\/2018\/03\/20170526_161814.jpg 2706w, https:\/\/lifeplatform.eu\/wp-content\/uploads\/2018\/03\/20170526_161814-300x212.jpg 300w, https:\/\/lifeplatform.eu\/wp-content\/uploads\/2018\/03\/20170526_161814-1024x722.jpg 1024w\" sizes=\"auto, (max-width: 2706px) 100vw, 2706px\" \/>    \n        <\/div>\n    <!-- \/image-wrap -->\n    \n        <\/div>\n<!-- \/module image -->        <\/div>\n                    <div  data-lazy=\"1\" class=\"module_column tb-column col2-1 tb_q13m323 last\">\n                    <!-- module text -->\n<div  class=\"module module-text tb_4aw1502  repeat\" data-lazy=\"1\">\n        <div  class=\"tb_text_wrap\">\n        <h2>Anspruchsberechtigung und Erwartungen<\/h2>    <\/div>\n<\/div>\n<!-- \/module text --><!-- module text -->\n<div  class=\"module module-text tb_33le485\" data-lazy=\"1\">\n        <div  class=\"tb_text_wrap\">\n        <p>Wir laden Sie ein, LIFE beizutreten, wenn Sie:<\/p>\n<ul>\n<li style=\"font-weight: 400;\" aria-level=\"1\"><span style=\"font-weight: 400;\">Sie sind begeistert davon, Teil einer europaweiten Plattform zu sein, Ihre Erfahrungen, F\u00e4higkeiten und Ihr Wissen mit anderen Mitgliedern zu teilen, gemeinsam L\u00f6sungen zu entwickeln und Ihre Stimme der unseren hinzuzuf\u00fcgen.<\/span><\/li>\n<li style=\"font-weight: 400;\" aria-level=\"1\"><span style=\"font-weight: 400;\">Identifizieren Sie sich als kleine Fischereiorganisation mit geringer Auswirkung, die einen Fischereibetrieb betreibt und der Qualit\u00e4t den Vorrang vor Quantit\u00e4t gibt.<\/span><\/li>\n<li aria-level=\"1\">Zustimmen und unterst\u00fctzen Sie unsere\u00a0<a href=\"https:\/\/lifeplatform.eu\/de\/members\/fishers\/declaration-and-mission-statement\/\" target=\"_blank\" rel=\"noopener\">Erkl\u00e4rung &amp; Mission Statement<\/a><\/li>\n<\/ul>    <\/div>\n<\/div>\n<!-- \/module text -->        <\/div>\n                        <\/div>\n        <\/div>\n                        <div  data-lazy=\"1\" class=\"module_row themify_builder_row tb_qxtp336 tf_w\">\n                        <div class=\"row_inner col_align_top tb_col_count_2 tf_box tf_rel\">\n                        <div  data-lazy=\"1\" class=\"module_column tb-column col2-1 tb_w7aa337 first\">\n                    <!-- module text -->\n<div  class=\"module module-text tb_bwrl193  repeat\" data-lazy=\"1\">\n        <div  class=\"tb_text_wrap\">\n        <h2>Vorteile<\/h2>    <\/div>\n<\/div>\n<!-- \/module text --><!-- module text -->\n<div  class=\"module module-text tb_9aip949\" data-lazy=\"1\">\n        <div  class=\"tb_text_wrap\">\n        <p><span style=\"font-weight: 400;\">Als Mitglied werden Sie:<\/span><\/p>\n<ul>\n<li style=\"font-weight: 400;\" aria-level=\"1\"><span style=\"font-weight: 400;\">Sie haben die M\u00f6glichkeit, sich auf EU-Ebene Geh\u00f6r zu verschaffen und die Politik, die Sie betrifft, mitzubestimmen.\u00a0<\/span><\/li>\n<li style=\"font-weight: 400;\" aria-level=\"1\"><span style=\"font-weight: 400;\">Zugang zu den LIFE-Projekten und zur Teilnahme an den Aktivit\u00e4ten.<\/span><\/li>\n<li style=\"font-weight: 400;\" aria-level=\"1\"><span style=\"font-weight: 400;\">Treffen Sie sich mit gleichgesinnten Kleinfischern aus ganz Europa und tauschen Sie Ihre F\u00e4higkeiten, Kenntnisse und Erfahrungen mit ihnen aus. <\/span><\/li>\n<\/ul>    <\/div>\n<\/div>\n<!-- \/module text -->        <\/div>\n                    <div  data-lazy=\"1\" class=\"module_column tb-column col2-1 tb_yjqd337 last\">\n                    <!-- module image -->\n<div  class=\"module module-image tb_tiyn212 image-top   tf_mw\" data-lazy=\"1\">\n        <div class=\"image-wrap tf_rel tf_mw\">\n            <img loading=\"lazy\" decoding=\"async\" width=\"2560\" height=\"1440\" src=\"https:\/\/lifeplatform.eu\/wp-content\/uploads\/2022\/02\/20171007_142447-1-scaled-1.jpeg\" class=\"wp-post-image wp-image-19478\" title=\"20171007_142447-1-scaled\" alt=\"20171007_142447-1-scaled\" srcset=\"https:\/\/lifeplatform.eu\/wp-content\/uploads\/2022\/02\/20171007_142447-1-scaled-1.jpeg 2560w, https:\/\/lifeplatform.eu\/wp-content\/uploads\/2022\/02\/20171007_142447-1-scaled-1-300x169.jpeg 300w, https:\/\/lifeplatform.eu\/wp-content\/uploads\/2022\/02\/20171007_142447-1-scaled-1-1024x576.jpeg 1024w, https:\/\/lifeplatform.eu\/wp-content\/uploads\/2022\/02\/20171007_142447-1-scaled-1-1536x864.jpeg 1536w, https:\/\/lifeplatform.eu\/wp-content\/uploads\/2022\/02\/20171007_142447-1-scaled-1-2048x1152.jpeg 2048w\" sizes=\"auto, (max-width: 2560px) 100vw, 2560px\" \/>    \n        <\/div>\n    <!-- \/image-wrap -->\n    \n        <\/div>\n<!-- \/module image -->        <\/div>\n                        <\/div>\n        <\/div>\n                        <div  data-lazy=\"1\" class=\"module_row themify_builder_row tb_j9uc930 tf_w\">\n                        <div class=\"row_inner col_align_top tb_col_count_1 tf_box tf_rel\">\n                        <div  data-lazy=\"1\" class=\"module_column tb-column col-full tb_x5qu931 first\">\n                            <div  data-lazy=\"1\" class=\"module_subrow themify_builder_sub_row tf_w col_align_top tb_col_count_2 tb_nsoo932\">\n                <div  data-lazy=\"1\" class=\"module_column sub_column col2-1 tb_9bwy932 first\">\n                            <\/div>\n                    <div  data-lazy=\"1\" class=\"module_column sub_column col2-1 tb_h28u933 last\">\n                    <!-- module text -->\n<div  class=\"module module-text tb_l1p3173  repeat\" data-lazy=\"1\">\n        <div  class=\"tb_text_wrap\">\n        <h2>Prozess<\/h2>    <\/div>\n<\/div>\n<!-- \/module text -->        <\/div>\n                    <\/div>\n                <\/div>\n                        <\/div>\n        <\/div>\n                        <div  data-lazy=\"1\" class=\"module_row themify_builder_row tb_ga6c642 tf_w\">\n                        <div class=\"row_inner col_align_top tb_col_count_2 tf_box tf_rel\">\n                        <div  data-lazy=\"1\" class=\"module_column tb-column col2-1 tb_25dy643 first\">\n                    <!-- module image -->\n<div  class=\"module module-image tb_6sjy740 image-top   tf_mw\" data-lazy=\"1\">\n        <div class=\"image-wrap tf_rel tf_mw\">\n            <img loading=\"lazy\" decoding=\"async\" width=\"2560\" height=\"1707\" src=\"https:\/\/lifeplatform.eu\/wp-content\/uploads\/2022\/05\/DSCF9906-scaled.jpg\" class=\"wp-post-image wp-image-19830\" title=\"DSCF9906\" alt=\"DSCF9906\" srcset=\"https:\/\/lifeplatform.eu\/wp-content\/uploads\/2022\/05\/DSCF9906-scaled.jpg 2560w, https:\/\/lifeplatform.eu\/wp-content\/uploads\/2022\/05\/DSCF9906-1024x683-300x200.jpg 300w, https:\/\/lifeplatform.eu\/wp-content\/uploads\/2022\/05\/DSCF9906-1024x683.jpg 1024w, https:\/\/lifeplatform.eu\/wp-content\/uploads\/2022\/05\/DSCF9906-1024x683-299x200.jpg 299w\" sizes=\"auto, (max-width: 2560px) 100vw, 2560px\" \/>    \n        <\/div>\n    <!-- \/image-wrap -->\n    \n        <\/div>\n<!-- \/module image -->        <\/div>\n                    <div  data-lazy=\"1\" class=\"module_column tb-column col2-1 tb_mc6n644 last\">\n                    <!-- module text -->\n<div  class=\"module module-text tb_u5wt881\" data-lazy=\"1\">\n        <div  class=\"tb_text_wrap\">\n        <p>Wer eine Mitgliedsorganisation von LIFE werden m\u00f6chte, stellt den Antrag schriftlich \u00fcber <a href=\"https:\/\/lifeplatform.eu\/wp-content\/uploads\/2022\/02\/LIFE-Application-Form.doc\" target=\"_blank\" rel=\"noopener\">einen speziellen Fragebogen<\/a> und f\u00fcgen die Satzung der Organisation bei.<\/p>\n<p>Die Mitglieder des LIFE-Sekretariats w\u00fcrden antworten und \u00fcber das Verfahren zur Genehmigung des Antrags und den voraussichtlichen Zeitrahmen informieren.<\/p>    <\/div>\n<\/div>\n<!-- \/module text -->        <\/div>\n                        <\/div>\n        <\/div>\n                        <div  data-lazy=\"1\" class=\"module_row themify_builder_row tb_b7rs269 tf_w\">\n                        <div class=\"row_inner col_align_top tb_col_count_1 tf_box tf_rel\">\n                        <div  data-lazy=\"1\" class=\"module_column tb-column col-full tb_x4e5270 first\">\n                            <\/div>\n                        <\/div>\n        <\/div>\n        <\/div>\n<!--\/themify_builder_content-->","protected":false},"excerpt":{"rendered":"<p>Warum eine Mitgliedsorganisation werden? Durch Ihren Beitritt zu LIFE werden Sie Teil einer Gemeinschaft von Kleinfischern, die dieselben Werte, Ziele und Herausforderungen teilen und die zusammenarbeiten, um eine bessere Zukunft des Sektors zu gew\u00e4hrleisten. In nur 5 Jahren hat sich LIFE zu einer ernstzunehmenden Gr\u00f6\u00dfe auf EU-Ebene entwickelt. Die Bedeutung von LIFE und [...]<\/p>","protected":false},"author":1,"featured_media":0,"parent":19315,"menu_order":0,"comment_status":"closed","ping_status":"closed","template":"","meta":{"give_campaign_id":0,"footnotes":""},"class_list":["post-19323","page","type-page","status-publish","hentry","has-post-title","has-post-date","has-post-category","has-post-tag","has-post-comment","has-post-author",""],"yoast_head":"<!-- This site is optimized with the Yoast SEO plugin v26.6 - https:\/\/yoast.com\/wordpress\/plugins\/seo\/ -->\n<title>Fishers - Life Platform<\/title>\n<meta name=\"robots\" content=\"index, follow, max-snippet:-1, max-image-preview:large, max-video-preview:-1\" \/>\n<link rel=\"canonical\" href=\"https:\/\/lifeplatform.eu\/de\/members\/fishers\/\" \/>\n<meta property=\"og:locale\" content=\"de_DE\" \/>\n<meta property=\"og:type\" content=\"article\" \/>\n<meta property=\"og:title\" content=\"Fishers - Life Platform\" \/>\n<meta property=\"og:description\" content=\"Why become a member organisation? Joining LIFE integrates you into a community of small-scale fishers who share the same values, goals and challenges, and who are cooperating to ensure a better future of the sector. In just 5 years, LIFE has become a force to contend with at EU level. The significance of LIFE and [&hellip;]\" \/>\n<meta property=\"og:url\" content=\"https:\/\/lifeplatform.eu\/de\/members\/fishers\/\" \/>\n<meta property=\"og:site_name\" content=\"Life Platform\" \/>\n<meta property=\"article:publisher\" content=\"https:\/\/www.facebook.com\/Low-Impact-Fishers-of-Europe-166393173503352\/?ref=hl\" \/>\n<meta property=\"article:modified_time\" content=\"2022-11-15T20:58:53+00:00\" \/>\n<meta property=\"og:image\" content=\"https:\/\/lifeplatform.eu\/wp-content\/uploads\/2022\/02\/thumbnail_image-1.png\" \/>\n<meta name=\"twitter:card\" content=\"summary_large_image\" \/>\n<meta name=\"twitter:site\" content=\"@LIFEplatformEU\" \/>\n<meta name=\"twitter:label1\" content=\"Gesch\u00e4tzte Lesezeit\" \/>\n\t<meta name=\"twitter:data1\" content=\"2\u00a0Minuten\" \/>\n<script type=\"application\/ld+json\" class=\"yoast-schema-graph\">{\"@context\":\"https:\/\/schema.org\",\"@graph\":[{\"@type\":\"WebPage\",\"@id\":\"https:\/\/lifeplatform.eu\/members\/fishers\/\",\"url\":\"https:\/\/lifeplatform.eu\/members\/fishers\/\",\"name\":\"Fishers - Life Platform\",\"isPartOf\":{\"@id\":\"https:\/\/lifeplatform.eu\/ro\/#website\"},\"primaryImageOfPage\":{\"@id\":\"https:\/\/lifeplatform.eu\/members\/fishers\/#primaryimage\"},\"image\":{\"@id\":\"https:\/\/lifeplatform.eu\/members\/fishers\/#primaryimage\"},\"thumbnailUrl\":\"https:\/\/lifeplatform.eu\/wp-content\/uploads\/2022\/02\/thumbnail_image-1.png\",\"datePublished\":\"2021-08-26T10:48:37+00:00\",\"dateModified\":\"2022-11-15T20:58:53+00:00\",\"breadcrumb\":{\"@id\":\"https:\/\/lifeplatform.eu\/members\/fishers\/#breadcrumb\"},\"inLanguage\":\"de\",\"potentialAction\":[{\"@type\":\"ReadAction\",\"target\":[\"https:\/\/lifeplatform.eu\/members\/fishers\/\"]}]},{\"@type\":\"ImageObject\",\"inLanguage\":\"de\",\"@id\":\"https:\/\/lifeplatform.eu\/members\/fishers\/#primaryimage\",\"url\":\"https:\/\/lifeplatform.eu\/wp-content\/uploads\/2022\/02\/thumbnail_image-1.png\",\"contentUrl\":\"https:\/\/lifeplatform.eu\/wp-content\/uploads\/2022\/02\/thumbnail_image-1.png\"},{\"@type\":\"BreadcrumbList\",\"@id\":\"https:\/\/lifeplatform.eu\/members\/fishers\/#breadcrumb\",\"itemListElement\":[{\"@type\":\"ListItem\",\"position\":1,\"name\":\"Home\",\"item\":\"https:\/\/lifeplatform.eu\/\"},{\"@type\":\"ListItem\",\"position\":2,\"name\":\"Members\",\"item\":\"https:\/\/lifeplatform.eu\/members\/\"},{\"@type\":\"ListItem\",\"position\":3,\"name\":\"Fishers\"}]},{\"@type\":\"WebSite\",\"@id\":\"https:\/\/lifeplatform.eu\/ro\/#website\",\"url\":\"https:\/\/lifeplatform.eu\/ro\/\",\"name\":\"Life Platform\",\"description\":\"\",\"potentialAction\":[{\"@type\":\"SearchAction\",\"target\":{\"@type\":\"EntryPoint\",\"urlTemplate\":\"https:\/\/lifeplatform.eu\/ro\/?s={search_term_string}\"},\"query-input\":{\"@type\":\"PropertyValueSpecification\",\"valueRequired\":true,\"valueName\":\"search_term_string\"}}],\"inLanguage\":\"de\"}]}<\/script>\n<!-- \/ Yoast SEO plugin. -->","yoast_head_json":{"title":"Fishers - Lebensplattform","robots":{"index":"index","follow":"follow","max-snippet":"max-snippet:-1","max-image-preview":"max-image-preview:large","max-video-preview":"max-video-preview:-1"},"canonical":"https:\/\/lifeplatform.eu\/de\/members\/fishers\/","og_locale":"de_DE","og_type":"article","og_title":"Fishers - Life Platform","og_description":"Why become a member organisation? Joining LIFE integrates you into a community of small-scale fishers who share the same values, goals and challenges, and who are cooperating to ensure a better future of the sector. In just 5 years, LIFE has become a force to contend with at EU level. The significance of LIFE and [&hellip;]","og_url":"https:\/\/lifeplatform.eu\/de\/members\/fishers\/","og_site_name":"Life Platform","article_publisher":"https:\/\/www.facebook.com\/Low-Impact-Fishers-of-Europe-166393173503352\/?ref=hl","article_modified_time":"2022-11-15T20:58:53+00:00","og_image":[{"url":"https:\/\/lifeplatform.eu\/wp-content\/uploads\/2022\/02\/thumbnail_image-1.png","type":"","width":"","height":""}],"twitter_card":"summary_large_image","twitter_site":"@LIFEplatformEU","twitter_misc":{"Gesch\u00e4tzte Lesezeit":"2\u00a0Minuten"},"schema":{"@context":"https:\/\/schema.org","@graph":[{"@type":"WebPage","@id":"https:\/\/lifeplatform.eu\/members\/fishers\/","url":"https:\/\/lifeplatform.eu\/members\/fishers\/","name":"Fishers - Lebensplattform","isPartOf":{"@id":"https:\/\/lifeplatform.eu\/ro\/#website"},"primaryImageOfPage":{"@id":"https:\/\/lifeplatform.eu\/members\/fishers\/#primaryimage"},"image":{"@id":"https:\/\/lifeplatform.eu\/members\/fishers\/#primaryimage"},"thumbnailUrl":"https:\/\/lifeplatform.eu\/wp-content\/uploads\/2022\/02\/thumbnail_image-1.png","datePublished":"2021-08-26T10:48:37+00:00","dateModified":"2022-11-15T20:58:53+00:00","breadcrumb":{"@id":"https:\/\/lifeplatform.eu\/members\/fishers\/#breadcrumb"},"inLanguage":"de","potentialAction":[{"@type":"ReadAction","target":["https:\/\/lifeplatform.eu\/members\/fishers\/"]}]},{"@type":"ImageObject","inLanguage":"de","@id":"https:\/\/lifeplatform.eu\/members\/fishers\/#primaryimage","url":"https:\/\/lifeplatform.eu\/wp-content\/uploads\/2022\/02\/thumbnail_image-1.png","contentUrl":"https:\/\/lifeplatform.eu\/wp-content\/uploads\/2022\/02\/thumbnail_image-1.png"},{"@type":"BreadcrumbList","@id":"https:\/\/lifeplatform.eu\/members\/fishers\/#breadcrumb","itemListElement":[{"@type":"ListItem","position":1,"name":"Home","item":"https:\/\/lifeplatform.eu\/"},{"@type":"ListItem","position":2,"name":"Members","item":"https:\/\/lifeplatform.eu\/members\/"},{"@type":"ListItem","position":3,"name":"Fishers"}]},{"@type":"WebSite","@id":"https:\/\/lifeplatform.eu\/ro\/#website","url":"https:\/\/lifeplatform.eu\/ro\/","name":"Plattform Leben","description":"","potentialAction":[{"@type":"SearchAction","target":{"@type":"EntryPoint","urlTemplate":"https:\/\/lifeplatform.eu\/ro\/?s={search_term_string}"},"query-input":{"@type":"PropertyValueSpecification","valueRequired":true,"valueName":"search_term_string"}}],"inLanguage":"de"}]}},"campaignId":"","_links":{"self":[{"href":"https:\/\/lifeplatform.eu\/de\/wp-json\/wp\/v2\/pages\/19323","targetHints":{"allow":["GET"]}}],"collection":[{"href":"https:\/\/lifeplatform.eu\/de\/wp-json\/wp\/v2\/pages"}],"about":[{"href":"https:\/\/lifeplatform.eu\/de\/wp-json\/wp\/v2\/types\/page"}],"author":[{"embeddable":true,"href":"https:\/\/lifeplatform.eu\/de\/wp-json\/wp\/v2\/users\/1"}],"replies":[{"embeddable":true,"href":"https:\/\/lifeplatform.eu\/de\/wp-json\/wp\/v2\/comments?post=19323"}],"version-history":[{"count":9,"href":"https:\/\/lifeplatform.eu\/de\/wp-json\/wp\/v2\/pages\/19323\/revisions"}],"predecessor-version":[{"id":19935,"href":"https:\/\/lifeplatform.eu\/de\/wp-json\/wp\/v2\/pages\/19323\/revisions\/19935"}],"up":[{"embeddable":true,"href":"https:\/\/lifeplatform.eu\/de\/wp-json\/wp\/v2\/pages\/19315"}],"wp:attachment":[{"href":"https:\/\/lifeplatform.eu\/de\/wp-json\/wp\/v2\/media?parent=19323"}],"curies":[{"name":"wp","href":"https:\/\/api.w.org\/{rel}","templated":true}]}}